{"id":17054,"date":"2025-08-15T15:58:27","date_gmt":"2025-08-15T13:58:27","guid":{"rendered":"https:\/\/xoros-home.de\/?page_id=17054"},"modified":"2025-09-18T17:52:55","modified_gmt":"2025-09-18T15:52:55","slug":"privacy-policy-for-social-media-profiles","status":"publish","type":"page","link":"https:\/\/xoros-home.de\/en\/datenschutzerklaerung-fuer-social-media-profile\/","title":{"rendered":"Privacy policy for social media profiles"},"content":{"rendered":"<div style=\"height:100px\" aria-hidden=\"true\" class=\"wp-block-spacer\"><\/div>\n\n\n\n<p>With this data protection notice, we inform you about the processing of your personal data and about your rights as a data subject in the context of our presence on social networks. <\/p>\n\n\n\n<p>For all other processing of personal data, please refer to our general privacy policy at <a href=\"https:\/\/xoros-home.de\/en\/data-protection\/\">https:\/\/xoros-home.de\/datenschutz\/<\/a><\/p>\n\n\n\n<div style=\"height:50px\" aria-hidden=\"true\" class=\"wp-block-spacer\"><\/div>\n\n\n\n<h2 class=\"wp-block-heading\" id=\"1-verantwortlicher\">1. responsible person<\/h2>\n\n\n\n<p>Our social media presences are operated by<\/p>\n\n\n\n<p><strong>XOROS Home GmbH<\/strong><br>Glockengie\u00dferwall 2<br>20095 Hamburg<br>Germany<br><a href=\"mailto:info@xoros-home.de\">info@xoros-home.de<\/a><br>+49 40 853 77 201<br>represented by: Niels Gundermann, Frank Ehlers<\/p>\n\n\n\n<p>Data Protection Officer:<br>You can contact the person responsible for data protection in our organisation via <a href=\"mailto:info@xoros-home.de\">info@xoros-home.de<\/a> under the keyword \"Data protection\".<\/p>\n\n\n\n<div style=\"height:25px\" aria-hidden=\"true\" class=\"wp-block-spacer\"><\/div>\n\n\n\n<h2 class=\"wp-block-heading\" id=\"2-geltungsbereich\">2. scope of application<\/h2>\n\n\n\n<p>This privacy policy informs you about the type, scope and purpose of the processing of personal data when using the following social media profiles of our company:<\/p>\n\n\n\n<ul class=\"wp-block-list\">\n<li><strong>Facebook company account:<\/strong>&nbsp;We operate a Facebook company account. We do not write our own posts via our Facebook business account and do not interact with other Facebook users. However, we do place adverts on Facebook and also use lead forms to attract interested users to our offering. We use the Facebook Ad Manager for the technical management of advertising.<\/li>\n\n\n\n<li><strong>Instagram account<\/strong>: We run the two Instagram accounts <a href=\"https:\/\/www.instagram.com\/99cubes.de\/\" target=\"_blank\" rel=\"noreferrer noopener\">instagram.com\/99cubes.com\/<\/a> and <a href=\"https:\/\/www.instagram.com\/xoros_home_de\/\" target=\"_blank\" rel=\"noreferrer noopener\">instagram.com\/xoros_home_en\/<\/a> and actively use them for posts, stories, reels and adverts, interact with other users and use lead forms to attract interested users to our offering.<\/li>\n\n\n\n<li><strong>Youtube channel:<\/strong> We operate the YouTube channel <a href=\"https:\/\/www.youtube.com\/@99cubes-de\" target=\"_blank\" rel=\"noreferrer noopener\">youtube.com\/@99cubes-en<\/a> and use it to publish videos to inform about our services and provide general information via video.<\/li>\n\n\n\n<li><strong>LinkedIn:<\/strong> We have a presence on LinkedIn at <a href=\"https:\/\/www.linkedin.com\/company\/xoros-home\/\" target=\"_blank\" rel=\"noreferrer noopener\">linkedin.com\/company\/xoros-home\/<\/a> and use it to present the company, for contributions and for interaction with other users.<\/li>\n<\/ul>\n\n\n\n<p>We are jointly responsible for the operation of our Facebook and Instagram accounts with Meta Platforms Ireland Limited (Block J, Serpentine Avenue, Dublin 4, Ireland, hereinafter: \"Meta\") within the meaning of Art. 26 GDPR. Further information on data processing by Meta and the contact details of the responsible persons at Meta can be found in Meta's privacy policy at&nbsp;<a href=\"https:\/\/www.facebook.com\/about\/privacy\" target=\"_blank\" rel=\"noreferrer noopener\">facebook.com\/about\/privacy<\/a>.<\/p>\n\n\n\n<p>The provider of YouTube is Google Ireland Limited, Gordon House, Barrow Street, Dublin 4, Ireland. Information on the processing of personal data by the provider can be found in the privacy policy at the following link:&nbsp;<a href=\"https:\/\/policies.google.com\/privacy\" target=\"_blank\" rel=\"noopener\">https:\/\/policies.google.com\/privacy<\/a>.<\/p>\n\n\n\n<p>The provider of LinkedIn is LinkedIn Ireland Unlimited Company, Wilton Place, Dublin 2, Ireland. Information on the processing of personal data by LinkedIn can be found in the privacy policy at the following link:&nbsp;<a href=\"https:\/\/www.linkedin.com\/legal\/privacy-policy\" target=\"_blank\" rel=\"noopener\">https:\/\/www.linkedin.com\/legal\/privacy-policy<\/a>.<\/p>\n\n\n\n<div style=\"height:25px\" aria-hidden=\"true\" class=\"wp-block-spacer\"><\/div>\n\n\n\n<h2 class=\"wp-block-heading\" id=\"3-gemeinsame-verantwortlichkeit-mit-meta\">3. joint responsibility with Meta<\/h2>\n\n\n\n<p>Meta provides the Facebook and Instagram platforms and processes users' personal data. There is joint responsibility for certain processing (page insights, lead forms, etc.).<br>The agreement on joint responsibility (\"Page Insights Controller Addendum\") can be found here:<br><a href=\"https:\/\/www.facebook.com\/legal\/terms\/page_controller_addendum\" target=\"_blank\" rel=\"noreferrer noopener\">https:\/\/www.facebook.com\/legal\/terms\/page_controller_addendum<\/a><\/p>\n\n\n\n<p>Meta assumes primary responsibility for the processing of personal data in connection with the platform services; we receive anonymised statistics on access to our pages.<\/p>\n\n\n\n<div style=\"height:25px\" aria-hidden=\"true\" class=\"wp-block-spacer\"><\/div>\n\n\n\n<h2 class=\"wp-block-heading\" id=\"4-datenverarbeitung-auf-facebook-ad-manager\">4. data processing on Facebook<\/h2>\n\n\n\n<p>We operate our Facebook company account for the placement and management of adverts. Apart from adverts, we do not publish any posts, comments, images or videos on Facebook. We or Meta process the following data in particular::<\/p>\n\n\n\n<ul class=\"wp-block-list\">\n<li><strong>Interactions:<\/strong>&nbsp;Comments, likes, direct messages in the context of our adverts<\/li>\n\n\n\n<li><strong>Content:<\/strong>&nbsp;Images, stories, reels, texts published by us in the context of advertisements<\/li>\n\n\n\n<li><strong>Usage data:<\/strong>&nbsp;Call statistics for the adverts<\/li>\n\n\n\n<li><strong>Lead forms:<\/strong>&nbsp;If you fill out a form via corresponding adverts or our profile, we will receive the data provided there (name, e-mail address, telephone number, possibly other voluntary information).<\/li>\n<\/ul>\n\n\n\n<p><strong>Purposes of the processing:<\/strong><\/p>\n\n\n\n<ul class=\"wp-block-list\">\n<li>Answering enquiries<\/li>\n\n\n\n<li>Realisation of advertising measures<\/li>\n\n\n\n<li>Analysing the range<\/li>\n\n\n\n<li>Acquisition of interested parties (leads)<\/li>\n<\/ul>\n\n\n\n<p><br><strong>Legal bases:<\/strong>&nbsp;<\/p>\n\n\n\n<ul class=\"wp-block-list\">\n<li>Art. 6 para. 1 lit. a GDPR (consent for lead forms)<\/li>\n\n\n\n<li>Art. 6 para. 1 lit. b GDPR (pre-contractual enquiries)<\/li>\n\n\n\n<li>Art. 6 para. 1 lit. f GDPR (public relations, marketing)<\/li>\n<\/ul>\n\n\n\n<div style=\"height:25px\" aria-hidden=\"true\" class=\"wp-block-spacer\"><\/div>\n\n\n\n<h2 class=\"wp-block-heading\" id=\"5-datenverarbeitung-auf-instagram\">5. data processing on Instagram<\/h2>\n\n\n\n<p>We operate our Instagram accounts for company presentation, customer communication and advertising. We or Meta process the following data in particular:<\/p>\n\n\n\n<ul class=\"wp-block-list\">\n<li><strong>Interactions:<\/strong>&nbsp;Comments, likes, direct messages<\/li>\n\n\n\n<li><strong>Content:<\/strong>&nbsp;pictures, stories, reels, texts published by us<\/li>\n\n\n\n<li><strong>Usage data:<\/strong>&nbsp;Call statistics (\"Instagram Insights\")<\/li>\n\n\n\n<li><strong>Lead forms:<\/strong>&nbsp;If you fill out a form via corresponding adverts or our profile, we will receive the data provided there (name, e-mail address, telephone number, possibly other voluntary information).<\/li>\n<\/ul>\n\n\n\n<p><strong>Purposes of the processing:<\/strong><\/p>\n\n\n\n<ul class=\"wp-block-list\">\n<li>Answering enquiries<\/li>\n\n\n\n<li>Realisation of advertising measures<\/li>\n\n\n\n<li>Analysing the range<\/li>\n\n\n\n<li>Acquisition of interested parties (leads)<\/li>\n<\/ul>\n\n\n\n<p><strong>Legal bases:<\/strong><\/p>\n\n\n\n<ul class=\"wp-block-list\">\n<li>Art. 6 para. 1 lit. a GDPR (consent for lead forms)<\/li>\n\n\n\n<li>Art. 6 para. 1 lit. b GDPR (pre-contractual enquiries)<\/li>\n\n\n\n<li>Art. 6 para. 1 lit. f GDPR (public relations, marketing)<\/li>\n<\/ul>\n\n\n\n<div style=\"height:25px\" aria-hidden=\"true\" class=\"wp-block-spacer\"><\/div>\n\n\n\n<h2 class=\"wp-block-heading\" id=\"6-hinweise-zu-leadformularen\">6. notes on lead forms<\/h2>\n\n\n\n<p>If you fill out a lead form via Facebook or Instagram, your data will only be transmitted to us after you have actively given your consent to the use of your data.<br>We use the data exclusively for the purpose stated in the form (e.g. sending offers, flyers and price lists).<\/p>\n\n\n\n<div style=\"height:25px\" aria-hidden=\"true\" class=\"wp-block-spacer\"><\/div>\n\n\n\n<h2 class=\"wp-block-heading\" id=\"7-hubspot\">7. use of Hubspot as a CRM system<\/h2>\n\n\n\n<p>We use the Hubspot CRM system to manage and process contact data collected via lead forms. HubSpot is a software company from the USA with a branch in Ireland as its European headquarters. Contact: Dublin (European HQ) 1 Sir John Rogerson's Quay, Dublin 2, Ireland, Phone: +353 1 518 7500. <\/p>\n\n\n\n<p>The data entered in the lead forms is transferred to Hubspot and stored and processed there for the purpose of establishing contact, processing your enquiry and carrying out marketing and sales activities. <\/p>\n\n\n\n<p>Further information can be found in Hubspot's privacy policy:&nbsp;<a rel=\"noreferrer noopener\" target=\"_blank\" href=\"https:\/\/legal.hubspot.com\/de\/privacy-policy\">https:\/\/legal.hubspot.com\/de\/privacy-policy<\/a><\/p>\n\n\n\n<p><strong>Legal bases: <\/strong><\/p>\n\n\n\n<ul class=\"wp-block-list\">\n<li>Art. 6 para. 1 lit. a GDPR (consent)<\/li>\n\n\n\n<li>Art. 6 para. 1 lit. b (pre-contractual measures)<\/li>\n\n\n\n<li>Art. 6 para. 1 lit. f (legitimate interest in efficient customer management and marketing).<\/li>\n<\/ul>\n\n\n\n<div style=\"height:25px\" aria-hidden=\"true\" class=\"wp-block-spacer\"><\/div>\n\n\n\n<h2 class=\"wp-block-heading\" id=\"8-datenbermittlung-in-drittlnder\">8. data transfer to third countries<\/h2>\n\n\n\n<p>Some of the services and social media providers we use also process data outside the EU, in particular in the USA. Standard contractual clauses of the EU Commission apply to these transfers as a suitable guarantee of compliance with the level of data protection.<\/p>\n\n\n\n<div style=\"height:25px\" aria-hidden=\"true\" class=\"wp-block-spacer\"><\/div>\n\n\n\n<h2 class=\"wp-block-heading\" id=\"9-ihre-rechte-als-betroffene-person\">9. your rights as a data subject<\/h2>\n\n\n\n<p>You have the following rights vis-\u00e0-vis us:<\/p>\n\n\n\n<ul class=\"wp-block-list\">\n<li>Information about your stored data (Art. 15 GDPR)<\/li>\n\n\n\n<li>Rectification (Art. 16 GDPR)<\/li>\n\n\n\n<li>Erasure (Art. 17 GDPR)<\/li>\n\n\n\n<li>Restriction of processing (Art. 18 GDPR)<\/li>\n\n\n\n<li>Data portability (Art. 20 GDPR)<\/li>\n\n\n\n<li>Objection to processing operations (Art. 21 GDPR)<\/li>\n\n\n\n<li>Right to lodge a complaint with a supervisory authority<\/li>\n<\/ul>\n\n\n\n<p>Please note: Most of the data processing is carried out by the providers we use themselves. You can therefore assert your rights directly against the providers we use.<\/p>\n\n\n\n<div style=\"height:25px\" aria-hidden=\"true\" class=\"wp-block-spacer\"><\/div>\n\n\n\n<p><strong>Stand:<\/strong>&nbsp;20.08.2025<\/p>\n\n\n\n<div style=\"height:100px\" aria-hidden=\"true\" class=\"wp-block-spacer\"><\/div>","protected":false},"excerpt":{"rendered":"<p>Mit diesen Datenschutzhinweisen informieren wir Sie \u00fcber die Verarbeitung Ihrer personenbezogenen Daten und \u00fcber Ihre Rechte als betroffene Person im Rahmen unserer Auftritte in sozialen Netzwerken. F\u00fcr alle anderweitigen Verarbeitungen personenbezogener Daten verweisen wir auf unsere allgemeine Datenschutzerkl\u00e4rung unter https:\/\/xoros-home.de\/datenschutz\/ 1. Verantwortlicher Unsere Auftritte in sozialen Medien werden betrieben von XOROS Home GmbHGlockengie\u00dferwall 220095 HamburgDeutschlandinfo@xoros-home.de+49 [&hellip;]<\/p>\n","protected":false},"author":6,"featured_media":0,"parent":0,"menu_order":0,"comment_status":"closed","ping_status":"closed","template":"","meta":{"content-type":"","inline_featured_image":false,"footnotes":""},"class_list":["post-17054","page","type-page","status-publish","hentry"],"_links":{"self":[{"href":"https:\/\/xoros-home.de\/en\/wp-json\/wp\/v2\/pages\/17054","targetHints":{"allow":["GET"]}}],"collection":[{"href":"https:\/\/xoros-home.de\/en\/wp-json\/wp\/v2\/pages"}],"about":[{"href":"https:\/\/xoros-home.de\/en\/wp-json\/wp\/v2\/types\/page"}],"author":[{"embeddable":true,"href":"https:\/\/xoros-home.de\/en\/wp-json\/wp\/v2\/users\/6"}],"replies":[{"embeddable":true,"href":"https:\/\/xoros-home.de\/en\/wp-json\/wp\/v2\/comments?post=17054"}],"version-history":[{"count":11,"href":"https:\/\/xoros-home.de\/en\/wp-json\/wp\/v2\/pages\/17054\/revisions"}],"predecessor-version":[{"id":17101,"href":"https:\/\/xoros-home.de\/en\/wp-json\/wp\/v2\/pages\/17054\/revisions\/17101"}],"wp:attachment":[{"href":"https:\/\/xoros-home.de\/en\/wp-json\/wp\/v2\/media?parent=17054"}],"curies":[{"name":"wp","href":"https:\/\/api.w.org\/{rel}","templated":true}]}}