{"id":50,"date":"2021-12-09T10:22:39","date_gmt":"2021-12-09T09:22:39","guid":{"rendered":"http:\/\/xoros-home.de.dedi5284.your-server.de\/?page_id=50"},"modified":"2025-06-19T10:49:21","modified_gmt":"2025-06-19T08:49:21","slug":"contact","status":"publish","type":"page","link":"https:\/\/xoros-home.de\/en\/kontakt\/","title":{"rendered":"Contact"},"content":{"rendered":"<div data-elementor-type=\"wp-page\" data-elementor-id=\"50\" class=\"elementor elementor-50\" data-elementor-settings=\"{&quot;ha_cmc_init_switcher&quot;:&quot;no&quot;}\" data-elementor-post-type=\"page\">\n\t\t\t\t\t\t<section class=\"elementor-section elementor-top-section elementor-element elementor-element-92984ff elementor-section-boxed elementor-section-height-default elementor-section-height-default\" data-id=\"92984ff\" data-element_type=\"section\" data-e-type=\"section\" data-settings=\"{&quot;background_background&quot;:&quot;classic&quot;}\">\n\t\t\t\t\t\t<div class=\"elementor-container elementor-column-gap-default\">\n\t\t\t\t\t<div class=\"elementor-column elementor-col-25 elementor-top-column elementor-element elementor-element-b6244cb\" data-id=\"b6244cb\" data-element_type=\"column\" data-e-type=\"column\">\n\t\t\t<div class=\"elementor-widget-wrap elementor-element-populated\">\n\t\t\t\t\t\t<div class=\"elementor-element elementor-element-9de6357 elementor-hidden-desktop elementor-hidden-tablet elementor-widget elementor-widget-image\" data-id=\"9de6357\" data-element_type=\"widget\" data-e-type=\"widget\" data-widget_type=\"image.default\">\n\t\t\t\t<div class=\"elementor-widget-container\">\n\t\t\t\t\t\t\t\t\t\t\t\t\t\t\t<img fetchpriority=\"high\" decoding=\"async\" width=\"657\" height=\"624\" src=\"https:\/\/xoros-home.de\/wp-content\/uploads\/2021\/12\/Xoros-Kontakt.png\" class=\"attachment-large size-large wp-image-2090\" alt=\"XOROS Home Contact\" srcset=\"https:\/\/xoros-home.de\/wp-content\/uploads\/2021\/12\/Xoros-Kontakt.png 657w, https:\/\/xoros-home.de\/wp-content\/uploads\/2021\/12\/Xoros-Kontakt-600x570.png 600w, https:\/\/xoros-home.de\/wp-content\/uploads\/2021\/12\/Xoros-Kontakt-300x285.png 300w\" sizes=\"(max-width: 657px) 100vw, 657px\" \/>\t\t\t\t\t\t\t\t\t\t\t\t\t\t\t<\/div>\n\t\t\t\t<\/div>\n\t\t\t\t\t<\/div>\n\t\t<\/div>\n\t\t\t\t<div class=\"elementor-column elementor-col-25 elementor-top-column elementor-element elementor-element-801d4d0\" data-id=\"801d4d0\" data-element_type=\"column\" data-e-type=\"column\">\n\t\t\t<div class=\"elementor-widget-wrap elementor-element-populated\">\n\t\t\t\t\t\t<div class=\"elementor-element elementor-element-4f5f40b elementor-widget elementor-widget-heading\" data-id=\"4f5f40b\" data-element_type=\"widget\" data-e-type=\"widget\" data-widget_type=\"heading.default\">\n\t\t\t\t<div class=\"elementor-widget-container\">\n\t\t\t\t\t<h2 class=\"elementor-heading-title elementor-size-default\">Contact now<\/h2>\t\t\t\t<\/div>\n\t\t\t\t<\/div>\n\t\t\t\t<div class=\"elementor-element elementor-element-cf5e860 elementor-widget elementor-widget-text-editor\" data-id=\"cf5e860\" data-element_type=\"widget\" data-e-type=\"widget\" data-widget_type=\"text-editor.default\">\n\t\t\t\t<div class=\"elementor-widget-container\">\n\t\t\t\t\t\t\t\t\t<p>Do you have any questions or would you like some advice? We look forward to hearing from you. Get in touch right away. Our team will get back to you within 48 hours.<\/p>\t\t\t\t\t\t\t\t<\/div>\n\t\t\t\t<\/div>\n\t\t\t\t<div class=\"elementor-element elementor-element-3cdb780 elementor-widget elementor-widget-shortcode\" data-id=\"3cdb780\" data-element_type=\"widget\" data-e-type=\"widget\" data-widget_type=\"shortcode.default\">\n\t\t\t\t<div class=\"elementor-widget-container\">\n\t\t\t\t\t\t\t<div class=\"elementor-shortcode\">\n<div class=\"wpcf7 no-js\" id=\"wpcf7-f12579-o1\" lang=\"de-DE\" dir=\"ltr\" data-wpcf7-id=\"12579\">\n<div class=\"screen-reader-response\"><p role=\"status\" aria-live=\"polite\" aria-atomic=\"true\"><\/p> <ul><\/ul><\/div>\n<form action=\"\/en\/wp-json\/wp\/v2\/pages\/50#wpcf7-f12579-o1\" method=\"post\" class=\"wpcf7-form init\" aria-label=\"Contact form\" novalidate=\"novalidate\" data-status=\"init\" data-trp-original-action=\"\/en\/wp-json\/wp\/v2\/pages\/50#wpcf7-f12579-o1\">\n<fieldset class=\"hidden-fields-container\"><input type=\"hidden\" name=\"_wpcf7\" value=\"12579\" \/><input type=\"hidden\" name=\"_wpcf7_version\" value=\"6.1.5\" \/><input type=\"hidden\" name=\"_wpcf7_locale\" value=\"de_DE\" \/><input type=\"hidden\" name=\"_wpcf7_unit_tag\" value=\"wpcf7-f12579-o1\" \/><input type=\"hidden\" name=\"_wpcf7_container_post\" value=\"0\" \/><input type=\"hidden\" name=\"_wpcf7_posted_data_hash\" value=\"\" \/>\n<\/fieldset>\n<input class=\"wpcf7-form-control wpcf7-hidden\" value=\"20\" type=\"hidden\" name=\"amount\" \/>\n<div class=\"xoros-cf-row\">\n\t<div class=\"xoros-cf-col-50\">\n\t\t<p><span class=\"wpcf7-form-control-wrap\" data-name=\"vorname-301\"><input size=\"40\" maxlength=\"400\" class=\"wpcf7-form-control wpcf7-text wpcf7-validates-as-required\" aria-required=\"true\" aria-invalid=\"false\" placeholder=\"First name\" value=\"\" type=\"text\" name=\"vorname-301\" \/><\/span>\n\t\t<\/p>\n\t<\/div>\n\t<div class=\"xoros-cf-col-50\">\n\t\t<p><span class=\"wpcf7-form-control-wrap\" data-name=\"nachname-305\"><input size=\"40\" maxlength=\"400\" class=\"wpcf7-form-control wpcf7-text wpcf7-validates-as-required\" aria-required=\"true\" aria-invalid=\"false\" placeholder=\"Last name\" value=\"\" type=\"text\" name=\"nachname-305\" \/><\/span>\n\t\t<\/p>\n\t<\/div>\n<\/div>\n<div class=\"xoros-cf-row\">\n\t<div class=\"xoros-cf-col-100\">\n\t\t<p><span class=\"wpcf7-form-control-wrap\" data-name=\"email-318\"><input size=\"40\" maxlength=\"400\" class=\"wpcf7-form-control wpcf7-email wpcf7-validates-as-required wpcf7-text wpcf7-validates-as-email\" aria-required=\"true\" aria-invalid=\"false\" placeholder=\"Email address\" value=\"\" type=\"email\" name=\"email-318\" \/><\/span>\n\t\t<\/p>\n\t<\/div>\n<\/div>\n<div class=\"xoros-cf-row\">\n\t<div class=\"xoros-cf-col-100\">\n\t\t<p><span class=\"wpcf7-form-control-wrap\" data-name=\"tel-396\"><input size=\"40\" maxlength=\"400\" class=\"wpcf7-form-control wpcf7-tel wpcf7-text wpcf7-validates-as-tel\" aria-invalid=\"false\" placeholder=\"Telephone number\" value=\"\" type=\"tel\" name=\"tel-396\" \/><\/span>\n\t\t<\/p>\n\t<\/div>\n<\/div>\n<div class=\"xoros-cf-row\">\n\t<div class=\"xoros-cf-col-100\">\n\t\t<p><span class=\"wpcf7-form-control-wrap\" data-name=\"textarea-140\"><textarea cols=\"40\" rows=\"10\" maxlength=\"2000\" class=\"wpcf7-form-control wpcf7-textarea\" aria-invalid=\"false\" placeholder=\"Message\" name=\"textarea-140\"><\/textarea><\/span>\n\t\t<\/p>\n\t<\/div>\n<\/div>\n<div class=\"xoros-cf-row\">\n\t<div class=\"xoros-cf-col-100\">\n\t\t<p><span class=\"wpcf7-form-control-wrap\" data-name=\"acceptance-759\"><span class=\"wpcf7-form-control wpcf7-acceptance\"><span class=\"wpcf7-list-item\"><label><input type=\"checkbox\" name=\"acceptance-759\" value=\"1\" aria-invalid=\"false\" \/><span class=\"wpcf7-list-item-label\">I have the <a href=\"https:\/\/xoros-home.de\/en\/data-protection\/\">Privacy policy<\/a> and agree to the processing of my personal data by XOROS Home for the aforementioned purposes. I can revoke my consent to this in writing at any time.<\/span><\/label><\/span><\/span><\/span>\n\t\t<\/p>\n\t<\/div>\n<\/div>\n<div class=\"xoros-cf-row\">\n\t<div class=\"xoros-cf-col-100\" align=\"center\">\n\t\t<p><input class=\"wpcf7-form-control wpcf7-submit has-spinner\" type=\"submit\" value=\"Send\" \/>\n\t\t<\/p>\n\t<\/div>\n<\/div><div class=\"wpcf7-form-control-wrap maspik-field\">\n                <label for=\"full-name-maspik-hp\" class=\"wpcf7-form-control-label\">Leave this field empty<\/label>\n                <input size=\"1\" type=\"text\" autocomplete=\"off\" aria-hidden=\"true\" tabindex=\"-1\" aria-label=\"Leave this field empty\" name=\"full-name-maspik-hp\" id=\"full-name-maspik-hp\" class=\"wpcf7-form-control wpcf7-text\" placeholder=\"Leave this field empty\">\n            <\/div><div class=\"wpcf7-response-output\" aria-hidden=\"true\"><\/div>\n<input type=\"hidden\" name=\"trp-form-language\" value=\"en\"\/><\/form>\n<\/div>\n<\/div>\n\t\t\t\t\t\t<\/div>\n\t\t\t\t<\/div>\n\t\t\t\t\t<\/div>\n\t\t<\/div>\n\t\t\t\t<div class=\"elementor-column elementor-col-25 elementor-top-column elementor-element elementor-element-7c84b07\" data-id=\"7c84b07\" data-element_type=\"column\" data-e-type=\"column\" data-settings=\"{&quot;background_background&quot;:&quot;classic&quot;}\">\n\t\t\t<div class=\"elementor-widget-wrap elementor-element-populated\">\n\t\t\t\t\t\t<div class=\"elementor-element elementor-element-4b8099b elementor-hidden-mobile elementor-widget elementor-widget-image\" data-id=\"4b8099b\" data-element_type=\"widget\" data-e-type=\"widget\" data-widget_type=\"image.default\">\n\t\t\t\t<div class=\"elementor-widget-container\">\n\t\t\t\t\t\t\t\t\t\t\t\t\t\t\t<img fetchpriority=\"high\" decoding=\"async\" width=\"657\" height=\"624\" src=\"https:\/\/xoros-home.de\/wp-content\/uploads\/2021\/12\/Xoros-Kontakt.png\" class=\"attachment-large size-large wp-image-2090\" alt=\"XOROS Home Contact\" srcset=\"https:\/\/xoros-home.de\/wp-content\/uploads\/2021\/12\/Xoros-Kontakt.png 657w, https:\/\/xoros-home.de\/wp-content\/uploads\/2021\/12\/Xoros-Kontakt-600x570.png 600w, https:\/\/xoros-home.de\/wp-content\/uploads\/2021\/12\/Xoros-Kontakt-300x285.png 300w\" sizes=\"(max-width: 657px) 100vw, 657px\" \/>\t\t\t\t\t\t\t\t\t\t\t\t\t\t\t<\/div>\n\t\t\t\t<\/div>\n\t\t\t\t<section class=\"elementor-section elementor-inner-section elementor-element elementor-element-267a553 elementor-section-boxed elementor-section-height-default elementor-section-height-default\" data-id=\"267a553\" data-element_type=\"section\" data-e-type=\"section\">\n\t\t\t\t\t\t<div class=\"elementor-container elementor-column-gap-default\">\n\t\t\t\t\t<div class=\"elementor-column elementor-col-50 elementor-inner-column elementor-element elementor-element-0b6669b elementor-hidden-mobile\" data-id=\"0b6669b\" data-element_type=\"column\" data-e-type=\"column\">\n\t\t\t<div class=\"elementor-widget-wrap elementor-element-populated\">\n\t\t\t\t\t\t<div class=\"elementor-element elementor-element-0357fe5 elementor-view-default elementor-widget elementor-widget-icon\" data-id=\"0357fe5\" data-element_type=\"widget\" data-e-type=\"widget\" data-widget_type=\"icon.default\">\n\t\t\t\t<div class=\"elementor-widget-container\">\n\t\t\t\t\t\t\t<div class=\"elementor-icon-wrapper\">\n\t\t\t<div class=\"elementor-icon\">\n\t\t\t<i aria-hidden=\"true\" class=\"fas fa-envelope\"><\/i>\t\t\t<\/div>\n\t\t<\/div>\n\t\t\t\t\t\t<\/div>\n\t\t\t\t<\/div>\n\t\t\t\t\t<\/div>\n\t\t<\/div>\n\t\t\t\t<div class=\"elementor-column elementor-col-50 elementor-inner-column elementor-element elementor-element-1d6ace2\" data-id=\"1d6ace2\" data-element_type=\"column\" data-e-type=\"column\">\n\t\t\t<div class=\"elementor-widget-wrap elementor-element-populated\">\n\t\t\t\t\t\t<div class=\"elementor-element elementor-element-75f374d elementor-widget elementor-widget-text-editor\" data-id=\"75f374d\" data-element_type=\"widget\" data-e-type=\"widget\" data-widget_type=\"text-editor.default\">\n\t\t\t\t<div class=\"elementor-widget-container\">\n\t\t\t\t\t\t\t\t\t<p><a href=\"mailto:kontakt@xoros-home.de\">kontakt(at)xoros-home.de<\/a><\/p>\t\t\t\t\t\t\t\t<\/div>\n\t\t\t\t<\/div>\n\t\t\t\t\t<\/div>\n\t\t<\/div>\n\t\t\t\t\t<\/div>\n\t\t<\/section>\n\t\t\t\t<section class=\"elementor-section elementor-inner-section elementor-element elementor-element-e0be6e2 elementor-section-boxed elementor-section-height-default elementor-section-height-default\" data-id=\"e0be6e2\" data-element_type=\"section\" data-e-type=\"section\">\n\t\t\t\t\t\t<div class=\"elementor-container elementor-column-gap-default\">\n\t\t\t\t\t<div class=\"elementor-column elementor-col-50 elementor-inner-column elementor-element elementor-element-8fec209 elementor-hidden-mobile\" data-id=\"8fec209\" data-element_type=\"column\" data-e-type=\"column\">\n\t\t\t<div class=\"elementor-widget-wrap elementor-element-populated\">\n\t\t\t\t\t\t<div class=\"elementor-element elementor-element-9cd055e elementor-view-default elementor-widget elementor-widget-icon\" data-id=\"9cd055e\" data-element_type=\"widget\" data-e-type=\"widget\" data-widget_type=\"icon.default\">\n\t\t\t\t<div class=\"elementor-widget-container\">\n\t\t\t\t\t\t\t<div class=\"elementor-icon-wrapper\">\n\t\t\t<div class=\"elementor-icon\">\n\t\t\t<i aria-hidden=\"true\" class=\"fas fa-phone-alt\"><\/i>\t\t\t<\/div>\n\t\t<\/div>\n\t\t\t\t\t\t<\/div>\n\t\t\t\t<\/div>\n\t\t\t\t\t<\/div>\n\t\t<\/div>\n\t\t\t\t<div class=\"elementor-column elementor-col-50 elementor-inner-column elementor-element elementor-element-ba1baf5\" data-id=\"ba1baf5\" data-element_type=\"column\" data-e-type=\"column\">\n\t\t\t<div class=\"elementor-widget-wrap elementor-element-populated\">\n\t\t\t\t\t\t<div class=\"elementor-element elementor-element-4a219cd elementor-hidden-tablet elementor-hidden-mobile elementor-widget elementor-widget-text-editor\" data-id=\"4a219cd\" data-element_type=\"widget\" data-e-type=\"widget\" data-widget_type=\"text-editor.default\">\n\t\t\t\t<div class=\"elementor-widget-container\">\n\t\t\t\t\t\t\t\t\t<p>+49 (0) 40 853 77 201<\/p>\t\t\t\t\t\t\t\t<\/div>\n\t\t\t\t<\/div>\n\t\t\t\t<div class=\"elementor-element elementor-element-5cca9fa elementor-hidden-desktop elementor-widget elementor-widget-text-editor\" data-id=\"5cca9fa\" data-element_type=\"widget\" data-e-type=\"widget\" data-widget_type=\"text-editor.default\">\n\t\t\t\t<div class=\"elementor-widget-container\">\n\t\t\t\t\t\t\t\t\t<p><a href=\"tel:+49 (0) 40 853 77 201\">+49 (0) 40 853 77 201<\/a><\/p>\t\t\t\t\t\t\t\t<\/div>\n\t\t\t\t<\/div>\n\t\t\t\t\t<\/div>\n\t\t<\/div>\n\t\t\t\t\t<\/div>\n\t\t<\/section>\n\t\t\t\t<section class=\"elementor-section elementor-inner-section elementor-element elementor-element-e11fda7 elementor-section-boxed elementor-section-height-default elementor-section-height-default\" data-id=\"e11fda7\" data-element_type=\"section\" data-e-type=\"section\">\n\t\t\t\t\t\t<div class=\"elementor-container elementor-column-gap-default\">\n\t\t\t\t\t<div class=\"elementor-column elementor-col-50 elementor-inner-column elementor-element elementor-element-8da3112 elementor-hidden-mobile\" data-id=\"8da3112\" data-element_type=\"column\" data-e-type=\"column\">\n\t\t\t<div class=\"elementor-widget-wrap elementor-element-populated\">\n\t\t\t\t\t\t<div class=\"elementor-element elementor-element-223d989 elementor-view-default elementor-widget elementor-widget-icon\" data-id=\"223d989\" data-element_type=\"widget\" data-e-type=\"widget\" data-widget_type=\"icon.default\">\n\t\t\t\t<div class=\"elementor-widget-container\">\n\t\t\t\t\t\t\t<div class=\"elementor-icon-wrapper\">\n\t\t\t<div class=\"elementor-icon\">\n\t\t\t<i aria-hidden=\"true\" class=\"fas fa-map-marker-alt\"><\/i>\t\t\t<\/div>\n\t\t<\/div>\n\t\t\t\t\t\t<\/div>\n\t\t\t\t<\/div>\n\t\t\t\t\t<\/div>\n\t\t<\/div>\n\t\t\t\t<div class=\"elementor-column elementor-col-50 elementor-inner-column elementor-element elementor-element-d5a264f\" data-id=\"d5a264f\" data-element_type=\"column\" data-e-type=\"column\">\n\t\t\t<div class=\"elementor-widget-wrap elementor-element-populated\">\n\t\t\t\t\t\t<div class=\"elementor-element elementor-element-90a930c elementor-widget elementor-widget-text-editor\" data-id=\"90a930c\" data-element_type=\"widget\" data-e-type=\"widget\" data-widget_type=\"text-editor.default\">\n\t\t\t\t<div class=\"elementor-widget-container\">\n\t\t\t\t\t\t\t\t\t<p><strong>XOROS Home GmbH<\/strong><\/p><p>Glockengie\u00dferwall 2<\/p><p>20095 Hamburg<\/p>\t\t\t\t\t\t\t\t<\/div>\n\t\t\t\t<\/div>\n\t\t\t\t\t<\/div>\n\t\t<\/div>\n\t\t\t\t\t<\/div>\n\t\t<\/section>\n\t\t\t\t\t<\/div>\n\t\t<\/div>\n\t\t\t\t<div class=\"elementor-column elementor-col-25 elementor-top-column elementor-element elementor-element-2ae0723\" data-id=\"2ae0723\" data-element_type=\"column\" data-e-type=\"column\">\n\t\t\t<div class=\"elementor-widget-wrap\">\n\t\t\t\t\t\t\t<\/div>\n\t\t<\/div>\n\t\t\t\t\t<\/div>\n\t\t<\/section>\n\t\t\t\t<section class=\"elementor-section elementor-top-section elementor-element elementor-element-5ab273d elementor-section-boxed elementor-section-height-default elementor-section-height-default\" data-id=\"5ab273d\" data-element_type=\"section\" data-e-type=\"section\">\n\t\t\t\t\t\t<div class=\"elementor-container elementor-column-gap-default\">\n\t\t\t\t\t<div class=\"elementor-column elementor-col-100 elementor-top-column elementor-element elementor-element-c7dcf98\" data-id=\"c7dcf98\" data-element_type=\"column\" data-e-type=\"column\">\n\t\t\t<div class=\"elementor-widget-wrap elementor-element-populated\">\n\t\t\t\t\t\t<div class=\"elementor-element elementor-element-09bd499 elementor-widget elementor-widget-heading\" data-id=\"09bd499\" data-element_type=\"widget\" data-e-type=\"widget\" data-widget_type=\"heading.default\">\n\t\t\t\t<div class=\"elementor-widget-container\">\n\t\t\t\t\t<h2 class=\"elementor-heading-title elementor-size-default\">...or book a consultation directly<\/h2>\t\t\t\t<\/div>\n\t\t\t\t<\/div>\n\t\t\t\t<div class=\"elementor-element elementor-element-4111e8b elementor-widget elementor-widget-text-editor\" data-id=\"4111e8b\" data-element_type=\"widget\" data-e-type=\"widget\" data-widget_type=\"text-editor.default\">\n\t\t\t\t<div class=\"elementor-widget-container\">\n\t\t\t\t\t\t\t\t\t<p>You can select an appointment directly via our calendar tool.<\/p>\t\t\t\t\t\t\t\t<\/div>\n\t\t\t\t<\/div>\n\t\t\t\t<div class=\"elementor-element elementor-element-eb4ff26 elementor-align-center elementor-widget elementor-widget-button\" data-id=\"eb4ff26\" data-element_type=\"widget\" data-e-type=\"widget\" data-widget_type=\"button.default\">\n\t\t\t\t<div class=\"elementor-widget-container\">\n\t\t\t\t\t\t\t\t\t<div class=\"elementor-button-wrapper\">\n\t\t\t\t\t<a class=\"elementor-button elementor-button-link elementor-size-sm elementor-animation-push\" href=\"https:\/\/xoros-home.de\/en\/date\/\">\n\t\t\t\t\t\t<span class=\"elementor-button-content-wrapper\">\n\t\t\t\t\t\t\t\t\t<span class=\"elementor-button-text\">Arrange a consultation appointment now<\/span>\n\t\t\t\t\t<\/span>\n\t\t\t\t\t<\/a>\n\t\t\t\t<\/div>\n\t\t\t\t\t\t\t\t<\/div>\n\t\t\t\t<\/div>\n\t\t\t\t<div class=\"elementor-element elementor-element-fdf8736 elementor-widget elementor-widget-spacer\" data-id=\"fdf8736\" data-element_type=\"widget\" data-e-type=\"widget\" data-widget_type=\"spacer.default\">\n\t\t\t\t<div class=\"elementor-widget-container\">\n\t\t\t\t\t\t\t<div class=\"elementor-spacer\">\n\t\t\t<div class=\"elementor-spacer-inner\"><\/div>\n\t\t<\/div>\n\t\t\t\t\t\t<\/div>\n\t\t\t\t<\/div>\n\t\t\t\t\t<\/div>\n\t\t<\/div>\n\t\t\t\t\t<\/div>\n\t\t<\/section>\n\t\t\t\t<\/div>","protected":false},"excerpt":{"rendered":"<p>Jetzt Kontakt aufnehmen Sie haben Fragen oder w\u00fcnschen eine Beratung? Wir freuen uns, von Ihnen zu h\u00f6ren. Nehmen Sie gleich Kontakt auf. Unser Team wird sich innerhalb von 48 Stunden bei Ihnen zur\u00fcckmelden. kontakt(at)xoros-home.de +49 (0) 40 853 77 201 +49 (0) 40 853 77 201 XOROS Home GmbH Glockengie\u00dferwall 2 20095 Hamburg &#8230;oder direkt [&hellip;]<\/p>\n","protected":false},"author":6,"featured_media":0,"parent":0,"menu_order":0,"comment_status":"closed","ping_status":"closed","template":"elementor_header_footer","meta":{"content-type":"","inline_featured_image":false,"footnotes":""},"class_list":["post-50","page","type-page","status-publish","hentry"],"_links":{"self":[{"href":"https:\/\/xoros-home.de\/en\/wp-json\/wp\/v2\/pages\/50","targetHints":{"allow":["GET"]}}],"collection":[{"href":"https:\/\/xoros-home.de\/en\/wp-json\/wp\/v2\/pages"}],"about":[{"href":"https:\/\/xoros-home.de\/en\/wp-json\/wp\/v2\/types\/page"}],"author":[{"embeddable":true,"href":"https:\/\/xoros-home.de\/en\/wp-json\/wp\/v2\/users\/6"}],"replies":[{"embeddable":true,"href":"https:\/\/xoros-home.de\/en\/wp-json\/wp\/v2\/comments?post=50"}],"version-history":[{"count":20,"href":"https:\/\/xoros-home.de\/en\/wp-json\/wp\/v2\/pages\/50\/revisions"}],"predecessor-version":[{"id":16824,"href":"https:\/\/xoros-home.de\/en\/wp-json\/wp\/v2\/pages\/50\/revisions\/16824"}],"wp:attachment":[{"href":"https:\/\/xoros-home.de\/en\/wp-json\/wp\/v2\/media?parent=50"}],"curies":[{"name":"wp","href":"https:\/\/api.w.org\/{rel}","templated":true}]}}