{"id":72,"date":"2021-12-01T11:42:31","date_gmt":"2021-12-01T10:42:31","guid":{"rendered":"http:\/\/xoros-home.de.dedi5284.your-server.de\/?page_id=72"},"modified":"2023-11-24T17:23:59","modified_gmt":"2023-11-24T16:23:59","slug":"imprint","status":"publish","type":"page","link":"https:\/\/xoros-home.de\/en\/impressum\/","title":{"rendered":"Imprint"},"content":{"rendered":"<div data-elementor-type=\"wp-page\" data-elementor-id=\"72\" class=\"elementor elementor-72\" data-elementor-settings=\"{&quot;ha_cmc_init_switcher&quot;:&quot;no&quot;}\" data-elementor-post-type=\"page\">\n\t\t\t\t\t\t<section class=\"elementor-section elementor-top-section elementor-element elementor-element-0511e25 elementor-section-boxed elementor-section-height-default elementor-section-height-default\" data-id=\"0511e25\" data-element_type=\"section\" data-e-type=\"section\">\n\t\t\t\t\t\t<div class=\"elementor-container elementor-column-gap-default\">\n\t\t\t\t\t<div class=\"elementor-column elementor-col-100 elementor-top-column elementor-element elementor-element-6ff70a7\" data-id=\"6ff70a7\" data-element_type=\"column\" data-e-type=\"column\">\n\t\t\t<div class=\"elementor-widget-wrap elementor-element-populated\">\n\t\t\t\t\t\t<div class=\"elementor-element elementor-element-7056b5c elementor-widget elementor-widget-heading\" data-id=\"7056b5c\" data-element_type=\"widget\" data-e-type=\"widget\" data-widget_type=\"heading.default\">\n\t\t\t\t<div class=\"elementor-widget-container\">\n\t\t\t\t\t<h2 class=\"elementor-heading-title elementor-size-default\">Imprint<\/h2>\t\t\t\t<\/div>\n\t\t\t\t<\/div>\n\t\t\t\t<div class=\"elementor-element elementor-element-d96d1c7 elementor-widget elementor-widget-text-editor\" data-id=\"d96d1c7\" data-element_type=\"widget\" data-e-type=\"widget\" data-widget_type=\"text-editor.default\">\n\t\t\t\t<div class=\"elementor-widget-container\">\n\t\t\t\t\t\t\t\t\t<p>Information according to \u00a7 5 TMG<\/p><p><strong>XOROS Home GmbH<\/strong><\/p><p>Glockengie\u00dferwall 2<br \/>20095 Hamburg<\/p><p>Phone: +49 40 853 77 201<br \/>E-mail:\u00a0<a href=\"mailto:info@xoros-home.de\">info@xoros-home.de<\/a><\/p><p>Represented by the Managing Directors: Niels Gundermann, Frank Ehlers<\/p><p>Jurisdiction Hamburg<\/p><p>Register Court: Hamburg Local Court<br \/>Registration number: HRB 172401<\/p><p>Sales tax ID: DE348398163<\/p><p>\u00a0<\/p><h3>Disclaimer<\/h3><h5><strong>Liability for contents<\/strong><\/h5><p>The contents of our pages were created with the greatest care. However, we cannot assume any liability for the correctness, completeness and up-to-dateness of the contents. As a service provider, we are responsible for our own content on these pages in accordance with general legislation pursuant to Section 7 (1) of the German Telemedia Act (TMG). However, according to \u00a7\u00a7 8 to 10 TMG, we are not obliged as a service provider to monitor transmitted or stored third-party information or to investigate circumstances that indicate illegal activity. Obligations to remove or block the use of information in accordance with general laws remain unaffected by this. However, liability in this regard is only possible from the point in time at which a concrete infringement of the law becomes known. If we become aware of corresponding infringements, we will remove this content immediately.<\/p><p>\u00a0<\/p><h5><strong>Liability for links<\/strong><\/h5><p>Our offer contains links to external websites of third parties, on whose contents we have no influence. Therefore, we cannot assume any liability for these external contents. The respective provider or operator of the pages is always responsible for the content of the linked pages. The linked pages were checked for possible legal violations at the time of linking. Illegal contents were not recognisable at the time of linking. However, permanent monitoring of the content of the linked pages is not reasonable without concrete indications of a legal violation. If we become aware of any infringements of the law, we will remove such links immediately.<\/p><p>\u00a0<\/p><h5><strong>Copyright<\/strong><\/h5><p>The contents and works created by the site operators on these pages are subject to German copyright law. Duplication, processing, distribution and any kind of exploitation outside the limits of copyright law require the written consent of the respective author or creator. Downloads and copies of this site are only permitted for private, non-commercial use. Insofar as the content on this site was not created by the operator, the copyrights of third parties are respected. In particular, third-party content is marked as such. Should you nevertheless become aware of a copyright infringement, please inform us accordingly. If we become aware of any infringements, we will remove such content immediately.<\/p>\t\t\t\t\t\t\t\t<\/div>\n\t\t\t\t<\/div>\n\t\t\t\t\t<\/div>\n\t\t<\/div>\n\t\t\t\t\t<\/div>\n\t\t<\/section>\n\t\t\t\t<\/div>","protected":false},"excerpt":{"rendered":"<p>Impressum Angaben gem\u00e4\u00df \u00a7 5 TMG XOROS Home GmbH Glockengie\u00dferwall 220095 Hamburg Telefon: +49 40 853 77 201E-Mail:\u00a0info@xoros-home.de Vertreten durch die Gesch\u00e4ftsf\u00fchrer: Niels Gundermann, Frank Ehlers Gerichtsstand Hamburg Registergericht: Amtsgericht HamburgRegisternummer: HRB 172401 Umsatzsteuer-ID: DE348398163 \u00a0 Haftungsausschluss Haftung f\u00fcr Inhalte Die Inhalte unserer Seiten wurden mit gr\u00f6\u00dfter Sorgfalt erstellt. F\u00fcr die Richtigkeit, Vollst\u00e4ndigkeit und Aktualit\u00e4t [&hellip;]<\/p>\n","protected":false},"author":6,"featured_media":0,"parent":0,"menu_order":0,"comment_status":"closed","ping_status":"closed","template":"elementor_header_footer","meta":{"content-type":"","inline_featured_image":false,"footnotes":""},"class_list":["post-72","page","type-page","status-publish","hentry"],"_links":{"self":[{"href":"https:\/\/xoros-home.de\/en\/wp-json\/wp\/v2\/pages\/72","targetHints":{"allow":["GET"]}}],"collection":[{"href":"https:\/\/xoros-home.de\/en\/wp-json\/wp\/v2\/pages"}],"about":[{"href":"https:\/\/xoros-home.de\/en\/wp-json\/wp\/v2\/types\/page"}],"author":[{"embeddable":true,"href":"https:\/\/xoros-home.de\/en\/wp-json\/wp\/v2\/users\/6"}],"replies":[{"embeddable":true,"href":"https:\/\/xoros-home.de\/en\/wp-json\/wp\/v2\/comments?post=72"}],"version-history":[{"count":21,"href":"https:\/\/xoros-home.de\/en\/wp-json\/wp\/v2\/pages\/72\/revisions"}],"predecessor-version":[{"id":16811,"href":"https:\/\/xoros-home.de\/en\/wp-json\/wp\/v2\/pages\/72\/revisions\/16811"}],"wp:attachment":[{"href":"https:\/\/xoros-home.de\/en\/wp-json\/wp\/v2\/media?parent=72"}],"curies":[{"name":"wp","href":"https:\/\/api.w.org\/{rel}","templated":true}]}}