{"id":10996,"date":"2023-01-10T15:28:40","date_gmt":"2023-01-10T14:28:40","guid":{"rendered":"https:\/\/xoros-home.de\/?page_id=10996"},"modified":"2025-02-05T08:27:13","modified_gmt":"2025-02-05T07:27:13","slug":"junta-consultiva","status":"publish","type":"page","link":"https:\/\/xoros-home.de\/es\/beirat\/","title":{"rendered":"Junta consultiva"},"content":{"rendered":"<div data-elementor-type=\"wp-page\" data-elementor-id=\"10996\" class=\"elementor elementor-10996\" data-elementor-settings=\"{&quot;ha_cmc_init_switcher&quot;:&quot;no&quot;}\" data-elementor-post-type=\"page\">\n\t\t\t\t\t\t<section class=\"elementor-section elementor-top-section elementor-element elementor-element-2b62656 elementor-section-boxed elementor-section-height-default elementor-section-height-default\" data-id=\"2b62656\" data-element_type=\"section\" data-e-type=\"section\">\n\t\t\t\t\t\t<div class=\"elementor-container elementor-column-gap-default\">\n\t\t\t\t\t<div class=\"elementor-column elementor-col-100 elementor-top-column elementor-element elementor-element-d1f93df\" data-id=\"d1f93df\" data-element_type=\"column\" data-e-type=\"column\">\n\t\t\t<div class=\"elementor-widget-wrap elementor-element-populated\">\n\t\t\t\t\t\t<div class=\"elementor-element elementor-element-486520b elementor-widget elementor-widget-heading\" data-id=\"486520b\" data-element_type=\"widget\" data-e-type=\"widget\" data-widget_type=\"heading.default\">\n\t\t\t\t<div class=\"elementor-widget-container\">\n\t\t\t\t\t<h1 class=\"elementor-heading-title elementor-size-default\">Junta consultiva<\/h1>\t\t\t\t<\/div>\n\t\t\t\t<\/div>\n\t\t\t\t<div class=\"elementor-element elementor-element-ee05ffd elementor-widget elementor-widget-spacer\" data-id=\"ee05ffd\" data-element_type=\"widget\" data-e-type=\"widget\" data-widget_type=\"spacer.default\">\n\t\t\t\t<div class=\"elementor-widget-container\">\n\t\t\t\t\t\t\t<div class=\"elementor-spacer\">\n\t\t\t<div class=\"elementor-spacer-inner\"><\/div>\n\t\t<\/div>\n\t\t\t\t\t\t<\/div>\n\t\t\t\t<\/div>\n\t\t\t\t<div class=\"elementor-element elementor-element-cb38f09 elementor-widget elementor-widget-text-editor\" data-id=\"cb38f09\" data-element_type=\"widget\" data-e-type=\"widget\" data-widget_type=\"text-editor.default\">\n\t\t\t\t<div class=\"elementor-widget-container\">\n\t\t\t\t\t\t\t\t\t<p>XOROS Home cuenta con el apoyo de un consejo asesor en cuestiones estrat\u00e9gicas.\u00a0<\/p>\t\t\t\t\t\t\t\t<\/div>\n\t\t\t\t<\/div>\n\t\t\t\t\t<\/div>\n\t\t<\/div>\n\t\t\t\t\t<\/div>\n\t\t<\/section>\n\t\t\t\t<section class=\"elementor-section elementor-top-section elementor-element elementor-element-143481b6 elementor-section-content-middle elementor-section-boxed elementor-section-height-default elementor-section-height-default\" data-id=\"143481b6\" data-element_type=\"section\" data-e-type=\"section\">\n\t\t\t\t\t\t<div class=\"elementor-container elementor-column-gap-no\">\n\t\t\t\t\t<div class=\"elementor-column elementor-col-50 elementor-top-column elementor-element elementor-element-1266a30f\" data-id=\"1266a30f\" data-element_type=\"column\" data-e-type=\"column\">\n\t\t\t<div class=\"elementor-widget-wrap elementor-element-populated\">\n\t\t\t\t\t\t<div class=\"elementor-element elementor-element-346fa10e elementor-widget elementor-widget-image\" data-id=\"346fa10e\" data-element_type=\"widget\" data-e-type=\"widget\" data-widget_type=\"image.default\">\n\t\t\t\t<div class=\"elementor-widget-container\">\n\t\t\t\t\t\t\t\t\t\t\t\t\t\t\t<img fetchpriority=\"high\" decoding=\"async\" width=\"800\" height=\"1200\" src=\"https:\/\/xoros-home.de\/wp-content\/uploads\/2023\/01\/cynthia-hansen-beirat.jpg\" class=\"attachment-full size-full wp-image-11002\" alt=\"\" srcset=\"https:\/\/xoros-home.de\/wp-content\/uploads\/2023\/01\/cynthia-hansen-beirat.jpg 800w, https:\/\/xoros-home.de\/wp-content\/uploads\/2023\/01\/cynthia-hansen-beirat-200x300.jpg 200w, https:\/\/xoros-home.de\/wp-content\/uploads\/2023\/01\/cynthia-hansen-beirat-683x1024.jpg 683w, https:\/\/xoros-home.de\/wp-content\/uploads\/2023\/01\/cynthia-hansen-beirat-768x1152.jpg 768w, https:\/\/xoros-home.de\/wp-content\/uploads\/2023\/01\/cynthia-hansen-beirat-8x12.jpg 8w, https:\/\/xoros-home.de\/wp-content\/uploads\/2023\/01\/cynthia-hansen-beirat-600x900.jpg 600w\" sizes=\"(max-width: 800px) 100vw, 800px\" \/>\t\t\t\t\t\t\t\t\t\t\t\t\t\t\t<\/div>\n\t\t\t\t<\/div>\n\t\t\t\t\t<\/div>\n\t\t<\/div>\n\t\t\t\t<div class=\"elementor-column elementor-col-50 elementor-top-column elementor-element elementor-element-7678a95f\" data-id=\"7678a95f\" data-element_type=\"column\" data-e-type=\"column\">\n\t\t\t<div class=\"elementor-widget-wrap elementor-element-populated\">\n\t\t\t\t\t\t<div class=\"elementor-element elementor-element-5c5cf96 elementor-widget elementor-widget-heading\" data-id=\"5c5cf96\" data-element_type=\"widget\" data-e-type=\"widget\" data-widget_type=\"heading.default\">\n\t\t\t\t<div class=\"elementor-widget-container\">\n\t\t\t\t\t<h2 class=\"elementor-heading-title elementor-size-default\">Asesor<\/h2>\t\t\t\t<\/div>\n\t\t\t\t<\/div>\n\t\t\t\t<div class=\"elementor-element elementor-element-4225e1fe elementor-widget elementor-widget-heading\" data-id=\"4225e1fe\" data-element_type=\"widget\" data-e-type=\"widget\" data-widget_type=\"heading.default\">\n\t\t\t\t<div class=\"elementor-widget-container\">\n\t\t\t\t\t<h2 class=\"elementor-heading-title elementor-size-default\">Cynthia Hansen<\/h2>\t\t\t\t<\/div>\n\t\t\t\t<\/div>\n\t\t\t\t<div class=\"elementor-element elementor-element-1e058674 elementor-widget elementor-widget-heading\" data-id=\"1e058674\" data-element_type=\"widget\" data-e-type=\"widget\" data-widget_type=\"heading.default\">\n\t\t\t\t<div class=\"elementor-widget-container\">\n\t\t\t\t\t<h2 class=\"elementor-heading-title elementor-size-default\">Director General, Fundaci\u00f3n para la Innovaci\u00f3n <\/h2>\t\t\t\t<\/div>\n\t\t\t\t<\/div>\n\t\t\t\t<div class=\"elementor-element elementor-element-4caf5719 elementor-widget elementor-widget-text-editor\" data-id=\"4caf5719\" data-element_type=\"widget\" data-e-type=\"widget\" data-widget_type=\"text-editor.default\">\n\t\t\t\t<div class=\"elementor-widget-container\">\n\t\t\t\t\t\t\t\t\t<p>Cynthia ha apoyado a XOROS Home desde su fundaci\u00f3n y sigue motiv\u00e1ndonos para impulsar nuestro modelo de negocio y nuestra visi\u00f3n.<\/p><p>Cynthia es una experimentada ejecutiva internacional especializada en impulsar y ampliar el impacto social. Su trayectoria incluye nueve a\u00f1os en el Foro Econ\u00f3mico Mundial. Se incorpor\u00f3 al Grupo Adecco en 2017, donde fund\u00f3 la entonces Fundaci\u00f3n del Grupo Adecco (rebautizada como Fundaci\u00f3n para la Innovaci\u00f3n en diciembre de 2021).<\/p><p>Cynthia ha formado parte de varias juntas directivas y consejos asesores de organizaciones sin \u00e1nimo de lucro y tambi\u00e9n asesora a empresas de nueva creaci\u00f3n. Tiene un m\u00e1ster en Gesti\u00f3n de ONG por la London School of Economics y una doble licenciatura (con honores) en Estudios Asi\u00e1ticos e Ingl\u00e9s\/Literatura por la Universidad de Puget Sound.<\/p>\t\t\t\t\t\t\t\t<\/div>\n\t\t\t\t<\/div>\n\t\t\t\t\t<\/div>\n\t\t<\/div>\n\t\t\t\t\t<\/div>\n\t\t<\/section>\n\t\t\t\t<section class=\"elementor-section elementor-top-section elementor-element elementor-element-5771ba3 elementor-section-content-middle elementor-section-boxed elementor-section-height-default elementor-section-height-default\" data-id=\"5771ba3\" data-element_type=\"section\" data-e-type=\"section\">\n\t\t\t\t\t\t<div class=\"elementor-container elementor-column-gap-no\">\n\t\t\t\t\t<div class=\"elementor-column elementor-col-50 elementor-top-column elementor-element elementor-element-d64d1a4\" data-id=\"d64d1a4\" data-element_type=\"column\" data-e-type=\"column\">\n\t\t\t<div class=\"elementor-widget-wrap elementor-element-populated\">\n\t\t\t\t\t\t<div class=\"elementor-element elementor-element-fde4acd elementor-widget elementor-widget-heading\" data-id=\"fde4acd\" data-element_type=\"widget\" data-e-type=\"widget\" data-widget_type=\"heading.default\">\n\t\t\t\t<div class=\"elementor-widget-container\">\n\t\t\t\t\t<h2 class=\"elementor-heading-title elementor-size-default\">Consejo Cient\u00edfico Asesor<\/h2>\t\t\t\t<\/div>\n\t\t\t\t<\/div>\n\t\t\t\t<div class=\"elementor-element elementor-element-274d284 elementor-widget elementor-widget-heading\" data-id=\"274d284\" data-element_type=\"widget\" data-e-type=\"widget\" data-widget_type=\"heading.default\">\n\t\t\t\t<div class=\"elementor-widget-container\">\n\t\t\t\t\t<h2 class=\"elementor-heading-title elementor-size-default\">Dr. Stefan Rief<\/h2>\t\t\t\t<\/div>\n\t\t\t\t<\/div>\n\t\t\t\t<div class=\"elementor-element elementor-element-72646f0 elementor-widget elementor-widget-heading\" data-id=\"72646f0\" data-element_type=\"widget\" data-e-type=\"widget\" data-widget_type=\"heading.default\">\n\t\t\t\t<div class=\"elementor-widget-container\">\n\t\t\t\t\t<h2 class=\"elementor-heading-title elementor-size-default\">Director de Instituto, Instituto Fraunhofer para la Organizaci\u00f3n del Trabajo<\/h2>\t\t\t\t<\/div>\n\t\t\t\t<\/div>\n\t\t\t\t<div class=\"elementor-element elementor-element-79b34a1 elementor-widget elementor-widget-text-editor\" data-id=\"79b34a1\" data-element_type=\"widget\" data-e-type=\"widget\" data-widget_type=\"text-editor.default\">\n\t\t\t\t<div class=\"elementor-widget-container\">\n\t\t\t\t\t\t\t\t\t<p>Stefan nos apoya con sus conocimientos cient\u00edficos y pr\u00e1cticos sobre el futuro del trabajo y est\u00e1 a nuestra disposici\u00f3n con su amplia red.<\/p><p>Stefan es Director de Instituto en el Instituto Fraunhofer de Ingenier\u00eda Industrial IAO, donde es responsable del \u00e1rea de investigaci\u00f3n de desarrollo organizativo y dise\u00f1o del trabajo. Lleva m\u00e1s de una d\u00e9cada investigando y supervisando la evoluci\u00f3n del trabajo de oficina y del conocimiento. Stefan es coautor y coeditor de numerosas publicaciones como Arbeitswelten 4.0, Faszination Coworking, Corporate Innovationlabs y, m\u00e1s recientemente, \"Connected Work Innovation Hub\".<\/p><p>Stefan ense\u00f1a dise\u00f1o de trabajo de oficina en las universidades de Stuttgart y Hannover.<\/p>\t\t\t\t\t\t\t\t<\/div>\n\t\t\t\t<\/div>\n\t\t\t\t\t<\/div>\n\t\t<\/div>\n\t\t\t\t<div class=\"elementor-column elementor-col-50 elementor-top-column elementor-element elementor-element-2115723\" data-id=\"2115723\" data-element_type=\"column\" data-e-type=\"column\">\n\t\t\t<div class=\"elementor-widget-wrap elementor-element-populated\">\n\t\t\t\t\t\t<div class=\"elementor-element elementor-element-d445fd4 elementor-widget elementor-widget-image\" data-id=\"d445fd4\" data-element_type=\"widget\" data-e-type=\"widget\" data-widget_type=\"image.default\">\n\t\t\t\t<div class=\"elementor-widget-container\">\n\t\t\t\t\t\t\t\t\t\t\t\t<figure class=\"wp-caption\">\n\t\t\t\t\t\t\t\t\t\t<img decoding=\"async\" width=\"1600\" height=\"2400\" src=\"https:\/\/xoros-home.de\/wp-content\/uploads\/2025\/02\/Stefan-Rief-IAO-hochkant-2.jpg\" class=\"attachment-full size-full wp-image-15572\" alt=\"\" srcset=\"https:\/\/xoros-home.de\/wp-content\/uploads\/2025\/02\/Stefan-Rief-IAO-hochkant-2.jpg 1600w, https:\/\/xoros-home.de\/wp-content\/uploads\/2025\/02\/Stefan-Rief-IAO-hochkant-2-200x300.jpg 200w, https:\/\/xoros-home.de\/wp-content\/uploads\/2025\/02\/Stefan-Rief-IAO-hochkant-2-683x1024.jpg 683w, https:\/\/xoros-home.de\/wp-content\/uploads\/2025\/02\/Stefan-Rief-IAO-hochkant-2-768x1152.jpg 768w, https:\/\/xoros-home.de\/wp-content\/uploads\/2025\/02\/Stefan-Rief-IAO-hochkant-2-1024x1536.jpg 1024w, https:\/\/xoros-home.de\/wp-content\/uploads\/2025\/02\/Stefan-Rief-IAO-hochkant-2-1365x2048.jpg 1365w, https:\/\/xoros-home.de\/wp-content\/uploads\/2025\/02\/Stefan-Rief-IAO-hochkant-2-8x12.jpg 8w, https:\/\/xoros-home.de\/wp-content\/uploads\/2025\/02\/Stefan-Rief-IAO-hochkant-2-600x900.jpg 600w\" sizes=\"(max-width: 1600px) 100vw, 1600px\" \/>\t\t\t\t\t\t\t\t\t\t\t<figcaption class=\"widget-image-caption wp-caption-text\">Foto: \u00a9 Fraunhofer IAO<\/figcaption>\n\t\t\t\t\t\t\t\t\t\t<\/figure>\n\t\t\t\t\t\t\t\t\t<\/div>\n\t\t\t\t<\/div>\n\t\t\t\t\t<\/div>\n\t\t<\/div>\n\t\t\t\t\t<\/div>\n\t\t<\/section>\n\t\t\t\t<section class=\"elementor-section elementor-top-section elementor-element elementor-element-2c01114 elementor-section-height-min-height elementor-section-boxed elementor-section-height-default elementor-section-items-middle\" data-id=\"2c01114\" data-element_type=\"section\" data-e-type=\"section\">\n\t\t\t\t\t\t<div class=\"elementor-container elementor-column-gap-default\">\n\t\t\t\t\t<div class=\"elementor-column elementor-col-100 elementor-top-column elementor-element elementor-element-74b2e78\" data-id=\"74b2e78\" data-element_type=\"column\" data-e-type=\"column\">\n\t\t\t<div class=\"elementor-widget-wrap elementor-element-populated\">\n\t\t\t\t\t\t<div class=\"elementor-element elementor-element-ba05408 elementor-widget-divider--view-line_icon elementor-view-default elementor-widget-divider--element-align-center elementor-widget elementor-widget-divider\" data-id=\"ba05408\" data-element_type=\"widget\" data-e-type=\"widget\" data-widget_type=\"divider.default\">\n\t\t\t\t<div class=\"elementor-widget-container\">\n\t\t\t\t\t\t\t<div class=\"elementor-divider\">\n\t\t\t<span class=\"elementor-divider-separator\">\n\t\t\t\t\t\t\t<div class=\"elementor-icon elementor-divider__element\">\n\t\t\t\t\t<svg xmlns=\"http:\/\/www.w3.org\/2000\/svg\" xmlns:xlink=\"http:\/\/www.w3.org\/1999\/xlink\" width=\"1208px\" height=\"400px\" viewbox=\"0 0 1208 400\"><title>c\u00edrculo-negro copia 7<\/title><g id=\"circle-black-copy-7\" stroke=\"none\" stroke-width=\"1\" fill=\"none\" fill-rule=\"evenodd\"><circle id=\"Oval\" fill=\"#000000\" fill-rule=\"nonzero\" cx=\"200\" cy=\"200\" r=\"188\"><\/circle><circle id=\"Oval-Copy\" fill=\"#000000\" fill-rule=\"nonzero\" cx=\"1001\" cy=\"200\" r=\"188\"><\/circle><path d=\"M601.406251,101.912632 C634.768585,72.0004463 664.943679,38.9088911 697.24616,7.92923606 C730.554733,39.1239209 762.004723,72.1770779 794,104.677301 C773.202302,129.65916 749.171284,151.668999 724.886823,176.543343 C720.801012,180.728745 702.146061,194.651926 701.854217,200.50381 C701.623814,205.188388 720.102123,223.227855 723.05128,226.29971 C746.314289,250.544323 772.910458,270.511379 793.086069,296.322639 C760.583906,328.630871 729.571681,362.421273 695.410617,393.078383 C663.883826,362.559507 634.568903,329.836574 601.421611,300.930421 C575.247847,324.337954 555.37944,345.13441 529.55128,370.961029 C524.804981,375.707045 510.804167,394.038338 505.589383,394 C499.783231,393.946182 485.836178,375.39218 480.705874,370.039473 C459.147847,347.538137 442.274678,332.063669 419.89488,309.224429 C417.191486,306.475119 408.029133,300.815226 407.913931,297.244195 C407.744969,291.960605 426.814646,278.267812 431.875829,273.291408 C456.336932,249.215746 478.117682,224.502675 501.910617,201.417686 C471.259357,167.880712 437.359417,137.584545 407,103.748065 C438.680393,70.9329768 472.012006,39.7613308 503.75384,7 C537.761302,37.1732932 567.767434,71.3553568 601.406251,101.912632 Z\" id=\"Path\" fill=\"#000000\" fill-rule=\"nonzero\"><\/path><\/g><\/svg><\/div>\n\t\t\t\t\t\t<\/span>\n\t\t<\/div>\n\t\t\t\t\t\t<\/div>\n\t\t\t\t<\/div>\n\t\t\t\t\t<\/div>\n\t\t<\/div>\n\t\t\t\t\t<\/div>\n\t\t<\/section>\n\t\t\t\t<\/div>","protected":false},"excerpt":{"rendered":"<p>XOROS Home wird in strategischen Fragestellungen von einem Beirat unterst\u00fctzt.\u00a0 Beir\u00e4tin Cynthia Hansen Gesch\u00e4ftsf\u00fchrerin, Innovation Foundation Cynthia unterst\u00fctzt XOROS Home schon seit der Gr\u00fcndung und motiviert uns immer wieder aufs Neue, unser Gesch\u00e4ftsmodell und unsere Vision voranzutreiben. Cynthia ist eine international t\u00e4tige, erfahrene F\u00fchrungskraft, die sich auf die F\u00f6rderung und Skalierung sozialer Auswirkungen spezialisiert hat. [&hellip;]<\/p>\n","protected":false},"author":6,"featured_media":0,"parent":0,"menu_order":0,"comment_status":"closed","ping_status":"closed","template":"","meta":{"content-type":"","inline_featured_image":false,"footnotes":""},"class_list":["post-10996","page","type-page","status-publish","hentry"],"_links":{"self":[{"href":"https:\/\/xoros-home.de\/es\/wp-json\/wp\/v2\/pages\/10996","targetHints":{"allow":["GET"]}}],"collection":[{"href":"https:\/\/xoros-home.de\/es\/wp-json\/wp\/v2\/pages"}],"about":[{"href":"https:\/\/xoros-home.de\/es\/wp-json\/wp\/v2\/types\/page"}],"author":[{"embeddable":true,"href":"https:\/\/xoros-home.de\/es\/wp-json\/wp\/v2\/users\/6"}],"replies":[{"embeddable":true,"href":"https:\/\/xoros-home.de\/es\/wp-json\/wp\/v2\/comments?post=10996"}],"version-history":[{"count":20,"href":"https:\/\/xoros-home.de\/es\/wp-json\/wp\/v2\/pages\/10996\/revisions"}],"predecessor-version":[{"id":15575,"href":"https:\/\/xoros-home.de\/es\/wp-json\/wp\/v2\/pages\/10996\/revisions\/15575"}],"wp:attachment":[{"href":"https:\/\/xoros-home.de\/es\/wp-json\/wp\/v2\/media?parent=10996"}],"curies":[{"name":"wp","href":"https:\/\/api.w.org\/{rel}","templated":true}]}}