{"id":16695,"date":"2025-06-10T14:34:18","date_gmt":"2025-06-10T12:34:18","guid":{"rendered":"https:\/\/xoros-home.de\/?page_id=16695"},"modified":"2025-11-14T12:07:04","modified_gmt":"2025-11-14T11:07:04","slug":"cabinas-telefonicas-usadas-cabinas-de-reunion-usadas","status":"publish","type":"page","link":"https:\/\/xoros-home.de\/es\/gebrauchte-telefonboxen-gebrauchte-meetingboxen\/","title":{"rendered":"Cabinas telef\u00f3nicas usadas y cabinas de reuni\u00f3n usadas"},"content":{"rendered":"<div data-elementor-type=\"wp-page\" data-elementor-id=\"16695\" class=\"elementor elementor-16695\" data-elementor-settings=\"{&quot;ha_cmc_init_switcher&quot;:&quot;no&quot;}\" data-elementor-post-type=\"page\">\n\t\t\t\t<div class=\"elementor-element elementor-element-925695a e-flex e-con-boxed e-con e-parent\" data-id=\"925695a\" data-element_type=\"container\" data-e-type=\"container\" data-settings=\"{&quot;background_background&quot;:&quot;classic&quot;}\">\n\t\t\t\t\t<div class=\"e-con-inner\">\n\t\t\t\t<div class=\"elementor-element elementor-element-53e606b elementor-widget elementor-widget-heading\" data-id=\"53e606b\" data-element_type=\"widget\" data-e-type=\"widget\" data-widget_type=\"heading.default\">\n\t\t\t\t<div class=\"elementor-widget-container\">\n\t\t\t\t\t<h1 class=\"elementor-heading-title elementor-size-default\">Cabinas telef\u00f3nicas usadas y cabinas de reuni\u00f3n usadas<\/h1>\t\t\t\t<\/div>\n\t\t\t\t<\/div>\n\t\t\t\t\t<\/div>\n\t\t\t\t<\/div>\n\t\t<div class=\"elementor-element elementor-element-cee245d e-flex e-con-boxed e-con e-parent\" data-id=\"cee245d\" data-element_type=\"container\" data-e-type=\"container\" data-settings=\"{&quot;background_background&quot;:&quot;classic&quot;}\">\n\t\t\t\t\t<div class=\"e-con-inner\">\n\t\t\t\t<div class=\"elementor-element elementor-element-914073d elementor-widget elementor-widget-spacer\" data-id=\"914073d\" data-element_type=\"widget\" data-e-type=\"widget\" data-widget_type=\"spacer.default\">\n\t\t\t\t<div class=\"elementor-widget-container\">\n\t\t\t\t\t\t\t<div class=\"elementor-spacer\">\n\t\t\t<div class=\"elementor-spacer-inner\"><\/div>\n\t\t<\/div>\n\t\t\t\t\t\t<\/div>\n\t\t\t\t<\/div>\n\t\t\t\t<div class=\"elementor-element elementor-element-9b72f30 elementor-widget elementor-widget-heading\" data-id=\"9b72f30\" data-element_type=\"widget\" data-e-type=\"widget\" data-widget_type=\"heading.default\">\n\t\t\t\t<div class=\"elementor-widget-container\">\n\t\t\t\t\t<h2 class=\"elementor-heading-title elementor-size-default\">Ofertas actuales de segunda mano<\/h2>\t\t\t\t<\/div>\n\t\t\t\t<\/div>\n\t\t\t\t<div class=\"elementor-element elementor-element-f320946 elementor-widget elementor-widget-text-editor\" data-id=\"f320946\" data-element_type=\"widget\" data-e-type=\"widget\" data-widget_type=\"text-editor.default\">\n\t\t\t\t<div class=\"elementor-widget-container\">\n\t\t\t\t\t\t\t\t\t<p>\u00bfBusca una cabina telef\u00f3nica usada? Recibimos regularmente art\u00edculos devueltos de nuestro programa de alquiler y estamos encantados de encontrar nuevos hogares para las piezas expuestas.<\/p><p>Puede encontrar los modelos usados disponibles actualmente (la oferta var\u00eda seg\u00fan la regi\u00f3n, cantidades limitadas) en nuestro sitio web independiente <a href=\"https:\/\/99cubes.de\/gebrauchte-telefonboxen-gebrauchte-meetingboxen\/\" target=\"_blank\" rel=\"noopener\">99cubes.com<\/a>:<\/p>\t\t\t\t\t\t\t\t<\/div>\n\t\t\t\t<\/div>\n\t\t\t\t<div class=\"elementor-element elementor-element-1630462 elementor-align-center elementor-widget elementor-widget-button\" data-id=\"1630462\" data-element_type=\"widget\" data-e-type=\"widget\" data-widget_type=\"button.default\">\n\t\t\t\t<div class=\"elementor-widget-container\">\n\t\t\t\t\t\t\t\t\t<div class=\"elementor-button-wrapper\">\n\t\t\t\t\t<a class=\"elementor-button elementor-button-link elementor-size-sm\" href=\"https:\/\/99cubes.de\/gebrauchte-telefonboxen-gebrauchte-meetingboxen\/\" target=\"_blank\" rel=\"noopener\">\n\t\t\t\t\t\t<span class=\"elementor-button-content-wrapper\">\n\t\t\t\t\t\t\t\t\t<span class=\"elementor-button-text\">Mostrar cabinas telef\u00f3nicas usadas en 99cubes.de<\/span>\n\t\t\t\t\t<\/span>\n\t\t\t\t\t<\/a>\n\t\t\t\t<\/div>\n\t\t\t\t\t\t\t\t<\/div>\n\t\t\t\t<\/div>\n\t\t\t\t<div class=\"elementor-element elementor-element-32a9447 elementor-widget elementor-widget-spacer\" data-id=\"32a9447\" data-element_type=\"widget\" data-e-type=\"widget\" data-widget_type=\"spacer.default\">\n\t\t\t\t<div class=\"elementor-widget-container\">\n\t\t\t\t\t\t\t<div class=\"elementor-spacer\">\n\t\t\t<div class=\"elementor-spacer-inner\"><\/div>\n\t\t<\/div>\n\t\t\t\t\t\t<\/div>\n\t\t\t\t<\/div>\n\t\t\t\t<div class=\"elementor-element elementor-element-10979ef elementor-widget elementor-widget-image-gallery\" data-id=\"10979ef\" data-element_type=\"widget\" data-e-type=\"widget\" data-widget_type=\"image-gallery.default\">\n\t\t\t\t<div class=\"elementor-widget-container\">\n\t\t\t\t\t\t\t<div class=\"elementor-image-gallery\">\n\t\t\t<div id='gallery-1' class='gallery galleryid-16695 gallery-columns-3 gallery-size-medium_large'><figure class='gallery-item'>\n\t\t\t<div class='gallery-icon landscape'>\n\t\t\t\t<a data-elementor-open-lightbox=\"yes\" data-elementor-lightbox-slideshow=\"10979ef\" data-elementor-lightbox-title=\"gebrauchte Meetingbox Jetson L4 - wei\u00df 2 quad\" data-e-action-hash=\"#elementor-action%3Aaction%3Dlightbox%26settings%3DeyJpZCI6MTcxMjAsInVybCI6Imh0dHBzOlwvXC94b3Jvcy1ob21lLmRlXC93cC1jb250ZW50XC91cGxvYWRzXC8yMDI1XC8xMVwvZ2VicmF1Y2h0ZS1NZWV0aW5nYm94LUpldHNvbi1MNC13ZWlzcy0yLXF1YWQtc2NhbGVkLmpwZyIsInNsaWRlc2hvdyI6IjEwOTc5ZWYifQ%3D%3D\" href=\"https:\/\/xoros-home.de\/wp-content\/uploads\/2025\/11\/gebrauchte-Meetingbox-Jetson-L4-weiss-2-quad-scaled.jpg\"><img fetchpriority=\"high\" decoding=\"async\" width=\"768\" height=\"768\" src=\"https:\/\/xoros-home.de\/wp-content\/uploads\/2025\/11\/gebrauchte-Meetingbox-Jetson-L4-weiss-2-quad-768x768.jpg\" class=\"attachment-medium_large size-medium_large\" alt=\"\" srcset=\"https:\/\/xoros-home.de\/wp-content\/uploads\/2025\/11\/gebrauchte-Meetingbox-Jetson-L4-weiss-2-quad-768x768.jpg 768w, https:\/\/xoros-home.de\/wp-content\/uploads\/2025\/11\/gebrauchte-Meetingbox-Jetson-L4-weiss-2-quad-300x300.jpg 300w, https:\/\/xoros-home.de\/wp-content\/uploads\/2025\/11\/gebrauchte-Meetingbox-Jetson-L4-weiss-2-quad-1024x1024.jpg 1024w, https:\/\/xoros-home.de\/wp-content\/uploads\/2025\/11\/gebrauchte-Meetingbox-Jetson-L4-weiss-2-quad-150x150.jpg 150w, https:\/\/xoros-home.de\/wp-content\/uploads\/2025\/11\/gebrauchte-Meetingbox-Jetson-L4-weiss-2-quad-1536x1536.jpg 1536w, https:\/\/xoros-home.de\/wp-content\/uploads\/2025\/11\/gebrauchte-Meetingbox-Jetson-L4-weiss-2-quad-scaled.jpg 1600w, https:\/\/xoros-home.de\/wp-content\/uploads\/2025\/11\/gebrauchte-Meetingbox-Jetson-L4-weiss-2-quad-12x12.jpg 12w, https:\/\/xoros-home.de\/wp-content\/uploads\/2025\/11\/gebrauchte-Meetingbox-Jetson-L4-weiss-2-quad-600x600.jpg 600w, https:\/\/xoros-home.de\/wp-content\/uploads\/2025\/11\/gebrauchte-Meetingbox-Jetson-L4-weiss-2-quad-100x100.jpg 100w\" sizes=\"(max-width: 768px) 100vw, 768px\" \/><\/a>\n\t\t\t<\/div><\/figure><figure class='gallery-item'>\n\t\t\t<div class='gallery-icon landscape'>\n\t\t\t\t<a data-elementor-open-lightbox=\"yes\" data-elementor-lightbox-slideshow=\"10979ef\" data-elementor-lightbox-title=\"gebrauchte Telefonbox Bosselino quad\" data-e-action-hash=\"#elementor-action%3Aaction%3Dlightbox%26settings%3DeyJpZCI6MTcxMjEsInVybCI6Imh0dHBzOlwvXC94b3Jvcy1ob21lLmRlXC93cC1jb250ZW50XC91cGxvYWRzXC8yMDI1XC8xMVwvZ2VicmF1Y2h0ZS1UZWxlZm9uYm94LUJvc3NlbGluby1xdWFkLmpwZyIsInNsaWRlc2hvdyI6IjEwOTc5ZWYifQ%3D%3D\" href=\"https:\/\/xoros-home.de\/wp-content\/uploads\/2025\/11\/gebrauchte-Telefonbox-Bosselino-quad.jpg\"><img decoding=\"async\" width=\"768\" height=\"768\" src=\"https:\/\/xoros-home.de\/wp-content\/uploads\/2025\/11\/gebrauchte-Telefonbox-Bosselino-quad-768x768.jpg\" class=\"attachment-medium_large size-medium_large\" alt=\"\" srcset=\"https:\/\/xoros-home.de\/wp-content\/uploads\/2025\/11\/gebrauchte-Telefonbox-Bosselino-quad-768x768.jpg 768w, https:\/\/xoros-home.de\/wp-content\/uploads\/2025\/11\/gebrauchte-Telefonbox-Bosselino-quad-300x300.jpg 300w, https:\/\/xoros-home.de\/wp-content\/uploads\/2025\/11\/gebrauchte-Telefonbox-Bosselino-quad-1024x1024.jpg 1024w, https:\/\/xoros-home.de\/wp-content\/uploads\/2025\/11\/gebrauchte-Telefonbox-Bosselino-quad-150x150.jpg 150w, https:\/\/xoros-home.de\/wp-content\/uploads\/2025\/11\/gebrauchte-Telefonbox-Bosselino-quad-1536x1536.jpg 1536w, https:\/\/xoros-home.de\/wp-content\/uploads\/2025\/11\/gebrauchte-Telefonbox-Bosselino-quad.jpg 1600w, https:\/\/xoros-home.de\/wp-content\/uploads\/2025\/11\/gebrauchte-Telefonbox-Bosselino-quad-12x12.jpg 12w, https:\/\/xoros-home.de\/wp-content\/uploads\/2025\/11\/gebrauchte-Telefonbox-Bosselino-quad-600x600.jpg 600w, https:\/\/xoros-home.de\/wp-content\/uploads\/2025\/11\/gebrauchte-Telefonbox-Bosselino-quad-100x100.jpg 100w\" sizes=\"(max-width: 768px) 100vw, 768px\" \/><\/a>\n\t\t\t<\/div><\/figure><figure class='gallery-item'>\n\t\t\t<div class='gallery-icon landscape'>\n\t\t\t\t<a data-elementor-open-lightbox=\"yes\" data-elementor-lightbox-slideshow=\"10979ef\" data-elementor-lightbox-title=\"gebrauchte Meetingbox Jetson L4 - wei\u00df quad\" data-e-action-hash=\"#elementor-action%3Aaction%3Dlightbox%26settings%3DeyJpZCI6MTcxMTksInVybCI6Imh0dHBzOlwvXC94b3Jvcy1ob21lLmRlXC93cC1jb250ZW50XC91cGxvYWRzXC8yMDI1XC8xMVwvZ2VicmF1Y2h0ZS1NZWV0aW5nYm94LUpldHNvbi1MNC13ZWlzcy1xdWFkLXNjYWxlZC5qcGciLCJzbGlkZXNob3ciOiIxMDk3OWVmIn0%3D\" href=\"https:\/\/xoros-home.de\/wp-content\/uploads\/2025\/11\/gebrauchte-Meetingbox-Jetson-L4-weiss-quad-scaled.jpg\"><img decoding=\"async\" width=\"768\" height=\"768\" src=\"https:\/\/xoros-home.de\/wp-content\/uploads\/2025\/11\/gebrauchte-Meetingbox-Jetson-L4-weiss-quad-768x768.jpg\" class=\"attachment-medium_large size-medium_large\" alt=\"\" srcset=\"https:\/\/xoros-home.de\/wp-content\/uploads\/2025\/11\/gebrauchte-Meetingbox-Jetson-L4-weiss-quad-768x768.jpg 768w, https:\/\/xoros-home.de\/wp-content\/uploads\/2025\/11\/gebrauchte-Meetingbox-Jetson-L4-weiss-quad-300x300.jpg 300w, https:\/\/xoros-home.de\/wp-content\/uploads\/2025\/11\/gebrauchte-Meetingbox-Jetson-L4-weiss-quad-1024x1024.jpg 1024w, https:\/\/xoros-home.de\/wp-content\/uploads\/2025\/11\/gebrauchte-Meetingbox-Jetson-L4-weiss-quad-150x150.jpg 150w, https:\/\/xoros-home.de\/wp-content\/uploads\/2025\/11\/gebrauchte-Meetingbox-Jetson-L4-weiss-quad-1536x1536.jpg 1536w, https:\/\/xoros-home.de\/wp-content\/uploads\/2025\/11\/gebrauchte-Meetingbox-Jetson-L4-weiss-quad-scaled.jpg 1600w, https:\/\/xoros-home.de\/wp-content\/uploads\/2025\/11\/gebrauchte-Meetingbox-Jetson-L4-weiss-quad-12x12.jpg 12w, https:\/\/xoros-home.de\/wp-content\/uploads\/2025\/11\/gebrauchte-Meetingbox-Jetson-L4-weiss-quad-600x600.jpg 600w, https:\/\/xoros-home.de\/wp-content\/uploads\/2025\/11\/gebrauchte-Meetingbox-Jetson-L4-weiss-quad-100x100.jpg 100w\" sizes=\"(max-width: 768px) 100vw, 768px\" \/><\/a>\n\t\t\t<\/div><\/figure>\n\t\t<\/div>\n\t\t<\/div>\n\t\t\t\t\t\t<\/div>\n\t\t\t\t<\/div>\n\t\t\t\t<div class=\"elementor-element elementor-element-75f34f3 elementor-widget elementor-widget-spacer\" data-id=\"75f34f3\" data-element_type=\"widget\" data-e-type=\"widget\" data-widget_type=\"spacer.default\">\n\t\t\t\t<div class=\"elementor-widget-container\">\n\t\t\t\t\t\t\t<div class=\"elementor-spacer\">\n\t\t\t<div class=\"elementor-spacer-inner\"><\/div>\n\t\t<\/div>\n\t\t\t\t\t\t<\/div>\n\t\t\t\t<\/div>\n\t\t\t\t\t<\/div>\n\t\t\t\t<\/div>\n\t\t<div class=\"elementor-element elementor-element-ca87335 e-flex e-con-boxed e-con e-parent\" data-id=\"ca87335\" data-element_type=\"container\" data-e-type=\"container\">\n\t\t\t\t\t<div class=\"e-con-inner\">\n\t\t\t\t<div class=\"elementor-element elementor-element-0c3612a elementor-widget elementor-widget-spacer\" data-id=\"0c3612a\" data-element_type=\"widget\" data-e-type=\"widget\" data-widget_type=\"spacer.default\">\n\t\t\t\t<div class=\"elementor-widget-container\">\n\t\t\t\t\t\t\t<div class=\"elementor-spacer\">\n\t\t\t<div class=\"elementor-spacer-inner\"><\/div>\n\t\t<\/div>\n\t\t\t\t\t\t<\/div>\n\t\t\t\t<\/div>\n\t\t\t\t<div class=\"elementor-element elementor-element-3b3f4b5 elementor-widget elementor-widget-heading\" data-id=\"3b3f4b5\" data-element_type=\"widget\" data-e-type=\"widget\" data-widget_type=\"heading.default\">\n\t\t\t\t<div class=\"elementor-widget-container\">\n\t\t\t\t\t<h2 class=\"elementor-heading-title elementor-size-default\">\u00bfQu\u00e9 caracteriza a las cabinas telef\u00f3nicas y de reuni\u00f3n usadas?<\/h2>\t\t\t\t<\/div>\n\t\t\t\t<\/div>\n\t\t\t\t<div class=\"elementor-element elementor-element-df5d486 elementor-widget elementor-widget-text-editor\" data-id=\"df5d486\" data-element_type=\"widget\" data-e-type=\"widget\" data-widget_type=\"text-editor.default\">\n\t\t\t\t<div class=\"elementor-widget-container\">\n\t\t\t\t\t\t\t\t\t<p>Aqu\u00ed encontrar\u00e1 cabinas telef\u00f3nicas y de reuniones usadas de fabricantes de renombre que, por t\u00e9rmino medio, s\u00f3lo tienen 2-3 a\u00f1os, y en algunos casos s\u00f3lo 12 meses. Esto es todav\u00eda relativamente joven: el mobiliario de oficina de alta calidad suele estar dise\u00f1ado para una vida \u00fatil de 10-15 a\u00f1os o m\u00e1s.\u00a0<\/p>\t\t\t\t\t\t\t\t<\/div>\n\t\t\t\t<\/div>\n\t\t<div class=\"elementor-element elementor-element-54ddbc8 e-grid e-con-full e-con e-child\" data-id=\"54ddbc8\" data-element_type=\"container\" data-e-type=\"container\">\n\t\t\t\t<div class=\"elementor-element elementor-element-1c1c346 elementor-view-default elementor-position-block-start elementor-mobile-position-block-start elementor-widget elementor-widget-icon-box\" data-id=\"1c1c346\" data-element_type=\"widget\" data-e-type=\"widget\" data-widget_type=\"icon-box.default\">\n\t\t\t\t<div class=\"elementor-widget-container\">\n\t\t\t\t\t\t\t<div class=\"elementor-icon-box-wrapper\">\n\n\t\t\t\t\t\t<div class=\"elementor-icon-box-icon\">\n\t\t\t\t<span  class=\"elementor-icon\">\n\t\t\t\t<i aria-hidden=\"true\" class=\"huge huge-coins-euro\"><\/i>\t\t\t\t<\/span>\n\t\t\t<\/div>\n\t\t\t\n\t\t\t\t\t\t<div class=\"elementor-icon-box-content\">\n\n\t\t\t\t\t\t\t\t\t<h3 class=\"elementor-icon-box-title\">\n\t\t\t\t\t\t<span  >\n\t\t\t\t\t\t\tM\u00e1s favorable\t\t\t\t\t\t<\/span>\n\t\t\t\t\t<\/h3>\n\t\t\t\t\n\t\t\t\t\t\t\t\t\t<p class=\"elementor-icon-box-description\">\n\t\t\t\t\t\tPuede ahorrar dinero con las cajas de tel\u00e9fono y de reuni\u00f3n usadas. Aqu\u00ed encontrar\u00e1s sobre todo art\u00edculos \"j\u00f3venes\" - puedes esperar ahorrar entre 15% y 35% en comparaci\u00f3n con el precio nuevo.\t\t\t\t\t<\/p>\n\t\t\t\t\n\t\t\t<\/div>\n\t\t\t\n\t\t<\/div>\n\t\t\t\t\t\t<\/div>\n\t\t\t\t<\/div>\n\t\t\t\t<div class=\"elementor-element elementor-element-8dba10e elementor-view-default elementor-position-block-start elementor-mobile-position-block-start elementor-widget elementor-widget-icon-box\" data-id=\"8dba10e\" data-element_type=\"widget\" data-e-type=\"widget\" data-widget_type=\"icon-box.default\">\n\t\t\t\t<div class=\"elementor-widget-container\">\n\t\t\t\t\t\t\t<div class=\"elementor-icon-box-wrapper\">\n\n\t\t\t\t\t\t<div class=\"elementor-icon-box-icon\">\n\t\t\t\t<span  class=\"elementor-icon\">\n\t\t\t\t<i aria-hidden=\"true\" class=\"huge huge-eco-energy\"><\/i>\t\t\t\t<\/span>\n\t\t\t<\/div>\n\t\t\t\n\t\t\t\t\t\t<div class=\"elementor-icon-box-content\">\n\n\t\t\t\t\t\t\t\t\t<h3 class=\"elementor-icon-box-title\">\n\t\t\t\t\t\t<span  >\n\t\t\t\t\t\t\tM\u00e1s sostenible\t\t\t\t\t\t<\/span>\n\t\t\t\t\t<\/h3>\n\t\t\t\t\n\t\t\t\t\t\t\t\t\t<p class=\"elementor-icon-box-description\">\n\t\t\t\t\t\tLas cajas telef\u00f3nicas y de reuniones usadas encuentran r\u00e1pidamente un nuevo hogar con nosotros. Cada nuevo ciclo de utilizaci\u00f3n ahorra valiosos recursos. Damos prioridad a la comercializaci\u00f3n secundaria en la misma regi\u00f3n.\t\t\t\t\t<\/p>\n\t\t\t\t\n\t\t\t<\/div>\n\t\t\t\n\t\t<\/div>\n\t\t\t\t\t\t<\/div>\n\t\t\t\t<\/div>\n\t\t\t\t<div class=\"elementor-element elementor-element-24e030c elementor-view-default elementor-position-block-start elementor-mobile-position-block-start elementor-widget elementor-widget-icon-box\" data-id=\"24e030c\" data-element_type=\"widget\" data-e-type=\"widget\" data-widget_type=\"icon-box.default\">\n\t\t\t\t<div class=\"elementor-widget-container\">\n\t\t\t\t\t\t\t<div class=\"elementor-icon-box-wrapper\">\n\n\t\t\t\t\t\t<div class=\"elementor-icon-box-icon\">\n\t\t\t\t<span  class=\"elementor-icon\">\n\t\t\t\t<i aria-hidden=\"true\" class=\"huge huge-workout-run\"><\/i>\t\t\t\t<\/span>\n\t\t\t<\/div>\n\t\t\t\n\t\t\t\t\t\t<div class=\"elementor-icon-box-content\">\n\n\t\t\t\t\t\t\t\t\t<h3 class=\"elementor-icon-box-title\">\n\t\t\t\t\t\t<span  >\n\t\t\t\t\t\t\tM\u00e1s r\u00e1pido\t\t\t\t\t\t<\/span>\n\t\t\t\t\t<\/h3>\n\t\t\t\t\n\t\t\t\t\t\t\t\t\t<p class=\"elementor-icon-box-description\">\n\t\t\t\t\t\tCuando el tiempo apremia: Las cabinas telef\u00f3nicas usadas o las cajas de reuniones usadas punt\u00faan con el plazo de entrega m\u00e1s corto (siempre que las tengamos en stock). \t\t\t\t\t<\/p>\n\t\t\t\t\n\t\t\t<\/div>\n\t\t\t\n\t\t<\/div>\n\t\t\t\t\t\t<\/div>\n\t\t\t\t<\/div>\n\t\t\t\t<\/div>\n\t\t\t\t<div class=\"elementor-element elementor-element-7903407 elementor-widget elementor-widget-spacer\" data-id=\"7903407\" data-element_type=\"widget\" data-e-type=\"widget\" data-widget_type=\"spacer.default\">\n\t\t\t\t<div class=\"elementor-widget-container\">\n\t\t\t\t\t\t\t<div class=\"elementor-spacer\">\n\t\t\t<div class=\"elementor-spacer-inner\"><\/div>\n\t\t<\/div>\n\t\t\t\t\t\t<\/div>\n\t\t\t\t<\/div>\n\t\t\t\t\t<\/div>\n\t\t\t\t<\/div>\n\t\t\t\t<\/div>","protected":false},"excerpt":{"rendered":"<p>Aktuelle Gebraucht-Angebote Auf der Suche nach einer gebrauchten Telefonbox? Wir erhalten regelm\u00e4\u00dfig R\u00fcckl\u00e4ufer aus unserer Vermietung bzw. vermitteln Ausstellungsst\u00fccken gerne ein neues Zuhause. Die aktuell verf\u00fcgbaren, gebrauchten Modelle (Angebot regional variierend, St\u00fcckzahl limitiert), findet ihr auf unserer separaten Website 99cubes.de: gebrauchte Telefonboxen bei 99cubes.de anzeigen Was zeichnet gebrauchte Telefon- und Meetingboxen aus? Bei uns findet [&hellip;]<\/p>\n","protected":false},"author":6,"featured_media":0,"parent":0,"menu_order":0,"comment_status":"closed","ping_status":"closed","template":"","meta":{"content-type":"","inline_featured_image":false,"footnotes":""},"class_list":["post-16695","page","type-page","status-publish","hentry"],"_links":{"self":[{"href":"https:\/\/xoros-home.de\/es\/wp-json\/wp\/v2\/pages\/16695","targetHints":{"allow":["GET"]}}],"collection":[{"href":"https:\/\/xoros-home.de\/es\/wp-json\/wp\/v2\/pages"}],"about":[{"href":"https:\/\/xoros-home.de\/es\/wp-json\/wp\/v2\/types\/page"}],"author":[{"embeddable":true,"href":"https:\/\/xoros-home.de\/es\/wp-json\/wp\/v2\/users\/6"}],"replies":[{"embeddable":true,"href":"https:\/\/xoros-home.de\/es\/wp-json\/wp\/v2\/comments?post=16695"}],"version-history":[{"count":16,"href":"https:\/\/xoros-home.de\/es\/wp-json\/wp\/v2\/pages\/16695\/revisions"}],"predecessor-version":[{"id":17124,"href":"https:\/\/xoros-home.de\/es\/wp-json\/wp\/v2\/pages\/16695\/revisions\/17124"}],"wp:attachment":[{"href":"https:\/\/xoros-home.de\/es\/wp-json\/wp\/v2\/media?parent=16695"}],"curies":[{"name":"wp","href":"https:\/\/api.w.org\/{rel}","templated":true}]}}