{"id":10458,"date":"2022-05-25T12:55:15","date_gmt":"2022-05-25T10:55:15","guid":{"rendered":"https:\/\/xoros-home.de\/?post_type=product&#038;p=10458"},"modified":"2024-10-29T18:49:37","modified_gmt":"2024-10-29T17:49:37","slug":"cabina-telefonica-bosselino-bosse","status":"publish","type":"product","link":"https:\/\/xoros-home.de\/es\/produkt\/telefonbox-bosselino-bosse\/","title":{"rendered":"Cabina telef\u00f3nica de Bosselino (Bosse)"},"content":{"rendered":"<p><strong>Detalles del producto:<\/strong><\/p>\n<ul>\n<li>Uniones angulares de perfiles de acero y paneles de acero con recubrimiento de polvo negro, paneles exteriores de melamina<\/li>\n<li>Downlights LED de bajo consumo con un color de luz fijo de 3000K blanco c\u00e1lido. Ventilaci\u00f3n silenciosa de alto rendimiento con renovaci\u00f3n de aire permanente de 160 m\u00b3\/h.<\/li>\n<li>Estante con pizarra blanca: Equipado con un interruptor de luz y una toma de corriente.<\/li>\n<li>Base, tapa, puerta y estante de multiplex con chapa de roble aut\u00e9ntico y superficie lacada.<\/li>\n<li>Placa base: Equipada con una base ac\u00fasticamente eficaz y pies ajustables. Movilidad gracias a las ruedas situadas en la parte inferior de la base.<\/li>\n<\/ul>\n<p>&nbsp;<\/p>\n<p><strong>Especificaciones t\u00e9cnicas:<\/strong><\/p>\n<ul>\n<li>Anchura exterior: 975 mm<\/li>\n<li>Profundidad exterior: 975 mm<\/li>\n<li>Altura exterior: 2140 mm.<\/li>\n<li>Altura de techo requerida 2300 mm.<\/li>\n<li>Perfil: recubierto de polvo negro<\/li>\n<li>Material de la puerta: Roble claro<\/li>\n<li>Electrificaci\u00f3n: 1x enchufe, 1x USB (carga, tipo A+C)<\/li>\n<li>Estante: pizarra blanca, magn\u00e9tico<\/li>\n<li>Revestimiento interior: 077.031 Polo gris platino<\/li>\n<li>Material de la pared exterior: negro<\/li>\n<\/ul>\n<p><strong>V\u00eddeo:\u00a0<\/strong><\/p>\n<p><a href=\"https:\/\/www.youtube.com\/watch?v=oRPblLrsrvA\" target=\"_blank\" rel=\"noopener\">https:\/\/www.youtube.com\/watch?v=oRPblLrsrvA<\/a><\/p>\n<p><strong id=\"3D\">Modelo 3D:<\/strong><\/p>\n<p><iframe src=\"https:\/\/impress.pcon-solutions.com\/?l=de&amp;embed=https%3A%2F%2Fxoroshome-my.sharepoint.com%2F%3Au%3A%2Fg%2Fpersonal%2Ffrank_ehlers_xoros-home_de%2FESFfzJ2fRvtKoB14lRI5YtQB81S9JabS27B9TJeYQwUqCg\" width=\"560\" height=\"655\" frameborder=\"0\" allowfullscreen=\"allowfullscreen\"><\/iframe><\/p>\n<p>&nbsp;<\/p>\n<p><strong>Demostraci\u00f3n ac\u00fastica:<\/strong><\/p>\n<p>Deje que el v\u00eddeo le convenza de la calidad ac\u00fastica de la l\u00ednea de productos \"Bosse Human Space\":<\/p>\n<p><a href=\"https:\/\/www.youtube.com\/watch?v=LoSVNpr9X6I\" target=\"_blank\" rel=\"noopener\"><img fetchpriority=\"high\" decoding=\"async\" class=\"alignnone wp-image-11748 size-medium\" src=\"https:\/\/xoros-home.de\/wp-content\/uploads\/2022\/05\/Bosse-Human-Space-Musik-Youtube-300x196.jpg\" alt=\"\" width=\"300\" height=\"196\" srcset=\"https:\/\/xoros-home.de\/wp-content\/uploads\/2022\/05\/Bosse-Human-Space-Musik-Youtube-300x196.jpg 300w, https:\/\/xoros-home.de\/wp-content\/uploads\/2022\/05\/Bosse-Human-Space-Musik-Youtube-1024x670.jpg 1024w, https:\/\/xoros-home.de\/wp-content\/uploads\/2022\/05\/Bosse-Human-Space-Musik-Youtube-768x503.jpg 768w, https:\/\/xoros-home.de\/wp-content\/uploads\/2022\/05\/Bosse-Human-Space-Musik-Youtube-18x12.jpg 18w, https:\/\/xoros-home.de\/wp-content\/uploads\/2022\/05\/Bosse-Human-Space-Musik-Youtube-600x393.jpg 600w, https:\/\/xoros-home.de\/wp-content\/uploads\/2022\/05\/Bosse-Human-Space-Musik-Youtube.jpg 1106w\" sizes=\"(max-width: 300px) 100vw, 300px\" \/><\/a><\/p>","protected":false},"excerpt":{"rendered":"<p>La cabina telef\u00f3nica Bosselino ya no est\u00e1 disponible en la forma que se muestra aqu\u00ed. El modelo sucesor optimizado puede encontrarse aqu\u00ed: <a href=\"https:\/\/xoros-home.de\/es\/productos-de-oficina-en-casa\/cabina-telefonica-bosselino-uno-bosse\/\">Cabina telef\u00f3nica \"Bosselino Uno<\/a>.<\/p>\n<hr \/>\n<p>La cabina telef\u00f3nica Bosselino para una persona impresiona por su dise\u00f1o juvenil y sus elementos de madera de alta calidad para crear una minioficina con un toque feel-good.<\/p>\n<p>Fabricado en Alemania.<\/p>\n<ul>\n<li>Downlights LED de bajo consumo con un color de luz fijo de 3000K blanco c\u00e1lido.<\/li>\n<li>Ventilaci\u00f3n silenciosa de alto rendimiento con renovaci\u00f3n permanente de aire de 160 m\u00b3\/h.<\/li>\n<li>Sencilla conexi\u00f3n a la red el\u00e9ctrica mediante enchufe est\u00e1ndar; longitud del cable aprox. 3,5 m. Diferencia de nivel sonoro entre el interior y el exterior de hasta 35 db.<\/li>\n<li>F\u00e1cil reubicaci\u00f3n gracias a las 8 ruedas para muebles integradas y orientables.<\/li>\n<li>Marco de puerta de multiplex con chapa de madera aut\u00e9ntica de roble<\/li>\n<\/ul>","protected":false},"featured_media":10824,"template":"","meta":{"content-type":"","inline_featured_image":false},"product_brand":[],"product_cat":[200],"product_tag":[132,135,108],"class_list":{"0":"post-10458","1":"product","2":"type-product","3":"status-publish","4":"has-post-thumbnail","6":"product_cat-auslaufmodelle","7":"product_tag-effizienter-schallschutz","8":"product_tag-hersteller-bosse","9":"product_tag-made-in-germany","11":"first","12":"instock","13":"taxable","14":"shipping-taxable","15":"purchasable","16":"product-type-simple"},"_links":{"self":[{"href":"https:\/\/xoros-home.de\/es\/wp-json\/wp\/v2\/product\/10458","targetHints":{"allow":["GET"]}}],"collection":[{"href":"https:\/\/xoros-home.de\/es\/wp-json\/wp\/v2\/product"}],"about":[{"href":"https:\/\/xoros-home.de\/es\/wp-json\/wp\/v2\/types\/product"}],"version-history":[{"count":1,"href":"https:\/\/xoros-home.de\/es\/wp-json\/wp\/v2\/product\/10458\/revisions"}],"predecessor-version":[{"id":11221,"href":"https:\/\/xoros-home.de\/es\/wp-json\/wp\/v2\/product\/10458\/revisions\/11221"}],"wp:featuredmedia":[{"embeddable":true,"href":"https:\/\/xoros-home.de\/es\/wp-json\/wp\/v2\/media\/10824"}],"wp:attachment":[{"href":"https:\/\/xoros-home.de\/es\/wp-json\/wp\/v2\/media?parent=10458"}],"wp:term":[{"taxonomy":"product_brand","embeddable":true,"href":"https:\/\/xoros-home.de\/es\/wp-json\/wp\/v2\/product_brand?post=10458"},{"taxonomy":"product_cat","embeddable":true,"href":"https:\/\/xoros-home.de\/es\/wp-json\/wp\/v2\/product_cat?post=10458"},{"taxonomy":"product_tag","embeddable":true,"href":"https:\/\/xoros-home.de\/es\/wp-json\/wp\/v2\/product_tag?post=10458"}],"curies":[{"name":"wp","href":"https:\/\/api.w.org\/{rel}","templated":true}]}}