{"id":11147,"date":"2023-02-16T16:59:49","date_gmt":"2023-02-16T15:59:49","guid":{"rendered":"https:\/\/xoros-home.de\/?post_type=product&#038;p=11147"},"modified":"2025-07-08T09:34:25","modified_gmt":"2025-07-08T07:34:25","slug":"formacion-en-linea-ergonomiehome-hasta-25-participantes","status":"publish","type":"product","link":"https:\/\/xoros-home.de\/es\/produkt\/online-training-ergonomiehome-bis-25-teilnehmer\/","title":{"rendered":"Formaci\u00f3n en l\u00ednea: Ergonomics@Home"},"content":{"rendered":"<p>Duraci\u00f3n: 90 min (taller en l\u00ednea).<\/p>\n<p>Se concertar\u00e1 una cita individual tras la reserva. El taller de ergonom\u00eda se organiza en l\u00ednea y estaremos encantados de utilizar sus herramientas internas (Microsoft Teams, Zoom, Google Meet, Jitsi, WebEx, etc.). La formaci\u00f3n en l\u00ednea \"Ergonomics@Home\" abarca los siguientes puntos; el ponente se pondr\u00e1 en contacto con usted con antelaci\u00f3n para establecer un enfoque individual y responder a las necesidades y deseos de su empresa:<\/p>\n<ul>\n<li>ABC de la ergonom\u00eda<\/li>\n<li>Todo lo relacionado con la espalda<\/li>\n<li>Reconocer a tiempo el estr\u00e9s f\u00edsico y psicol\u00f3gico y reforzar la resiliencia<\/li>\n<li>Ergo impulsos para situaciones de oficina en casa<\/li>\n<li>Autogesti\u00f3n y autoorganizaci\u00f3n<\/li>\n<\/ul>","protected":false},"excerpt":{"rendered":"<p>En un taller en l\u00ednea de 90 minutos, su equipo recibir\u00e1 consejos informativos y entretenidos sobre el tema de la ergonom\u00eda.<\/p>","protected":false},"featured_media":11148,"template":"","meta":{"content-type":"","inline_featured_image":false},"product_brand":[],"product_cat":[139],"product_tag":[140],"class_list":{"0":"post-11147","1":"product","2":"type-product","3":"status-publish","4":"has-post-thumbnail","6":"product_cat-gesundheits-services-arbeitsschutz","7":"product_tag-ergoimpuls","9":"first","10":"instock","11":"taxable","12":"shipping-taxable","13":"purchasable","14":"product-type-simple"},"_links":{"self":[{"href":"https:\/\/xoros-home.de\/es\/wp-json\/wp\/v2\/product\/11147","targetHints":{"allow":["GET"]}}],"collection":[{"href":"https:\/\/xoros-home.de\/es\/wp-json\/wp\/v2\/product"}],"about":[{"href":"https:\/\/xoros-home.de\/es\/wp-json\/wp\/v2\/types\/product"}],"version-history":[{"count":0,"href":"https:\/\/xoros-home.de\/es\/wp-json\/wp\/v2\/product\/11147\/revisions"}],"wp:featuredmedia":[{"embeddable":true,"href":"https:\/\/xoros-home.de\/es\/wp-json\/wp\/v2\/media\/11148"}],"wp:attachment":[{"href":"https:\/\/xoros-home.de\/es\/wp-json\/wp\/v2\/media?parent=11147"}],"wp:term":[{"taxonomy":"product_brand","embeddable":true,"href":"https:\/\/xoros-home.de\/es\/wp-json\/wp\/v2\/product_brand?post=11147"},{"taxonomy":"product_cat","embeddable":true,"href":"https:\/\/xoros-home.de\/es\/wp-json\/wp\/v2\/product_cat?post=11147"},{"taxonomy":"product_tag","embeddable":true,"href":"https:\/\/xoros-home.de\/es\/wp-json\/wp\/v2\/product_tag?post=11147"}],"curies":[{"name":"wp","href":"https:\/\/api.w.org\/{rel}","templated":true}]}}