{"id":11175,"date":"2023-02-21T18:17:58","date_gmt":"2023-02-21T17:17:58","guid":{"rendered":"https:\/\/xoros-home.de\/?post_type=product&#038;p=11175"},"modified":"2025-07-06T17:05:22","modified_gmt":"2025-07-06T15:05:22","slug":"cabina-telefonica-jetson-s1-mute","status":"publish","type":"product","link":"https:\/\/xoros-home.de\/es\/produkt\/telefonbox-jetson-s1-mute\/","title":{"rendered":"Cabina telef\u00f3nica Jetson S1 (MUTE)"},"content":{"rendered":"<p>La estructura de la Jetson S1 es de aluminio extruido, por lo que es mucho m\u00e1s duradera y ligera que los modelos basados en paneles de madera. En combinaci\u00f3n con el sistema de conexi\u00f3n a la pared sin herramientas, la Jetson S1 es m\u00e1s r\u00e1pida y f\u00e1cil de montar y desmontar que cualquier otra cabina telef\u00f3nica del mercado.<\/p>\n<p>Jetson S1 est\u00e1 disponible en blanco o negro, y las paredes exteriores pueden equiparse opcionalmente con estanter\u00edas o pizarras blancas.<\/p>\n<p>Ficha t\u00e9cnica:\u00a0<a href=\"https:\/\/xoros-home.de\/wp-content\/uploads\/2023\/02\/Jetson_S1_Daten_DE.pdf\" target=\"_blank\" rel=\"noopener\">Descargar la ficha t\u00e9cnica de Jetson S1<\/a><\/p>\n<p>&nbsp;<\/p>\n<p><strong>Modelo 3D:<\/strong><\/p>\n<p><iframe src=\"https:\/\/impress.pcon-solutions.com\/?l=de&amp;embed=https%3A%2F%2Fxoroshome-my.sharepoint.com%2F%3Au%3A%2Fg%2Fpersonal%2Ffrank_ehlers_xoros-home_de%2FETxXzY2RH0VHn6FY3tnJ68YBxhmpfwmkyNYBOT5HcqLOZQ\" width=\"450\" height=\"450\" frameborder=\"1\" allowfullscreen=\"allowfullscreen\"><span data-mce-type=\"bookmark\" style=\"display: inline-block; width: 0px; overflow: hidden; line-height: 0;\" class=\"mce_SELRES_start\"><\/span><span data-mce-type=\"bookmark\" style=\"display: inline-block; width: 0px; overflow: hidden; line-height: 0;\" class=\"mce_SELRES_start\"><\/span><\/iframe><\/p>\n<p>&nbsp;<\/p>\n<p><strong>Equipamiento:<\/strong><\/p>\n<ul>\n<li>Sistema de ventilaci\u00f3n<\/li>\n<li>Luz LED<\/li>\n<li>Detector de presencia para ventiladores y luz<\/li>\n<li>Regleta con 2 enchufes y 2 puertos USB<\/li>\n<li>Tablero mural<\/li>\n<li>Carril de exposici\u00f3n, soporte para tel\u00e9fono<\/li>\n<li>Gancho de pared e im\u00e1n<\/li>\n<li>Cable de alimentaci\u00f3n de 3 m<\/li>\n<\/ul>\n<p><strong>Dimensiones y peso:<\/strong><\/p>\n<ul>\n<li>Anchura (exterior \/ interior): 1000 mm \/ 860 mm<\/li>\n<li>Profundidad (exterior \/ interior): 1000 mm \/ 860 mm + 800 mm con la puerta abierta<\/li>\n<li>Altura (exterior \/ interior): 2247 mm \/ 2105 mm<\/li>\n<li class=\"tech-specs__field\">Tablero (ancho x fondo x alto): 860 x 300 x ajustable (cada 4,5 cm)<\/li>\n<li class=\"tech-specs__field\">Peso: 210 kg<\/li>\n<\/ul>\n<p><strong>Datos ac\u00fasticos y ventilaci\u00f3n:<\/strong><\/p>\n<ul>\n<li>Atenuaci\u00f3n de la voz: 26,4 dB, clase B seg\u00fan ISO 23351<\/li>\n<li>RT20 interior: &lt;0,2 s seg\u00fan ISO 354:2000<\/li>\n<li>Caudal de aire: 50 m3\/h<\/li>\n<li>Ruido de ventilaci\u00f3n exterior \/ interior: \u226430 dB \/ \u226436 dB<\/li>\n<\/ul>\n<p><strong>Toma de corriente m\u00faltiple:<\/strong><\/p>\n<ul>\n<li>Tensi\u00f3n de alimentaci\u00f3n: 220-240 \/ 100-120 VCA, 50-60 Hz<\/li>\n<li>Tomas: 2<\/li>\n<li>Cargador r\u00e1pido USB: TUF A+C 25 W, 5 V CC<\/li>\n<li>Sistema de montaje: Incl.<\/li>\n<li>Color: Negro<\/li>\n<\/ul>","protected":false},"excerpt":{"rendered":"<p>El oasis ac\u00fastico para una persona<\/p>\n<p>La Jetson S1 es la \u00faltima cabina telef\u00f3nica del especialista en ac\u00fastica \"Mute\". Materiales de alta calidad, componentes duraderos y un interior bien pensado se unen a unos precios favorables. Y es que la Jetson S1 solo est\u00e1 disponible en blanco o negro, por lo que puede fabricarse de forma m\u00e1s eficiente.<\/p>\n<p>La familia Jetson est\u00e1 formada por el gran <a href=\"https:\/\/xoros-home.de\/es\/producto\/meetingbox-jetson-l4-mute-2\/\">Palco de reuni\u00f3n de 4 plazas Jetson L4<\/a>el <a href=\"https:\/\/xoros-home.de\/es\/producto\/caja-de-reunion-de-2-plazas-jetson-l2-mute\/\">Palco de reuni\u00f3n de 2 plazas Jetson L2<\/a>el <a href=\"https:\/\/xoros-home.de\/es\/producto\/workbox-jetson-m1-mute\/\">Caja de trabajo M1<\/a> y el peque\u00f1o <a href=\"https:\/\/xoros-home.de\/es\/producto\/cabina-telefonica-jetson-s1-mute\/\">Cabina telef\u00f3nica Jetson S1<\/a>.<\/p>\n<p><img decoding=\"async\" class=\"alignnone wp-image-11202 size-thumbnail\" src=\"https:\/\/xoros-home.de\/wp-content\/uploads\/2023\/02\/logo-mute.svg\" alt=\"\" width=\"150\" height=\"30\" \/><\/p>","protected":false},"featured_media":11186,"template":"","meta":{"content-type":"","inline_featured_image":false},"product_brand":[],"product_cat":[131],"product_tag":[132,142],"class_list":{"0":"post-11175","1":"product","2":"type-product","3":"status-publish","4":"has-post-thumbnail","6":"product_cat-telefonbox","7":"product_tag-effizienter-schallschutz","8":"product_tag-hersteller-mute","10":"first","11":"instock","12":"taxable","13":"shipping-taxable","14":"purchasable","15":"product-type-simple"},"_links":{"self":[{"href":"https:\/\/xoros-home.de\/es\/wp-json\/wp\/v2\/product\/11175","targetHints":{"allow":["GET"]}}],"collection":[{"href":"https:\/\/xoros-home.de\/es\/wp-json\/wp\/v2\/product"}],"about":[{"href":"https:\/\/xoros-home.de\/es\/wp-json\/wp\/v2\/types\/product"}],"version-history":[{"count":1,"href":"https:\/\/xoros-home.de\/es\/wp-json\/wp\/v2\/product\/11175\/revisions"}],"predecessor-version":[{"id":11189,"href":"https:\/\/xoros-home.de\/es\/wp-json\/wp\/v2\/product\/11175\/revisions\/11189"}],"wp:featuredmedia":[{"embeddable":true,"href":"https:\/\/xoros-home.de\/es\/wp-json\/wp\/v2\/media\/11186"}],"wp:attachment":[{"href":"https:\/\/xoros-home.de\/es\/wp-json\/wp\/v2\/media?parent=11175"}],"wp:term":[{"taxonomy":"product_brand","embeddable":true,"href":"https:\/\/xoros-home.de\/es\/wp-json\/wp\/v2\/product_brand?post=11175"},{"taxonomy":"product_cat","embeddable":true,"href":"https:\/\/xoros-home.de\/es\/wp-json\/wp\/v2\/product_cat?post=11175"},{"taxonomy":"product_tag","embeddable":true,"href":"https:\/\/xoros-home.de\/es\/wp-json\/wp\/v2\/product_tag?post=11175"}],"curies":[{"name":"wp","href":"https:\/\/api.w.org\/{rel}","templated":true}]}}