{"id":11194,"date":"2023-02-23T11:30:49","date_gmt":"2023-02-23T10:30:49","guid":{"rendered":"https:\/\/xoros-home.de\/?post_type=product&#038;p=11194"},"modified":"2024-09-17T10:06:45","modified_gmt":"2024-09-17T08:06:45","slug":"cabina-telefonica-espacio-s-mute","status":"publish","type":"product","link":"https:\/\/xoros-home.de\/es\/produkt\/telefonbox-space-s-mute\/","title":{"rendered":"Cabina telef\u00f3nica Espacio S (MUTE)"},"content":{"rendered":"<p>Ficha t\u00e9cnica: <a href=\"https:\/\/xoros-home.de\/wp-content\/uploads\/2023\/02\/Space_S_Daten_DE_2021.pdf\">Descargar la ficha t\u00e9cnica de Space S<\/a>.<\/p>\n<table>\n<tbody>\n<tr>\n<th>Equipamiento<\/th>\n<th>Modelo est\u00e1ndar<\/th>\n<th>Modelo de videoconferencia<\/th>\n<\/tr>\n<tr>\n<td>Sistema de ventilaci\u00f3n<\/td>\n<td>contienen<\/td>\n<td>contienen<\/td>\n<\/tr>\n<tr>\n<td>Luz LED<\/td>\n<td>contienen<\/td>\n<td>contienen<\/td>\n<\/tr>\n<tr>\n<td>Detector de movimiento<\/td>\n<td>contienen<\/td>\n<td>contienen<\/td>\n<\/tr>\n<tr>\n<td>Enchufe<\/td>\n<td>contienen<\/td>\n<td>contienen<\/td>\n<\/tr>\n<tr>\n<td>Tablero de pared<\/td>\n<td>contienen<\/td>\n<td>contienen<\/td>\n<\/tr>\n<tr>\n<td>Gancho de pared (carga hasta 5 kg)<\/td>\n<td>contienen<\/td>\n<td>contienen<\/td>\n<\/tr>\n<tr>\n<td>Alfombra de grafito<\/td>\n<td>contienen<\/td>\n<td>contienen<\/td>\n<\/tr>\n<tr>\n<td>Bisagra de puerta opcionalmente izquierda o derecha<\/td>\n<td>contienen<\/td>\n<td>contienen<\/td>\n<\/tr>\n<tr>\n<td>Taburete regulable en altura<\/td>\n<td>contra recargo<\/td>\n<td>contienen<\/td>\n<\/tr>\n<tr>\n<td>USB A&amp;C<\/td>\n<td>contra recargo<\/td>\n<td>contienen<\/td>\n<\/tr>\n<tr>\n<td>Conexi\u00f3n LAN<\/td>\n<td>contra recargo<\/td>\n<td>\u00a0contra recargo<\/td>\n<\/tr>\n<tr>\n<td>Soporte de pared con placa VESA 75 y 100<\/td>\n<td>\u2013<\/td>\n<td>contienen<\/td>\n<\/tr>\n<tr>\n<td>USB y HDMI para transmisi\u00f3n de v\u00eddeo<\/td>\n<td>\u2013<\/td>\n<td>contienen<\/td>\n<\/tr>\n<tr>\n<td>Respaldo montado en la pared<\/td>\n<td>contra recargo<\/td>\n<td>\u2013<\/td>\n<\/tr>\n<tr>\n<td>Ruedas integradas para facilitar su traslado<\/td>\n<td>contra recargo<\/td>\n<td>contra recargo<\/td>\n<\/tr>\n<tr>\n<td>Panel de interruptores para luz e iluminaci\u00f3n<\/td>\n<td>contra recargo<\/td>\n<td>contra recargo<\/td>\n<\/tr>\n<\/tbody>\n<\/table>\n<p><strong>Dimensiones y peso:<\/strong><\/p>\n<ul>\n<li>Anchura (exterior \/ interior): 1000 mm \/ 805 mm<\/li>\n<li>Profundidad (exterior \/ interior): 1000 mm (+ 700 mm con la puerta abierta) \/ 887 mm<\/li>\n<li>Altura (exterior \/ interior): 2247 mm \/ 2080 mm (distancia al techo: 2000 mm para ventilaci\u00f3n)<\/li>\n<li class=\"tech-specs__field\">Peso: 347 kg<\/li>\n<\/ul>\n<p><strong>Datos ac\u00fasticos y ventilaci\u00f3n:<\/strong><\/p>\n<ul>\n<li>Atenuaci\u00f3n ac\u00fastica: entre 30 dB (frecuencias bajas) y m\u00e1s de 45 dB (frecuencias altas), seg\u00fan la frecuencia<\/li>\n<li>RT20 Rendimiento interno: &lt;0,2 s seg\u00fan PN-EN ISO 354:2005<\/li>\n<li>Caudal de aire: 63 m3\/h<\/li>\n<\/ul>\n<p><iframe src=\"https:\/\/impress.pcon-solutions.com\/?l=de&amp;embed=https%3A%2F%2Fxoroshome-my.sharepoint.com%2F%3Au%3A%2Fg%2Fpersonal%2Ffrank_ehlers_xoros-home_de%2FEUHrHXHgab1Eui1JIFsF-G8BJxxhz7xOmf7bw-ILgNeaEw\" width=\"450\" height=\"450\" frameborder=\"1\" allowfullscreen=\"allowfullscreen\"><\/iframe><\/p>","protected":false},"excerpt":{"rendered":"<p>La cabina telef\u00f3nica Space S de Mute tiene un nivel de aislamiento ac\u00fastico extremadamente alto, por lo que puede utilizarse incluso en estaciones de tren o aeropuertos. As\u00ed que no se preocupe: aunque sus compa\u00f1eros de oficina sean muy ruidosos, el Space S es un lugar de silencio para concentrarse en el trabajo o para importantes conferencias telef\u00f3nicas o videoconferencias.<\/p>\n<p>El Space S est\u00e1 disponible en dos modelos diferentes:<\/p>\n<ul>\n<li>Modelo est\u00e1ndar<\/li>\n<li>Modelo de videoconferencia (con soporte de monitor integrado en la pared)<\/li>\n<\/ul>","protected":false},"featured_media":11195,"template":"","meta":{"content-type":"","inline_featured_image":false},"product_brand":[],"product_cat":[131],"product_tag":[132,142],"class_list":{"0":"post-11194","1":"product","2":"type-product","3":"status-publish","4":"has-post-thumbnail","6":"product_cat-telefonbox","7":"product_tag-effizienter-schallschutz","8":"product_tag-hersteller-mute","10":"first","11":"instock","12":"taxable","13":"shipping-taxable","14":"purchasable","15":"product-type-simple"},"_links":{"self":[{"href":"https:\/\/xoros-home.de\/es\/wp-json\/wp\/v2\/product\/11194","targetHints":{"allow":["GET"]}}],"collection":[{"href":"https:\/\/xoros-home.de\/es\/wp-json\/wp\/v2\/product"}],"about":[{"href":"https:\/\/xoros-home.de\/es\/wp-json\/wp\/v2\/types\/product"}],"version-history":[{"count":1,"href":"https:\/\/xoros-home.de\/es\/wp-json\/wp\/v2\/product\/11194\/revisions"}],"predecessor-version":[{"id":11209,"href":"https:\/\/xoros-home.de\/es\/wp-json\/wp\/v2\/product\/11194\/revisions\/11209"}],"wp:featuredmedia":[{"embeddable":true,"href":"https:\/\/xoros-home.de\/es\/wp-json\/wp\/v2\/media\/11195"}],"wp:attachment":[{"href":"https:\/\/xoros-home.de\/es\/wp-json\/wp\/v2\/media?parent=11194"}],"wp:term":[{"taxonomy":"product_brand","embeddable":true,"href":"https:\/\/xoros-home.de\/es\/wp-json\/wp\/v2\/product_brand?post=11194"},{"taxonomy":"product_cat","embeddable":true,"href":"https:\/\/xoros-home.de\/es\/wp-json\/wp\/v2\/product_cat?post=11194"},{"taxonomy":"product_tag","embeddable":true,"href":"https:\/\/xoros-home.de\/es\/wp-json\/wp\/v2\/product_tag?post=11194"}],"curies":[{"name":"wp","href":"https:\/\/api.w.org\/{rel}","templated":true}]}}