{"id":11631,"date":"2023-03-09T18:21:21","date_gmt":"2023-03-09T17:21:21","guid":{"rendered":"https:\/\/xoros-home.de\/?post_type=product&#038;p=11631"},"modified":"2024-02-23T12:18:42","modified_gmt":"2024-02-23T11:18:42","slug":"abrazadera-luz-lente-single-f-molto-luce","status":"publish","type":"product","link":"https:\/\/xoros-home.de\/es\/produkt\/klemmleuchte-lens-single-f-molto-luce\/","title":{"rendered":"Lente Luz de pinza simple F (Molto Luce)"},"content":{"rendered":"<p>La Lens Single F de Moltoluce est\u00e1 disponible como l\u00e1mpara de pinza, ideal para mesas de altura regulable el\u00e9ctricamente. La luz se mueve hacia arriba cuando se levanta la mesa y, por lo tanto, tiene la distancia ideal a la superficie de la mesa en cualquier posici\u00f3n.<\/p>\n<p><strong>Caracter\u00edsticas del producto:<\/strong><\/p>\n<p id=\"isPasted\">LENTE SINGLE F CLIMATE LUMINAIRE de perfil de aluminio extruido, \u00f3ptica de lente con rejilla antideslumbrante, color de luz 3000K (blanco c\u00e1lido), \u00e1ngulo de haz para puesto de trabajo individual, emisi\u00f3n de luz directa\/indirecta, UGR &lt;16, con equipo auxiliar, m\u00e1x. 250mA, cable negro, IP20, regulabilidad: Push Dim, interruptor basculante.<\/p>\n<p><strong>Tres versiones de color diferentes:<\/strong><\/p>\n<ul>\n<li>negro, similar a RAL 9005<\/li>\n<li>blanco, similar a RAL 9016<\/li>\n<li>anodizado natural, similar a RAL 9006<\/li>\n<\/ul>","protected":false},"excerpt":{"rendered":"<p>La luminaria de pinza Lens Single F es una luminaria minimalista que proporciona una excelente iluminaci\u00f3n del puesto de trabajo con una distribuci\u00f3n de la luz directa\/indirecta en una proporci\u00f3n de 40:60. La luminaria \"Lens\" consigue un perfecto control del deslumbramiento de UGR&lt;16 mediante una rejilla negra de alto brillo en combinaci\u00f3n con lentes empotradas especialmente adaptadas. La luminaria se fija a la mesa mediante un adaptador de sujeci\u00f3n, por lo que resulta ideal para mesas de altura regulable: la mejor luz a cualquier altura.<\/p>\n<p><img decoding=\"async\" class=\"alignnone size-medium wp-image-8624\" src=\"https:\/\/xoros-home.de\/wp-content\/uploads\/2022\/06\/Molto-Luce-300x63.jpg\" alt=\"\" width=\"300\" height=\"63\" srcset=\"https:\/\/xoros-home.de\/wp-content\/uploads\/2022\/06\/Molto-Luce-300x63.jpg 300w, https:\/\/xoros-home.de\/wp-content\/uploads\/2022\/06\/Molto-Luce-768x161.jpg 768w, https:\/\/xoros-home.de\/wp-content\/uploads\/2022\/06\/Molto-Luce-600x126.jpg 600w, https:\/\/xoros-home.de\/wp-content\/uploads\/2022\/06\/Molto-Luce.jpg 817w\" sizes=\"(max-width: 300px) 100vw, 300px\" \/><\/p>","protected":false},"featured_media":11625,"template":"","meta":{"content-type":"","inline_featured_image":false},"product_brand":[],"product_cat":[110,39,193],"product_tag":[112,44,116],"class_list":{"0":"post-11631","1":"product","2":"type-product","3":"status-publish","4":"has-post-thumbnail","6":"product_cat-leuchten","7":"product_cat-moebel","8":"product_cat-office-leuchten","9":"product_tag-einfache-selbstmontage","10":"product_tag-ergonomisch","11":"product_tag-hersteller-molto-luce","13":"first","14":"instock","15":"taxable","16":"shipping-taxable","17":"purchasable","18":"product-type-simple"},"_links":{"self":[{"href":"https:\/\/xoros-home.de\/es\/wp-json\/wp\/v2\/product\/11631","targetHints":{"allow":["GET"]}}],"collection":[{"href":"https:\/\/xoros-home.de\/es\/wp-json\/wp\/v2\/product"}],"about":[{"href":"https:\/\/xoros-home.de\/es\/wp-json\/wp\/v2\/types\/product"}],"version-history":[{"count":0,"href":"https:\/\/xoros-home.de\/es\/wp-json\/wp\/v2\/product\/11631\/revisions"}],"wp:featuredmedia":[{"embeddable":true,"href":"https:\/\/xoros-home.de\/es\/wp-json\/wp\/v2\/media\/11625"}],"wp:attachment":[{"href":"https:\/\/xoros-home.de\/es\/wp-json\/wp\/v2\/media?parent=11631"}],"wp:term":[{"taxonomy":"product_brand","embeddable":true,"href":"https:\/\/xoros-home.de\/es\/wp-json\/wp\/v2\/product_brand?post=11631"},{"taxonomy":"product_cat","embeddable":true,"href":"https:\/\/xoros-home.de\/es\/wp-json\/wp\/v2\/product_cat?post=11631"},{"taxonomy":"product_tag","embeddable":true,"href":"https:\/\/xoros-home.de\/es\/wp-json\/wp\/v2\/product_tag?post=11631"}],"curies":[{"name":"wp","href":"https:\/\/api.w.org\/{rel}","templated":true}]}}