{"id":11632,"date":"2023-03-10T14:24:43","date_gmt":"2023-03-10T13:24:43","guid":{"rendered":"https:\/\/xoros-home.de\/?post_type=product&#038;p=11632"},"modified":"2025-07-08T09:38:25","modified_gmt":"2025-07-08T07:38:25","slug":"formacion-en-linea-oficina-en-casa","status":"publish","type":"product","link":"https:\/\/xoros-home.de\/es\/produkt\/onlineunterweisung-homeoffice\/","title":{"rendered":"Ense\u00f1anza en l\u00ednea desde casa"},"content":{"rendered":"<p>Seg\u00fan el art\u00edculo 12 de la Ley de Salud y Seguridad en el Trabajo, todas las empresas est\u00e1n obligadas a impartir formaci\u00f3n a sus empleados. Sin embargo, diversos factores (enfermedad, vacaciones, trabajo desde casa) dificultan a menudo la planificaci\u00f3n y ejecuci\u00f3n.<br \/>\nIfG GmbH ofrece una herramienta para instruir a los empleados sobre el tema del trabajo desde casa en forma de formaci\u00f3n en l\u00ednea independiente de la hora y el lugar. Tras la formaci\u00f3n en l\u00ednea, los empleados ser\u00e1n capaces de comportarse de forma segura y saludable cuando trabajen desde casa.<\/p>\n<ul>\n<li>Tiempo de procesamiento aprox. 10 min<\/li>\n<li>Env\u00edo a los empleados de un correo electr\u00f3nico de invitaci\u00f3n con un enlace de acceso individualizado<\/li>\n<li>Comprobaci\u00f3n del \u00e9xito del aprendizaje al final de la instrucci\u00f3n<\/li>\n<li>Prueba de instrucci\u00f3n en formato electr\u00f3nico<\/li>\n<\/ul>\n<p>Cada sesi\u00f3n de formaci\u00f3n se documenta a nivel de empleado como un servicio reservado, lo que ofrece a los responsables de la empresa una visi\u00f3n de conjunto en todo momento y les permite demostrar cu\u00e1ndo se llev\u00f3 a cabo la \u00faltima sesi\u00f3n de formaci\u00f3n o disponer que se realice una nueva a su debido tiempo.<\/p>","protected":false},"excerpt":{"rendered":"<p>Seg\u00fan el art\u00edculo 12 de la Ley de Salud y Seguridad en el Trabajo, todas las empresas est\u00e1n obligadas a impartir formaci\u00f3n a sus empleados. Sin embargo, diversos factores (enfermedad, vacaciones, trabajo desde casa) dificultan a menudo la planificaci\u00f3n y ejecuci\u00f3n. Con la formaci\u00f3n en l\u00ednea independiente del tiempo y el lugar, esto es f\u00e1cilmente posible teniendo en cuenta la situaci\u00f3n especial de la oficina en casa.<\/p>","protected":false},"featured_media":11633,"template":"","meta":{"content-type":"","inline_featured_image":false},"product_brand":[],"product_cat":[139],"product_tag":[144],"class_list":{"0":"post-11632","1":"product","2":"type-product","3":"status-publish","4":"has-post-thumbnail","6":"product_cat-gesundheits-services-arbeitsschutz","7":"product_tag-institut-fuer-gesundheit-und-management","9":"first","10":"instock","11":"taxable","12":"shipping-taxable","13":"purchasable","14":"product-type-simple"},"_links":{"self":[{"href":"https:\/\/xoros-home.de\/es\/wp-json\/wp\/v2\/product\/11632","targetHints":{"allow":["GET"]}}],"collection":[{"href":"https:\/\/xoros-home.de\/es\/wp-json\/wp\/v2\/product"}],"about":[{"href":"https:\/\/xoros-home.de\/es\/wp-json\/wp\/v2\/types\/product"}],"version-history":[{"count":0,"href":"https:\/\/xoros-home.de\/es\/wp-json\/wp\/v2\/product\/11632\/revisions"}],"wp:featuredmedia":[{"embeddable":true,"href":"https:\/\/xoros-home.de\/es\/wp-json\/wp\/v2\/media\/11633"}],"wp:attachment":[{"href":"https:\/\/xoros-home.de\/es\/wp-json\/wp\/v2\/media?parent=11632"}],"wp:term":[{"taxonomy":"product_brand","embeddable":true,"href":"https:\/\/xoros-home.de\/es\/wp-json\/wp\/v2\/product_brand?post=11632"},{"taxonomy":"product_cat","embeddable":true,"href":"https:\/\/xoros-home.de\/es\/wp-json\/wp\/v2\/product_cat?post=11632"},{"taxonomy":"product_tag","embeddable":true,"href":"https:\/\/xoros-home.de\/es\/wp-json\/wp\/v2\/product_tag?post=11632"}],"curies":[{"name":"wp","href":"https:\/\/api.w.org\/{rel}","templated":true}]}}