{"id":11636,"date":"2023-03-10T14:21:27","date_gmt":"2023-03-10T13:21:27","guid":{"rendered":"https:\/\/xoros-home.de\/?post_type=product&#038;p=11636"},"modified":"2025-07-08T09:37:43","modified_gmt":"2025-07-08T07:37:43","slug":"evaluacion-de-riesgos-en-la-oficina-domestica","status":"publish","type":"product","link":"https:\/\/xoros-home.de\/es\/produkt\/gefaehrdungsbeurteilung-im-homeoffice\/","title":{"rendered":"Evaluaci\u00f3n de riesgos en la oficina dom\u00e9stica"},"content":{"rendered":"<p>Con la ayuda de una herramienta en l\u00ednea, se pueden evaluar los lugares de trabajo de las oficinas en casa y, en caso necesario, determinar las posibilidades de mejora para mantener la salud de todos los empleados, incluso cuando trabajan desde casa.<br \/>\nPara ello, los puestos de trabajo de las oficinas en casa se comparan con los criterios publicados por el Instituto de Trabajo y Salud (FBVW-402) y son evaluados por especialistas en seguridad laboral. Posteriormente, recibir\u00e1 documentaci\u00f3n conforme a la ley para cada puesto de trabajo individual, as\u00ed como sugerencias de medidas para optimizar el dise\u00f1o del puesto de trabajo en caso necesario.<\/p>\n<ul>\n<li>Duraci\u00f3n aproximada de la encuesta: 10 minutos<\/li>\n<li>Evaluaci\u00f3n de los siguientes criterios, incluidas las horas de trabajo en el domicilio:\n<ul>\n<li>Mesa de trabajo<\/li>\n<li>Silla de trabajo<\/li>\n<li>Hardware<\/li>\n<li>Pantalla<\/li>\n<li>\u00c1rea de trabajo<\/li>\n<li>Entorno de trabajo<\/li>\n<\/ul>\n<\/li>\n<li>Preparaci\u00f3n de los resultados\/recomendaciones unos 14 d\u00edas despu\u00e9s de haber cumplimentado el cuestionario en su totalidad<\/li>\n<\/ul>","protected":false},"excerpt":{"rendered":"<p>Con la ayuda de una herramienta en l\u00ednea, se pueden evaluar los lugares de trabajo de las oficinas en casa y, en caso necesario, determinar las posibilidades de mejora para mantener la salud de todos los empleados, incluso cuando trabajan desde casa.<\/p>","protected":false},"featured_media":11637,"template":"","meta":{"content-type":"","inline_featured_image":false},"product_brand":[],"product_cat":[139],"product_tag":[144],"class_list":{"0":"post-11636","1":"product","2":"type-product","3":"status-publish","4":"has-post-thumbnail","6":"product_cat-gesundheits-services-arbeitsschutz","7":"product_tag-institut-fuer-gesundheit-und-management","9":"first","10":"instock","11":"taxable","12":"shipping-taxable","13":"purchasable","14":"product-type-simple"},"_links":{"self":[{"href":"https:\/\/xoros-home.de\/es\/wp-json\/wp\/v2\/product\/11636","targetHints":{"allow":["GET"]}}],"collection":[{"href":"https:\/\/xoros-home.de\/es\/wp-json\/wp\/v2\/product"}],"about":[{"href":"https:\/\/xoros-home.de\/es\/wp-json\/wp\/v2\/types\/product"}],"version-history":[{"count":1,"href":"https:\/\/xoros-home.de\/es\/wp-json\/wp\/v2\/product\/11636\/revisions"}],"predecessor-version":[{"id":16949,"href":"https:\/\/xoros-home.de\/es\/wp-json\/wp\/v2\/product\/11636\/revisions\/16949"}],"wp:featuredmedia":[{"embeddable":true,"href":"https:\/\/xoros-home.de\/es\/wp-json\/wp\/v2\/media\/11637"}],"wp:attachment":[{"href":"https:\/\/xoros-home.de\/es\/wp-json\/wp\/v2\/media?parent=11636"}],"wp:term":[{"taxonomy":"product_brand","embeddable":true,"href":"https:\/\/xoros-home.de\/es\/wp-json\/wp\/v2\/product_brand?post=11636"},{"taxonomy":"product_cat","embeddable":true,"href":"https:\/\/xoros-home.de\/es\/wp-json\/wp\/v2\/product_cat?post=11636"},{"taxonomy":"product_tag","embeddable":true,"href":"https:\/\/xoros-home.de\/es\/wp-json\/wp\/v2\/product_tag?post=11636"}],"curies":[{"name":"wp","href":"https:\/\/api.w.org\/{rel}","templated":true}]}}