{"id":12250,"date":"2023-02-01T17:37:26","date_gmt":"2023-02-01T16:37:26","guid":{"rendered":"https:\/\/xoros-home.de\/?post_type=product&#038;p=12250"},"modified":"2025-06-29T12:30:11","modified_gmt":"2025-06-29T10:30:11","slug":"cubo-s-sedus-2-2","status":"publish","type":"product","link":"https:\/\/xoros-home.de\/es\/produkt\/cube-s-sedus-2-2\/","title":{"rendered":"Cubo S (SEDUS)"},"content":{"rendered":"<p><strong>Detalles del producto:<\/strong><\/p>\n<ul>\n<li>Control inteligente de la ventilaci\u00f3n con varios sensores: detector de presencia, sensor de temperatura ambiente y sensor de CO<sub>2<\/sub>-Salario<\/li>\n<li>M\u00e1s que una cabina telef\u00f3nica: espacio suficiente para trabajar sentado - mesa permanentemente integrada<\/li>\n<li>Paredes revestidas de tela de distintos colores y tejidos<\/li>\n<li>El suelo est\u00e1 equipado con losetas de moqueta de la marca de calidad Interface<\/li>\n<\/ul>\n<p><strong>Especificaciones t\u00e9cnicas:<\/strong><\/p>\n<ul>\n<li>Dimensiones exteriores: An. 1500 x Pr. 1000 x Al. 2320 mm<\/li>\n<li>Dimensiones interiores: ancho 1275 x fondo 880 x alto 2200 mm (bajo la luz: alto 2150 mm)<\/li>\n<li>Altura libre necesaria para la instalaci\u00f3n y la circulaci\u00f3n de aire: m\u00edn. 2500 mm<\/li>\n<li>El sistema de control totalmente autom\u00e1tico regula los ventiladores en funci\u00f3n de la temperatura ambiente y el contenido de CO\u00b2 del aire ambiente en el se:cubo.<\/li>\n<li>Elementos acristalados de vidrio de seguridad laminado VSG-SI de 10,76 mm con pel\u00edcula ac\u00fastica intermedia<\/li>\n<\/ul>\n<p>&nbsp;<\/p>\n<p><strong>V\u00eddeo sobre la gama de productos se:cube:<\/strong><\/p>\n<div style=\"width: 800px;\" class=\"wp-video\"><video class=\"wp-video-shortcode\" id=\"video-12250-1\" width=\"800\" height=\"450\" preload=\"metadata\" controls=\"controls\"><source type=\"video\/mp4\" src=\"https:\/\/xoros-home.de\/wp-content\/uploads\/2024\/03\/Video-SEDUS-se-cube-Akustik-Pod-Meetingbox-Telefonbox.mp4?_=1\" \/><a href=\"https:\/\/xoros-home.de\/wp-content\/uploads\/2024\/03\/Video-SEDUS-se-cube-Akustik-Pod-Meetingbox-Telefonbox.mp4\">https:\/\/xoros-home.de\/wp-content\/uploads\/2024\/03\/Video-SEDUS-se-cube-Akustik-Pod-Meetingbox-Telefonbox.mp4<\/a><\/video><\/div>\n<p>&nbsp;<\/p>\n<p><strong>Cortometraje \"Momentos de silencio:<\/strong><\/p>\n<p><a href=\"https:\/\/www.youtube.com\/watch?v=5XrxxYXviek\" target=\"_blank\" rel=\"noopener\">https:\/\/www.youtube.com\/watch?v=5XrxxYXviek<\/a><\/p>\n<p>&nbsp;<\/p>\n<p><strong>Modelo 3D:<\/strong><\/p>\n<p><iframe src=\"https:\/\/impress.pcon-solutions.com\/?l=de&amp;embed=https%3A%2F%2Fxoroshome-my.sharepoint.com%2F%3Au%3A%2Fg%2Fpersonal%2Ffrank_ehlers_xoros-home_de%2FEY2wXzDTPIJIp8tcFK5AqOQBqfitKdW5Nv6ZebCGggyR6Q\" width=\"560\" height=\"655\" frameborder=\"1\" allowfullscreen=\"allowfullscreen\"><\/iframe><\/p>","protected":false},"excerpt":{"rendered":"<p>El se:cube S ofrece un puesto de trabajo insonorizado con escritorio integrado en aproximadamente 1,5 metros cuadrados (la silla est\u00e1 disponible por separado como accesorio).<\/p>\n<p>se:cube es la serie de cabinas telef\u00f3nicas y de reuniones de SEDUS, uno de los principales fabricantes alemanes de mobiliario de oficina. La forma clara y lineal de se:cube se suaviza con esquinas redondeadas, por lo que puede integrarse armoniosamente en una amplia variedad de entornos sin dominar la habitaci\u00f3n. Una caracter\u00edstica distintiva de se:cube es la tira de LED que lo rodea (disponible opcionalmente) y que se ilumina en cuanto se ocupa el cubo. se:cube est\u00e1 disponible en tres tama\u00f1os diferentes:<\/p>\n<ul>\n<li><a href=\"https:\/\/xoros-home.de\/es\/productos-de-oficina-en-casa\/cube-s-sedus\/\">se:cubo S<\/a> (para una persona)<\/li>\n<li><a href=\"https:\/\/xoros-home.de\/es\/productos-de-oficina-en-casa\/cube-m-sedus\/\">se:cubo M<\/a> (para un m\u00e1ximo de cuatro personas)<\/li>\n<li><a href=\"https:\/\/xoros-home.de\/es\/productos-de-oficina-en-casa\/cube-l-sedus\/\">se:cubo L<\/a> (para un m\u00e1ximo de ocho personas)<\/li>\n<\/ul>\n<p>&nbsp;<\/p>","protected":false},"featured_media":14088,"template":"","meta":{"content-type":"","inline_featured_image":false},"product_brand":[],"product_cat":[207],"product_tag":[132,107,108],"class_list":{"0":"post-12250","1":"product","2":"type-product","3":"status-publish","4":"has-post-thumbnail","6":"product_cat-office-arbeitsbox","7":"product_tag-effizienter-schallschutz","8":"product_tag-hersteller-sedus","9":"product_tag-made-in-germany","11":"first","12":"instock","13":"taxable","14":"shipping-taxable","15":"purchasable","16":"product-type-simple"},"_links":{"self":[{"href":"https:\/\/xoros-home.de\/es\/wp-json\/wp\/v2\/product\/12250","targetHints":{"allow":["GET"]}}],"collection":[{"href":"https:\/\/xoros-home.de\/es\/wp-json\/wp\/v2\/product"}],"about":[{"href":"https:\/\/xoros-home.de\/es\/wp-json\/wp\/v2\/types\/product"}],"version-history":[{"count":1,"href":"https:\/\/xoros-home.de\/es\/wp-json\/wp\/v2\/product\/12250\/revisions"}],"predecessor-version":[{"id":12290,"href":"https:\/\/xoros-home.de\/es\/wp-json\/wp\/v2\/product\/12250\/revisions\/12290"}],"wp:featuredmedia":[{"embeddable":true,"href":"https:\/\/xoros-home.de\/es\/wp-json\/wp\/v2\/media\/14088"}],"wp:attachment":[{"href":"https:\/\/xoros-home.de\/es\/wp-json\/wp\/v2\/media?parent=12250"}],"wp:term":[{"taxonomy":"product_brand","embeddable":true,"href":"https:\/\/xoros-home.de\/es\/wp-json\/wp\/v2\/product_brand?post=12250"},{"taxonomy":"product_cat","embeddable":true,"href":"https:\/\/xoros-home.de\/es\/wp-json\/wp\/v2\/product_cat?post=12250"},{"taxonomy":"product_tag","embeddable":true,"href":"https:\/\/xoros-home.de\/es\/wp-json\/wp\/v2\/product_tag?post=12250"}],"curies":[{"name":"wp","href":"https:\/\/api.w.org\/{rel}","templated":true}]}}