{"id":12944,"date":"2023-11-27T16:17:55","date_gmt":"2023-11-27T15:17:55","guid":{"rendered":"https:\/\/xoros-home.de\/?post_type=product&#038;p=12944"},"modified":"2024-02-23T11:33:02","modified_gmt":"2024-02-23T10:33:02","slug":"silla-de-oficina-asiento-con-membrana-de-punto-3d-fm-bueromoebel","status":"publish","type":"product","link":"https:\/\/xoros-home.de\/es\/produkt\/buerostuhl-asiento-mit-3d-strickmembran-fm-bueromoebel\/","title":{"rendered":"silla de oficina asiento con membrana de punto 3D (fm B\u00fcrom\u00f6bel)"},"content":{"rendered":"<p>La caracter\u00edstica especial del asiento es su respaldo, que consta de varios elementos el\u00e1sticos y una innovadora membrana de punto tridimensional. Esta innovadora soluci\u00f3n no s\u00f3lo garantiza una mayor comodidad al sentarse, sino tambi\u00e9n una \u00f3ptima libertad de movimientos cuando se est\u00e1 sentado. El principio se basa en tres elementos de apoyo el\u00e1sticos con diferentes fuerzas de resorte, que se extienden desde la regi\u00f3n lumbar por el torso hasta los hombros. Esta estructura garantiza un apoyo \u00f3ptimo de la espalda en cualquier posici\u00f3n sentada.<\/p>\n<p>La membrana de punto 3D se adapta con precisi\u00f3n al respaldo y al asiento. En las distintas zonas de la espalda, la membrana de punto 3D est\u00e1 dise\u00f1ada para soportar de forma \u00f3ptima las funciones flexibles del respaldo. Est\u00e1 m\u00e1s ajustada en la zona lumbar que en la zona de los hombros, formando una simbiosis perfecta con la construcci\u00f3n del respaldo para lograr la m\u00e1xima comodidad al sentarse. La membrana tejida en 3D tambi\u00e9n contribuye a la sostenibilidad, ya que ayuda a minimizar los residuos y el exceso de material. La producci\u00f3n precisa y personalizada del respaldo y el coj\u00edn del asiento en Alemania garantiza que s\u00f3lo se utilice el hilo que realmente se necesita.<\/p>\n<p><img fetchpriority=\"high\" decoding=\"async\" class=\"alignright wp-image-12954 size-medium\" src=\"https:\/\/xoros-home.de\/wp-content\/uploads\/2023\/11\/Strick-halb-halb-216x300.jpg\" alt=\"\" width=\"216\" height=\"300\" srcset=\"https:\/\/xoros-home.de\/wp-content\/uploads\/2023\/11\/Strick-halb-halb-216x300.jpg 216w, https:\/\/xoros-home.de\/wp-content\/uploads\/2023\/11\/Strick-halb-halb-738x1024.jpg 738w, https:\/\/xoros-home.de\/wp-content\/uploads\/2023\/11\/Strick-halb-halb-768x1065.jpg 768w, https:\/\/xoros-home.de\/wp-content\/uploads\/2023\/11\/Strick-halb-halb-9x12.jpg 9w, https:\/\/xoros-home.de\/wp-content\/uploads\/2023\/11\/Strick-halb-halb-600x832.jpg 600w, https:\/\/xoros-home.de\/wp-content\/uploads\/2023\/11\/Strick-halb-halb.jpg 865w\" sizes=\"(max-width: 216px) 100vw, 216px\" \/><br \/>\nLa membrana tejida en 3D est\u00e1 disponible en dos versiones:<\/p>\n<ul>\n<li><strong>Transparente:<\/strong> En la versi\u00f3n transparente, algo m\u00e1s fina, la estructura de la espalda se transparenta ligeramente.<\/li>\n<li><strong>Comodidad:<\/strong> La versi\u00f3n confort, ligeramente m\u00e1s gruesa, utiliza m\u00e1s hilo, lo que confiere al asiente un aspecto opaco y un tacto a\u00fan m\u00e1s suave.<\/li>\n<\/ul>\n<p>&nbsp;<\/p>\n<p>Lo siguiente se aplica a ambas versiones: la funda del coj\u00edn del asiento es extra\u00edble y lavable.<\/p>\n<p>&nbsp;<\/p>\n<p>&nbsp;<\/p>\n<p>&nbsp;<\/p>\n<p><iframe src=\"https:\/\/impress.pcon-solutions.com\/?l=de&amp;embed=https%3A%2F%2Fxoroshome-my.sharepoint.com%2F%3Au%3A%2Fg%2Fpersonal%2Ffrank_ehlers_xoros-home_de%2FES5V3HPHyf5KihElZHajP1IBBntJWHmOBzu7okkJeccjZw\" width=\"450\" height=\"450\" frameborder=\"1\" allowfullscreen=\"allowfullscreen\"><span data-mce-type=\"bookmark\" style=\"display: inline-block; width: 0px; overflow: hidden; line-height: 0;\" class=\"mce_SELRES_start\"><\/span><\/iframe><\/p>","protected":false},"excerpt":{"rendered":"<p>La silla de oficina asiento encarna la individualidad en estado puro, una pieza \u00fanica con un car\u00e1cter singular y un dise\u00f1o inconfundible. Con su propio concepto visual y una extraordinaria mezcla de materiales, la silla asiento destaca claramente. La silla asiento se fabrica \u00edntegramente en Alemania.<\/p>","protected":false},"featured_media":12945,"template":"","meta":{"content-type":"","inline_featured_image":false},"product_brand":[],"product_cat":[190,41],"product_tag":[44,143,108],"class_list":{"0":"post-12944","1":"product","2":"type-product","3":"status-publish","4":"has-post-thumbnail","6":"product_cat-homeoffice-specials","7":"product_cat-schreibtischstuehle","8":"product_tag-ergonomisch","9":"product_tag-hersteller-fm-bueromoebel","10":"product_tag-made-in-germany","12":"first","13":"instock","14":"taxable","15":"shipping-taxable","16":"purchasable","17":"product-type-simple"},"_links":{"self":[{"href":"https:\/\/xoros-home.de\/es\/wp-json\/wp\/v2\/product\/12944","targetHints":{"allow":["GET"]}}],"collection":[{"href":"https:\/\/xoros-home.de\/es\/wp-json\/wp\/v2\/product"}],"about":[{"href":"https:\/\/xoros-home.de\/es\/wp-json\/wp\/v2\/types\/product"}],"version-history":[{"count":1,"href":"https:\/\/xoros-home.de\/es\/wp-json\/wp\/v2\/product\/12944\/revisions"}],"predecessor-version":[{"id":12953,"href":"https:\/\/xoros-home.de\/es\/wp-json\/wp\/v2\/product\/12944\/revisions\/12953"}],"wp:featuredmedia":[{"embeddable":true,"href":"https:\/\/xoros-home.de\/es\/wp-json\/wp\/v2\/media\/12945"}],"wp:attachment":[{"href":"https:\/\/xoros-home.de\/es\/wp-json\/wp\/v2\/media?parent=12944"}],"wp:term":[{"taxonomy":"product_brand","embeddable":true,"href":"https:\/\/xoros-home.de\/es\/wp-json\/wp\/v2\/product_brand?post=12944"},{"taxonomy":"product_cat","embeddable":true,"href":"https:\/\/xoros-home.de\/es\/wp-json\/wp\/v2\/product_cat?post=12944"},{"taxonomy":"product_tag","embeddable":true,"href":"https:\/\/xoros-home.de\/es\/wp-json\/wp\/v2\/product_tag?post=12944"}],"curies":[{"name":"wp","href":"https:\/\/api.w.org\/{rel}","templated":true}]}}