{"id":12955,"date":"2023-11-27T15:52:25","date_gmt":"2023-11-27T14:52:25","guid":{"rendered":"https:\/\/xoros-home.de\/?post_type=product&#038;p=12955"},"modified":"2024-02-23T11:41:04","modified_gmt":"2024-02-23T10:41:04","slug":"silla-giratoria-edgar-edition-xoros","status":"publish","type":"product","link":"https:\/\/xoros-home.de\/es\/produkt\/drehstuhl-edgar-edition-xoros\/","title":{"rendered":"Silla giratoria Edgar (EDITION XOROS)"},"content":{"rendered":"<p><strong>Propiedades:<\/strong><\/p>\n<ul>\n<li>Apoyo lumbar regulable en profundidad<\/li>\n<li>Asiento confort tapizado con costuras pespunteadas<\/li>\n<li>Reposabrazos angulares regulables en altura, anchura y profundidad<\/li>\n<li>Soportes 4D bloqueables<\/li>\n<li>Mecanismo sincronizado Donati D109 con ajuste autom\u00e1tico de la fuerza del muelle<\/li>\n<li>Capacidad de carga de hasta 125 kg<\/li>\n<li>Ajuste de la profundidad del asiento 7 cm<\/li>\n<li>Resorte de gas negro 140mm<\/li>\n<li>Ruedas dobles multifuncionales de 60 mm (aptas tanto para suelos duros como blandos)<\/li>\n<li>La silla se entrega desmontada en una caja de cart\u00f3n<\/li>\n<li>10 a\u00f1os de garant\u00eda<\/li>\n<li>Respaldo opcional\n<ul>\n<li>Respaldo de dise\u00f1o ajustable en altura con funda de malla<\/li>\n<li>Respaldo de dise\u00f1o acolchado regulable en altura,<\/li>\n<\/ul>\n<\/li>\n<li>Base de estrella opcional\n<ul>\n<li>Base de dise\u00f1o de pl\u00e1stico negro<\/li>\n<li>Base de aluminio pulido<\/li>\n<\/ul>\n<\/li>\n<\/ul>","protected":false},"excerpt":{"rendered":"<p>\"Edgar\" es una silla giratoria elegante y multifuncional con m\u00faltiples posibilidades de ajuste. \"Edgar\" est\u00e1 disponible en cuatro versiones diferentes: Con respaldo de rejilla o respaldo tapizado, con base de dise\u00f1o de pl\u00e1stico o aluminio.<\/p>\n<p>\u00a1Este es un producto de nuestra propia marca!<\/p>\n<p><img decoding=\"async\" class=\"alignnone wp-image-6607 size-medium\" src=\"https:\/\/xoros-home.de\/wp-content\/uploads\/2022\/03\/Edition-Xoros-300x57.png\" alt=\"\" width=\"300\" height=\"57\" srcset=\"https:\/\/xoros-home.de\/wp-content\/uploads\/2022\/03\/Edition-Xoros-300x57.png 300w, https:\/\/xoros-home.de\/wp-content\/uploads\/2022\/03\/Edition-Xoros-1024x195.png 1024w, https:\/\/xoros-home.de\/wp-content\/uploads\/2022\/03\/Edition-Xoros-768x146.png 768w, https:\/\/xoros-home.de\/wp-content\/uploads\/2022\/03\/Edition-Xoros-1536x293.png 1536w, https:\/\/xoros-home.de\/wp-content\/uploads\/2022\/03\/Edition-Xoros-2048x390.png 2048w, https:\/\/xoros-home.de\/wp-content\/uploads\/2022\/03\/Edition-Xoros-600x114.png 600w\" sizes=\"(max-width: 300px) 100vw, 300px\" \/><\/p>","protected":false},"featured_media":12956,"template":"","meta":{"content-type":"","inline_featured_image":false},"product_brand":[],"product_cat":[190,41],"product_tag":[112,44,96,113],"class_list":{"0":"post-12955","1":"product","2":"type-product","3":"status-publish","4":"has-post-thumbnail","6":"product_cat-homeoffice-specials","7":"product_cat-schreibtischstuehle","8":"product_tag-einfache-selbstmontage","9":"product_tag-ergonomisch","10":"product_tag-hersteller-edition-xoros","11":"product_tag-schnelle-lieferung","13":"first","14":"instock","15":"taxable","16":"shipping-taxable","17":"purchasable","18":"product-type-simple"},"_links":{"self":[{"href":"https:\/\/xoros-home.de\/es\/wp-json\/wp\/v2\/product\/12955","targetHints":{"allow":["GET"]}}],"collection":[{"href":"https:\/\/xoros-home.de\/es\/wp-json\/wp\/v2\/product"}],"about":[{"href":"https:\/\/xoros-home.de\/es\/wp-json\/wp\/v2\/types\/product"}],"version-history":[{"count":0,"href":"https:\/\/xoros-home.de\/es\/wp-json\/wp\/v2\/product\/12955\/revisions"}],"wp:featuredmedia":[{"embeddable":true,"href":"https:\/\/xoros-home.de\/es\/wp-json\/wp\/v2\/media\/12956"}],"wp:attachment":[{"href":"https:\/\/xoros-home.de\/es\/wp-json\/wp\/v2\/media?parent=12955"}],"wp:term":[{"taxonomy":"product_brand","embeddable":true,"href":"https:\/\/xoros-home.de\/es\/wp-json\/wp\/v2\/product_brand?post=12955"},{"taxonomy":"product_cat","embeddable":true,"href":"https:\/\/xoros-home.de\/es\/wp-json\/wp\/v2\/product_cat?post=12955"},{"taxonomy":"product_tag","embeddable":true,"href":"https:\/\/xoros-home.de\/es\/wp-json\/wp\/v2\/product_tag?post=12955"}],"curies":[{"name":"wp","href":"https:\/\/api.w.org\/{rel}","templated":true}]}}