{"id":12969,"date":"2023-11-26T16:11:54","date_gmt":"2023-11-26T15:11:54","guid":{"rendered":"https:\/\/xoros-home.de\/?post_type=product&#038;p=12969"},"modified":"2025-01-08T07:18:57","modified_gmt":"2025-01-08T06:18:57","slug":"silla-giratoria-belinda-edition-xoros","status":"publish","type":"product","link":"https:\/\/xoros-home.de\/es\/produkt\/drehstuhl-belinda-edition-xoros\/","title":{"rendered":"Silla giratoria Belinda (EDITION XOROS)"},"content":{"rendered":"<ul>\n<li>Respaldo de dise\u00f1o regulable en altura (opcionalmente tapizado o con revestimiento de malla)<\/li>\n<li>Asiento c\u00f3modo gracias a la tapicer\u00eda extra gruesa con costuras pespunteadas<\/li>\n<li>Reposabrazos rectos ergon\u00f3micos regulables en altura, anchura (36-51 cm) y profundidad<\/li>\n<li>Reposabrazos equipados con soportes 4D bloqueables<\/li>\n<li>Mecanismo sincronizado Donati D109 con ajuste autom\u00e1tico de la fuerza del muelle<\/li>\n<li>Carga m\u00e1xima: 125 kg<\/li>\n<li>Ajuste de la profundidad del asiento 6 cm<\/li>\n<li>Resorte de gas 140mm<\/li>\n<li>Base de pl\u00e1stico de dise\u00f1o<\/li>\n<li>Ruedas dobles multifuncionales de 60 mm<\/li>\n<li>Tejido 100.000 Martindale<\/li>\n<li>Silla de dise\u00f1o completa en gris RAL 7044<\/li>\n<\/ul>\n<p><strong>Modelo 3D:<\/strong><\/p>\n<p><iframe src=\"https:\/\/impress.pcon-solutions.com\/?l=de&amp;embed=https%3A%2F%2Fxoroshome-my.sharepoint.com%2F%3Au%3A%2Fg%2Fpersonal%2Ffrank_ehlers_xoros-home_de%2FEX8ygArY3hFEmvYP3UFDcdUBWH3K1-DnKz0g1BsAvtDe9Q\" width=\"450\" height=\"450\" frameborder=\"1\" allowfullscreen=\"allowfullscreen\"><\/iframe><\/p>","protected":false},"excerpt":{"rendered":"<p>Silla giratoria de dise\u00f1o exclusivo en elegante color gris. Disponible con respaldo de malla o respaldo tapizado.<\/p>\n<p>Una silla de oficina completamente en gris RAL 7044. Sentarse c\u00f3modamente durante largos periodos de tiempo no es ning\u00fan problema con nuestra silla giratoria \"Belinda\". El mecanismo Donati D109, el c\u00f3modo asiento, el ajuste de la profundidad del asiento en 6 cm y los reposabrazos ajustables en altura y profundidad garantizan la comodidad durante largos periodos sentados. Adem\u00e1s, esta silla de oficina tiene un armaz\u00f3n de pl\u00e1stico de dise\u00f1o con resorte de gas y ruedas multifuncionales.<\/p>\n<p>\u00a1Este es un producto de nuestra propia marca!<\/p>\n<p><img decoding=\"async\" class=\"alignnone size-medium wp-image-6607\" src=\"https:\/\/xoros-home.de\/wp-content\/uploads\/2022\/03\/Edition-Xoros-300x57.png\" alt=\"\" width=\"300\" height=\"57\" srcset=\"https:\/\/xoros-home.de\/wp-content\/uploads\/2022\/03\/Edition-Xoros-300x57.png 300w, https:\/\/xoros-home.de\/wp-content\/uploads\/2022\/03\/Edition-Xoros-1024x195.png 1024w, https:\/\/xoros-home.de\/wp-content\/uploads\/2022\/03\/Edition-Xoros-768x146.png 768w, https:\/\/xoros-home.de\/wp-content\/uploads\/2022\/03\/Edition-Xoros-1536x293.png 1536w, https:\/\/xoros-home.de\/wp-content\/uploads\/2022\/03\/Edition-Xoros-2048x390.png 2048w, https:\/\/xoros-home.de\/wp-content\/uploads\/2022\/03\/Edition-Xoros-600x114.png 600w\" sizes=\"(max-width: 300px) 100vw, 300px\" \/><\/p>","protected":false},"featured_media":12971,"template":"","meta":{"content-type":"","inline_featured_image":false},"product_brand":[],"product_cat":[190,41],"product_tag":[44,96,113],"class_list":{"0":"post-12969","1":"product","2":"type-product","3":"status-publish","4":"has-post-thumbnail","6":"product_cat-homeoffice-specials","7":"product_cat-schreibtischstuehle","8":"product_tag-ergonomisch","9":"product_tag-hersteller-edition-xoros","10":"product_tag-schnelle-lieferung","12":"first","13":"instock","14":"taxable","15":"shipping-taxable","16":"purchasable","17":"product-type-simple"},"_links":{"self":[{"href":"https:\/\/xoros-home.de\/es\/wp-json\/wp\/v2\/product\/12969","targetHints":{"allow":["GET"]}}],"collection":[{"href":"https:\/\/xoros-home.de\/es\/wp-json\/wp\/v2\/product"}],"about":[{"href":"https:\/\/xoros-home.de\/es\/wp-json\/wp\/v2\/types\/product"}],"version-history":[{"count":0,"href":"https:\/\/xoros-home.de\/es\/wp-json\/wp\/v2\/product\/12969\/revisions"}],"wp:featuredmedia":[{"embeddable":true,"href":"https:\/\/xoros-home.de\/es\/wp-json\/wp\/v2\/media\/12971"}],"wp:attachment":[{"href":"https:\/\/xoros-home.de\/es\/wp-json\/wp\/v2\/media?parent=12969"}],"wp:term":[{"taxonomy":"product_brand","embeddable":true,"href":"https:\/\/xoros-home.de\/es\/wp-json\/wp\/v2\/product_brand?post=12969"},{"taxonomy":"product_cat","embeddable":true,"href":"https:\/\/xoros-home.de\/es\/wp-json\/wp\/v2\/product_cat?post=12969"},{"taxonomy":"product_tag","embeddable":true,"href":"https:\/\/xoros-home.de\/es\/wp-json\/wp\/v2\/product_tag?post=12969"}],"curies":[{"name":"wp","href":"https:\/\/api.w.org\/{rel}","templated":true}]}}