{"id":13154,"date":"2023-12-02T14:16:32","date_gmt":"2023-12-02T13:16:32","guid":{"rendered":"https:\/\/xoros-home.de\/?post_type=product&#038;p=13154"},"modified":"2025-01-07T18:52:46","modified_gmt":"2025-01-07T17:52:46","slug":"omniroom-salon-3x1-abierto-2-personas-mudo","status":"publish","type":"product","link":"https:\/\/xoros-home.de\/es\/produkt\/omniroom-lounge-3x1-offen-2-personen-mute\/","title":{"rendered":"MUTE Modular - Sal\u00f3n 3\u00d71 - Abierto - 2 personas (MUTE)"},"content":{"rendered":"<p>Modelo 3D:<\/p>\n<p><iframe src=\"https:\/\/impress.pcon-solutions.com\/?l=de&amp;embed=https%3A%2F%2Fxoroshome-my.sharepoint.com%2F%3Au%3A%2Fg%2Fpersonal%2Ffrank_ehlers_xoros-home_de%2FEfEoQrgTFH1NtFeFFFKY1ioBfYqwKPdWWfsO90zNlfFquw\" width=\"600\" height=\"600\" frameborder=\"1\" allowfullscreen=\"allowfullscreen\"><span data-mce-type=\"bookmark\" style=\"display: inline-block; width: 0px; overflow: hidden; line-height: 0;\" class=\"mce_SELRES_start\"><\/span><span data-mce-type=\"bookmark\" style=\"display: inline-block; width: 0px; overflow: hidden; line-height: 0;\" class=\"mce_SELRES_start\"><\/span><span data-mce-type=\"bookmark\" style=\"display: inline-block; width: 0px; overflow: hidden; line-height: 0;\" class=\"mce_SELRES_start\"><\/span><\/iframe><\/p>","protected":false},"excerpt":{"rendered":"<p>Esta habitaci\u00f3n est\u00e1 dise\u00f1ada para relajarse y ofrece espacio y tranquilidad para un m\u00e1ximo de 2 personas.<\/p>","protected":false},"featured_media":13158,"template":"","meta":{"content-type":"","inline_featured_image":false},"product_brand":[],"product_cat":[162],"product_tag":[142,180],"class_list":{"0":"post-13154","1":"product","2":"type-product","3":"status-publish","4":"has-post-thumbnail","6":"product_cat-raum-in-raum-systeme","7":"product_tag-hersteller-mute","8":"product_tag-modular","10":"first","11":"instock","12":"taxable","13":"shipping-taxable","14":"purchasable","15":"product-type-simple"},"_links":{"self":[{"href":"https:\/\/xoros-home.de\/es\/wp-json\/wp\/v2\/product\/13154","targetHints":{"allow":["GET"]}}],"collection":[{"href":"https:\/\/xoros-home.de\/es\/wp-json\/wp\/v2\/product"}],"about":[{"href":"https:\/\/xoros-home.de\/es\/wp-json\/wp\/v2\/types\/product"}],"version-history":[{"count":1,"href":"https:\/\/xoros-home.de\/es\/wp-json\/wp\/v2\/product\/13154\/revisions"}],"predecessor-version":[{"id":13160,"href":"https:\/\/xoros-home.de\/es\/wp-json\/wp\/v2\/product\/13154\/revisions\/13160"}],"wp:featuredmedia":[{"embeddable":true,"href":"https:\/\/xoros-home.de\/es\/wp-json\/wp\/v2\/media\/13158"}],"wp:attachment":[{"href":"https:\/\/xoros-home.de\/es\/wp-json\/wp\/v2\/media?parent=13154"}],"wp:term":[{"taxonomy":"product_brand","embeddable":true,"href":"https:\/\/xoros-home.de\/es\/wp-json\/wp\/v2\/product_brand?post=13154"},{"taxonomy":"product_cat","embeddable":true,"href":"https:\/\/xoros-home.de\/es\/wp-json\/wp\/v2\/product_cat?post=13154"},{"taxonomy":"product_tag","embeddable":true,"href":"https:\/\/xoros-home.de\/es\/wp-json\/wp\/v2\/product_tag?post=13154"}],"curies":[{"name":"wp","href":"https:\/\/api.w.org\/{rel}","templated":true}]}}