{"id":13442,"date":"2024-01-09T16:34:22","date_gmt":"2024-01-09T15:34:22","guid":{"rendered":"https:\/\/xoros-home.de\/?post_type=product&#038;p=13442"},"modified":"2025-02-20T17:30:39","modified_gmt":"2025-02-20T16:30:39","slug":"meetingbox-space-l-meeting-mute-2-2","status":"publish","type":"product","link":"https:\/\/xoros-home.de\/es\/produkt\/meetingbox-space-l-meeting-mute-2-2\/","title":{"rendered":"Meetingbox Space L \"Reuni\u00f3n\" (MUTE)"},"content":{"rendered":"<p>Ficha t\u00e9cnica: <a href=\"https:\/\/xoros-home.de\/wp-content\/uploads\/2024\/01\/Space_L_Daten_DE_2021.pdf\">Descargar la ficha t\u00e9cnica de Space L<\/a>.<\/p>\n<table>\n<tbody>\n<tr>\n<th>Equipamiento<\/th>\n<th>Reuni\u00f3n Espacio L<\/p>\n<p>(la versi\u00f3n mostrada aqu\u00ed)<\/th>\n<th>Espacio L Doble<\/th>\n<\/tr>\n<tr>\n<td>Sistema de ventilaci\u00f3n<\/td>\n<td>contienen<\/td>\n<td>\u00a0contienen<\/td>\n<\/tr>\n<tr>\n<td>Luz LED<\/td>\n<td>contienen<\/td>\n<td>\u00a0contienen<\/td>\n<\/tr>\n<tr>\n<td>Detector de movimiento<\/td>\n<td>contienen<\/td>\n<td>\u00a0contienen<\/td>\n<\/tr>\n<tr>\n<td>3 tomas de corriente<\/td>\n<td>contienen<\/td>\n<td>\u00a0contienen<\/td>\n<\/tr>\n<tr>\n<td>Tablero<\/td>\n<td>Altura 70 cm, m\u00f3vil<\/td>\n<td>Altura 110 cm, montaje fijo<\/td>\n<\/tr>\n<tr>\n<td>Gancho de pared (carga hasta 5 kg)<\/td>\n<td>2x incluido<\/td>\n<td>\u00a04x incluido<\/td>\n<\/tr>\n<tr>\n<td>Alfombra de grafito<\/td>\n<td>contienen<\/td>\n<td>\u00a0contienen<\/td>\n<\/tr>\n<tr>\n<td>Bisagra de puerta opcionalmente izquierda o derecha<\/td>\n<td>contienen<\/td>\n<td>contienen<\/td>\n<\/tr>\n<tr>\n<td>2 sof\u00e1s sin reposabrazos, tejido \"Synergy<\/td>\n<td>contienen<\/td>\n<td>\u00a0\u2013<\/td>\n<\/tr>\n<tr>\n<td>Mejora: Sof\u00e1s con reposabrazos<\/td>\n<td>contra recargo<\/td>\n<td>\u00a0\u2013<\/td>\n<\/tr>\n<tr>\n<td>Mejora: Sof\u00e1s con tejido \"Remix3<\/td>\n<td>contra recargo<\/td>\n<td>\u00a0\u2013<\/td>\n<\/tr>\n<tr>\n<td>Conexi\u00f3n LAN<\/td>\n<td>contra recargo<\/td>\n<td>contra recargo<\/td>\n<\/tr>\n<tr>\n<td>Soporte para monitor con placa VESA 75 y 100<\/td>\n<td>contra recargo<\/td>\n<td>contra recargo<\/td>\n<\/tr>\n<tr>\n<td>2 puertos de carga USB en el tablero<\/td>\n<td>contra recargo<\/td>\n<td>contra recargo<\/td>\n<\/tr>\n<tr>\n<td>Cargador de inducci\u00f3n en el tablero<\/td>\n<td>contra recargo<\/td>\n<td>contra recargo<\/td>\n<\/tr>\n<tr>\n<td>Ruedas integradas para facilitar su traslado<\/td>\n<td>contra recargo<\/td>\n<td>contra recargo<\/td>\n<\/tr>\n<tr>\n<td>Panel de interruptores para luz e iluminaci\u00f3n<\/td>\n<td>contra recargo<\/td>\n<td>contra recargo<\/td>\n<\/tr>\n<\/tbody>\n<\/table>\n<p><strong>Dimensiones y peso:<\/strong><\/p>\n<ul>\n<li>Anchura (exterior \/ interior): 2200 mm \/ 2000 mm<\/li>\n<li>Profundidad (exterior \/ interior): 1300 mm (+ 900 mm con la puerta abierta) \/ 1192 mm<\/li>\n<li>Altura (exterior \/ interior): 2247 mm \/ 2080 mm (distancia al techo: 2000 mm para ventilaci\u00f3n)<\/li>\n<li class=\"tech-specs__field\">Peso: 695 kg<\/li>\n<\/ul>\n<p><strong>Datos ac\u00fasticos y ventilaci\u00f3n:<\/strong><\/p>\n<ul>\n<li>Atenuaci\u00f3n ac\u00fastica: entre 30 dB (tonos graves) y 45 dB (agudos) en funci\u00f3n de la frecuencia<\/li>\n<li>RT20 Potencia interna: entre 0,1s y 0,3s (dependiendo de la frecuencia) de acuerdo con PN-EN ISO 354:2005<\/li>\n<li>Caudal de aire: 180 m3\/h<\/li>\n<\/ul>\n<p><iframe src=\"https:\/\/impress.pcon-solutions.com\/?l=de&amp;embed=https%3A%2F%2Fxoroshome-my.sharepoint.com%2F%3Au%3A%2Fg%2Fpersonal%2Ffrank_ehlers_xoros-home_de%2FES-t0JkchdJPkAwW3V0j5BgBm3QnkHwD92YHw5CufHdnIg\" width=\"450\" height=\"450\" frameborder=\"1\" allowfullscreen=\"allowfullscreen\"><span data-mce-type=\"bookmark\" style=\"display: inline-block; width: 0px; overflow: hidden; line-height: 0;\" class=\"mce_SELRES_start\"><\/span><\/iframe><\/p>","protected":false},"excerpt":{"rendered":"<p>La caja de reuniones Space L de Mute tiene un aislamiento ac\u00fastico extremadamente alto, por lo que puede utilizarse incluso en estaciones de tren o aeropuertos. As\u00ed que puede estar tranquilo: aunque sus compa\u00f1eros de la oficina de planta abierta sean muy ruidosos, la Space L es un lugar para reuniones importantes, trabajo concentrado o importantes conferencias telef\u00f3nicas o videoconferencias.<\/p>\n<p>El Space L est\u00e1 disponible en diferentes versiones: \u00e9sta es la versi\u00f3n \"Meeting\" para reuniones de hasta 4 personas con sof\u00e1s incluidos.<\/p>\n<p>Disponemos de otras versiones del Space L (misma disposici\u00f3n, diferente equipamiento interior):<\/p>\n<ul>\n<li>Espacio L Doble (con dos puestos de trabajo contiguos)<\/li>\n<li>Espacio L sin amueblar<\/li>\n<\/ul>","protected":false},"featured_media":15810,"template":"","meta":{"content-type":"","inline_featured_image":false},"product_brand":[],"product_cat":[159],"product_tag":[132,142],"class_list":{"0":"post-13442","1":"product","2":"type-product","3":"status-publish","4":"has-post-thumbnail","6":"product_cat-meetingbox","7":"product_tag-effizienter-schallschutz","8":"product_tag-hersteller-mute","10":"first","11":"instock","12":"taxable","13":"shipping-taxable","14":"purchasable","15":"product-type-simple"},"_links":{"self":[{"href":"https:\/\/xoros-home.de\/es\/wp-json\/wp\/v2\/product\/13442","targetHints":{"allow":["GET"]}}],"collection":[{"href":"https:\/\/xoros-home.de\/es\/wp-json\/wp\/v2\/product"}],"about":[{"href":"https:\/\/xoros-home.de\/es\/wp-json\/wp\/v2\/types\/product"}],"version-history":[{"count":0,"href":"https:\/\/xoros-home.de\/es\/wp-json\/wp\/v2\/product\/13442\/revisions"}],"wp:featuredmedia":[{"embeddable":true,"href":"https:\/\/xoros-home.de\/es\/wp-json\/wp\/v2\/media\/15810"}],"wp:attachment":[{"href":"https:\/\/xoros-home.de\/es\/wp-json\/wp\/v2\/media?parent=13442"}],"wp:term":[{"taxonomy":"product_brand","embeddable":true,"href":"https:\/\/xoros-home.de\/es\/wp-json\/wp\/v2\/product_brand?post=13442"},{"taxonomy":"product_cat","embeddable":true,"href":"https:\/\/xoros-home.de\/es\/wp-json\/wp\/v2\/product_cat?post=13442"},{"taxonomy":"product_tag","embeddable":true,"href":"https:\/\/xoros-home.de\/es\/wp-json\/wp\/v2\/product_tag?post=13442"}],"curies":[{"name":"wp","href":"https:\/\/api.w.org\/{rel}","templated":true}]}}