{"id":13711,"date":"2024-02-28T18:26:32","date_gmt":"2024-02-28T17:26:32","guid":{"rendered":"https:\/\/xoros-home.de\/?post_type=product&#038;p=13711"},"modified":"2024-02-28T18:26:32","modified_gmt":"2024-02-28T17:26:32","slug":"silla-giratoria-seair-sedus","status":"publish","type":"product","link":"https:\/\/xoros-home.de\/es\/produkt\/drehstuhl-seair-sedus\/","title":{"rendered":"Silla giratoria se:air (SEDUS)"},"content":{"rendered":"<p>Recomendado para un peso de usuario de hasta 130 kg.<\/p>\n<p><strong>Revestimiento de membrana<\/strong><\/p>\n<p>El revestimiento de membrana del asiento y el respaldo garantiza ligereza y comodidad.<\/p>\n<p><strong>Reposabrazos<\/strong><\/p>\n<p>Los reposabrazos multifuncionales son regulables en altura e incluyen un coj\u00edn deslizante con efecto flotante (sin rasterizaci\u00f3n: hacia delante y hacia atr\u00e1s, giratorio hacia dentro y hacia fuera).<\/p>\n<p><strong>Apoyo lumbar<\/strong><\/p>\n<p>El apoyo lumbar refuerza la zona lumbar y garantiza una posici\u00f3n sentada ergon\u00f3mica.<\/p>\n<p><strong>Mecanismo de giro cin\u00e9tico<\/strong><\/p>\n<p>se:air dispone de un ajuste autom\u00e1tico del peso sin complicaciones: cuanto mayor sea el peso del usuario, mayor ser\u00e1 la resistencia al apoyarse en el respaldo.<\/p>\n<p><strong>Funciones:<\/strong><br \/>\nEquipamos la se:air con ruedas blandas de serie, que son especialmente adecuadas para suelos duros como parquet, laminado o baldosas, pero tambi\u00e9n pueden utilizarse para alfombras de pelo bajo.<br \/>\nSostenible, duradero, moderno<\/p>\n<p>El modelo filigrana de se:air no s\u00f3lo es visualmente atractivo, sino que tambi\u00e9n tiene aspectos sostenibles. Hasta 50 % del material negro del armaz\u00f3n est\u00e1 hecho de material reciclado. A esto hay que a\u00f1adir la membrana, tejida con precisi\u00f3n y resistente a la rotura y al desgaste, adem\u00e1s de ser \"Made in Germany\". Los reposabrazos funcionales, el armaz\u00f3n de la base con cinco estabilizadores y el apoyo lumbar opcional completan a la perfecci\u00f3n esta silla giratoria.<\/p>\n<p>&nbsp;<\/p>\n<p><img decoding=\"async\" class=\"alignnone size-full wp-image-8678\" src=\"https:\/\/xoros-home.de\/wp-content\/uploads\/2022\/06\/Sedus-Logo200.png\" alt=\"\" width=\"200\" height=\"90\" \/><\/p>","protected":false},"excerpt":{"rendered":"<p>Comodidad ligera y afiligranada: mantenerse fresco no es ning\u00fan problema con se:air. En lugar de un tapizado integral cl\u00e1sico, dispone de una membrana de malla permeable al aire para el asiento y el respaldo que ofrece un confort transpirable. Las diferentes posiciones de asiento y movimientos se apoyan de forma \u00f3ptima gracias a los distintos grados de firmeza de la membrana. De este modo se evitan f\u00e1cilmente la acumulaci\u00f3n de calor en los puntos de presi\u00f3n, los puntos de presi\u00f3n y el deslizamiento sobre el asiento.<\/p>\n<p>&nbsp;<\/p>","protected":false},"featured_media":13715,"template":"","meta":{"content-type":"","inline_featured_image":false},"product_brand":[],"product_cat":[41,191,39,192],"product_tag":[112,44,107,108],"class_list":{"0":"post-13711","1":"product","2":"type-product","3":"status-publish","4":"has-post-thumbnail","6":"product_cat-schreibtischstuehle","7":"product_cat-homeoffice-design-premium","8":"product_cat-moebel","9":"product_cat-office-drehstuehle","10":"product_tag-einfache-selbstmontage","11":"product_tag-ergonomisch","12":"product_tag-hersteller-sedus","13":"product_tag-made-in-germany","15":"first","16":"instock","17":"taxable","18":"shipping-taxable","19":"purchasable","20":"product-type-simple"},"_links":{"self":[{"href":"https:\/\/xoros-home.de\/es\/wp-json\/wp\/v2\/product\/13711","targetHints":{"allow":["GET"]}}],"collection":[{"href":"https:\/\/xoros-home.de\/es\/wp-json\/wp\/v2\/product"}],"about":[{"href":"https:\/\/xoros-home.de\/es\/wp-json\/wp\/v2\/types\/product"}],"version-history":[{"count":0,"href":"https:\/\/xoros-home.de\/es\/wp-json\/wp\/v2\/product\/13711\/revisions"}],"wp:featuredmedia":[{"embeddable":true,"href":"https:\/\/xoros-home.de\/es\/wp-json\/wp\/v2\/media\/13715"}],"wp:attachment":[{"href":"https:\/\/xoros-home.de\/es\/wp-json\/wp\/v2\/media?parent=13711"}],"wp:term":[{"taxonomy":"product_brand","embeddable":true,"href":"https:\/\/xoros-home.de\/es\/wp-json\/wp\/v2\/product_brand?post=13711"},{"taxonomy":"product_cat","embeddable":true,"href":"https:\/\/xoros-home.de\/es\/wp-json\/wp\/v2\/product_cat?post=13711"},{"taxonomy":"product_tag","embeddable":true,"href":"https:\/\/xoros-home.de\/es\/wp-json\/wp\/v2\/product_tag?post=13711"}],"curies":[{"name":"wp","href":"https:\/\/api.w.org\/{rel}","templated":true}]}}