{"id":13971,"date":"2024-03-11T13:18:55","date_gmt":"2024-03-11T12:18:55","guid":{"rendered":"https:\/\/xoros-home.de\/?post_type=product&#038;p=13971"},"modified":"2024-03-11T13:20:49","modified_gmt":"2024-03-11T12:20:49","slug":"silla-giratoria-aeris-numo-task-aeris","status":"publish","type":"product","link":"https:\/\/xoros-home.de\/es\/produkt\/drehstuhl-aeris-numo-task-aeris\/","title":{"rendered":"Silla giratoria Aeris Numo Task (AERIS)"},"content":{"rendered":"<ul>\n<li>Equipado con un coj\u00edn de respaldo extra\u00edble<\/li>\n<li>Base con SAM (Self Adjusting Motion Element): permite inclinarla y girarla f\u00e1cilmente alrededor de su propio eje (sentado en 3D).<\/li>\n<li>Ruedas universales para todos los revestimientos de suelo (con freno)<\/li>\n<li>Funda del coj\u00edn del asiento: Poli\u00e9ster reciclado (tejido \"Cura\" del fabricante dan\u00e9s Gabriel) - varios colores a elegir<\/li>\n<li>Color del marco blanco o negro<\/li>\n<\/ul>","protected":false},"excerpt":{"rendered":"<p>Gracias a su innovadora tecnolog\u00eda, el Aeris Numo Task le da la sensaci\u00f3n de estar sentado en las nubes. La versi\u00f3n con puntales de suspensi\u00f3n permite un movimiento eficaz hacia arriba y hacia abajo mientras se est\u00e1 sentado, aliviando as\u00ed los discos intervertebrales.<\/p>","protected":false},"featured_media":13975,"template":"","meta":{"content-type":"","inline_featured_image":false},"product_brand":[],"product_cat":[191,41],"product_tag":[112,44,48,108],"class_list":{"0":"post-13971","1":"product","2":"type-product","3":"status-publish","4":"has-post-thumbnail","6":"product_cat-homeoffice-design-premium","7":"product_cat-schreibtischstuehle","8":"product_tag-einfache-selbstmontage","9":"product_tag-ergonomisch","10":"product_tag-hersteller-aeris","11":"product_tag-made-in-germany","13":"first","14":"instock","15":"taxable","16":"shipping-taxable","17":"purchasable","18":"product-type-simple"},"_links":{"self":[{"href":"https:\/\/xoros-home.de\/es\/wp-json\/wp\/v2\/product\/13971","targetHints":{"allow":["GET"]}}],"collection":[{"href":"https:\/\/xoros-home.de\/es\/wp-json\/wp\/v2\/product"}],"about":[{"href":"https:\/\/xoros-home.de\/es\/wp-json\/wp\/v2\/types\/product"}],"version-history":[{"count":0,"href":"https:\/\/xoros-home.de\/es\/wp-json\/wp\/v2\/product\/13971\/revisions"}],"wp:featuredmedia":[{"embeddable":true,"href":"https:\/\/xoros-home.de\/es\/wp-json\/wp\/v2\/media\/13975"}],"wp:attachment":[{"href":"https:\/\/xoros-home.de\/es\/wp-json\/wp\/v2\/media?parent=13971"}],"wp:term":[{"taxonomy":"product_brand","embeddable":true,"href":"https:\/\/xoros-home.de\/es\/wp-json\/wp\/v2\/product_brand?post=13971"},{"taxonomy":"product_cat","embeddable":true,"href":"https:\/\/xoros-home.de\/es\/wp-json\/wp\/v2\/product_cat?post=13971"},{"taxonomy":"product_tag","embeddable":true,"href":"https:\/\/xoros-home.de\/es\/wp-json\/wp\/v2\/product_tag?post=13971"}],"curies":[{"name":"wp","href":"https:\/\/api.w.org\/{rel}","templated":true}]}}