{"id":14002,"date":"2024-03-13T15:03:55","date_gmt":"2024-03-13T14:03:55","guid":{"rendered":"https:\/\/xoros-home.de\/?post_type=product&#038;p=14002"},"modified":"2024-03-13T15:03:55","modified_gmt":"2024-03-13T14:03:55","slug":"silla-classic-yaasa","status":"publish","type":"product","link":"https:\/\/xoros-home.de\/es\/produkt\/chair-classic-yaasa\/","title":{"rendered":"Silla \"Classic\" (Yaasa)"},"content":{"rendered":"<ul>\n<li>Silla de oficina de primera calidad con un dise\u00f1o excepcional y funcionalidad ergon\u00f3mica, disponible en blanco y negro<\/li>\n<li>Asiento regulable en altura y profundidad, posici\u00f3n del respaldo y reposabrazos 3D<\/li>\n<li>Apoyo lumbar infinitamente ajustable para sostener la columna lumbar y promover una postura saludable<\/li>\n<li>La resistencia del respaldo puede ajustarse individualmente al peso corporal<\/li>\n<li>Ruedas universales de alta calidad para suelos blandos y duros, capacidad de carga de hasta 130 kg<\/li>\n<\/ul>","protected":false},"excerpt":{"rendered":"<p>La silla Yaasa Chair Classic cumple todas las expectativas de una silla giratoria de oficina ergon\u00f3mica: con su amplia gama de opciones de ajuste, la postura \u00f3ptima al sentarse est\u00e1 garantizada. Su elegante respaldo de malla confiere a la Silla Cl\u00e1sica un dise\u00f1o moderno y atemporal.<\/p>\n<p>Gracias a su mecanismo sincronizado de alta calidad, esta silla de oficina no s\u00f3lo favorece una sedestaci\u00f3n din\u00e1mica, sino tambi\u00e9n saludable, incluso al reclinarse hacia atr\u00e1s. El respaldo ergon\u00f3mico y transpirable con contrapresi\u00f3n regulable individualmente se adapta perfectamente al cuerpo y sostiene la columna vertebral.<\/p>\n<p>Gracias a su dise\u00f1o moderno e innovador, la silla Classic ofrece la m\u00e1xima movilidad, flexibilidad y personalizaci\u00f3n para los amantes del dise\u00f1o en la oficina o el despacho en casa.<\/p>\n<p>Equipada con ruedas universales de alta calidad, la silla Chair Classic es igualmente adecuada para suelos blandos y duros.<\/p>\n<p>Disfrute de un confort ergon\u00f3mico combinado con un estilo atemporal: la silla Classic es la compa\u00f1era perfecta para sentarse de forma sofisticada.<\/p>","protected":false},"featured_media":14003,"template":"","meta":{"content-type":"","inline_featured_image":false},"product_brand":[],"product_cat":[190,41],"product_tag":[112,44,196,113],"class_list":{"0":"post-14002","1":"product","2":"type-product","3":"status-publish","4":"has-post-thumbnail","6":"product_cat-homeoffice-specials","7":"product_cat-schreibtischstuehle","8":"product_tag-einfache-selbstmontage","9":"product_tag-ergonomisch","10":"product_tag-hersteller-yaasa","11":"product_tag-schnelle-lieferung","13":"first","14":"instock","15":"taxable","16":"shipping-taxable","17":"purchasable","18":"product-type-simple"},"_links":{"self":[{"href":"https:\/\/xoros-home.de\/es\/wp-json\/wp\/v2\/product\/14002","targetHints":{"allow":["GET"]}}],"collection":[{"href":"https:\/\/xoros-home.de\/es\/wp-json\/wp\/v2\/product"}],"about":[{"href":"https:\/\/xoros-home.de\/es\/wp-json\/wp\/v2\/types\/product"}],"version-history":[{"count":0,"href":"https:\/\/xoros-home.de\/es\/wp-json\/wp\/v2\/product\/14002\/revisions"}],"wp:featuredmedia":[{"embeddable":true,"href":"https:\/\/xoros-home.de\/es\/wp-json\/wp\/v2\/media\/14003"}],"wp:attachment":[{"href":"https:\/\/xoros-home.de\/es\/wp-json\/wp\/v2\/media?parent=14002"}],"wp:term":[{"taxonomy":"product_brand","embeddable":true,"href":"https:\/\/xoros-home.de\/es\/wp-json\/wp\/v2\/product_brand?post=14002"},{"taxonomy":"product_cat","embeddable":true,"href":"https:\/\/xoros-home.de\/es\/wp-json\/wp\/v2\/product_cat?post=14002"},{"taxonomy":"product_tag","embeddable":true,"href":"https:\/\/xoros-home.de\/es\/wp-json\/wp\/v2\/product_tag?post=14002"}],"curies":[{"name":"wp","href":"https:\/\/api.w.org\/{rel}","templated":true}]}}