{"id":14011,"date":"2024-03-13T15:08:54","date_gmt":"2024-03-13T14:08:54","guid":{"rendered":"https:\/\/xoros-home.de\/?post_type=product&#038;p=14011"},"modified":"2024-03-13T15:08:54","modified_gmt":"2024-03-13T14:08:54","slug":"silla-essential-yaasa","status":"publish","type":"product","link":"https:\/\/xoros-home.de\/es\/produkt\/chair-essential-yaasa\/","title":{"rendered":"Silla \"Essential\" (Yaasa)"},"content":{"rendered":"<ul>\n<li>Altura y profundidad del asiento ajustables individualmente, posici\u00f3n del respaldo y reposabrazos 3D<\/li>\n<li>Apoyo lumbar ajustable para sujetar la zona lumbar y mantener una postura saludable<\/li>\n<li>Dise\u00f1o sencillo y limpio que incluye funciones ergon\u00f3micas esenciales<\/li>\n<li>Capacidad de carga de hasta 130 kg<\/li>\n<li>Ruedas universales aptas para suelos blandos y duros<\/li>\n<\/ul>","protected":false},"excerpt":{"rendered":"<p>La Silla Essential impresiona por sus caracter\u00edsticas ergon\u00f3micas indispensables y su ajuste ultrarr\u00e1pido a sus necesidades individuales. Esto garantiza una posici\u00f3n sentada saludable y c\u00f3moda en todo momento. El ajuste sincronizado del respaldo y el asiento, combinado con un soporte lumbar ajustable, garantiza un apoyo \u00f3ptimo para la espalda y la columna vertebral en todas las posiciones imaginables.<\/p>\n<p>Los reposabrazos 3D ajustables (regulables en altura, giratorios y deslizantes) y la altura del asiento regulable de forma flexible proporcionan a\u00fan m\u00e1s comodidad de asiento. Su dise\u00f1o sencillo y minimalista no solo convierte a la Chair Essential en una silla de oficina inmejorable, sino que tambi\u00e9n permite integrarla a la perfecci\u00f3n en cualquier entorno de trabajo u oficina dom\u00e9stica.<\/p>\n<p>La silla Chair Essential soporta cargas de hasta 130 kg y dispone de ruedas universales (para suelos blandos y duros),<\/p>\n<p>Experimente la m\u00e1xima comodidad y estilo: la Silla Essential, su compa\u00f1era asequible para un trabajo ergon\u00f3mico.<\/p>","protected":false},"featured_media":14012,"template":"","meta":{"content-type":"","inline_featured_image":false},"product_brand":[],"product_cat":[190,41],"product_tag":[112,44,196,113],"class_list":{"0":"post-14011","1":"product","2":"type-product","3":"status-publish","4":"has-post-thumbnail","6":"product_cat-homeoffice-specials","7":"product_cat-schreibtischstuehle","8":"product_tag-einfache-selbstmontage","9":"product_tag-ergonomisch","10":"product_tag-hersteller-yaasa","11":"product_tag-schnelle-lieferung","13":"first","14":"instock","15":"taxable","16":"shipping-taxable","17":"purchasable","18":"product-type-simple"},"_links":{"self":[{"href":"https:\/\/xoros-home.de\/es\/wp-json\/wp\/v2\/product\/14011","targetHints":{"allow":["GET"]}}],"collection":[{"href":"https:\/\/xoros-home.de\/es\/wp-json\/wp\/v2\/product"}],"about":[{"href":"https:\/\/xoros-home.de\/es\/wp-json\/wp\/v2\/types\/product"}],"version-history":[{"count":0,"href":"https:\/\/xoros-home.de\/es\/wp-json\/wp\/v2\/product\/14011\/revisions"}],"wp:featuredmedia":[{"embeddable":true,"href":"https:\/\/xoros-home.de\/es\/wp-json\/wp\/v2\/media\/14012"}],"wp:attachment":[{"href":"https:\/\/xoros-home.de\/es\/wp-json\/wp\/v2\/media?parent=14011"}],"wp:term":[{"taxonomy":"product_brand","embeddable":true,"href":"https:\/\/xoros-home.de\/es\/wp-json\/wp\/v2\/product_brand?post=14011"},{"taxonomy":"product_cat","embeddable":true,"href":"https:\/\/xoros-home.de\/es\/wp-json\/wp\/v2\/product_cat?post=14011"},{"taxonomy":"product_tag","embeddable":true,"href":"https:\/\/xoros-home.de\/es\/wp-json\/wp\/v2\/product_tag?post=14011"}],"curies":[{"name":"wp","href":"https:\/\/api.w.org\/{rel}","templated":true}]}}