{"id":14033,"date":"2024-03-13T16:29:29","date_gmt":"2024-03-13T15:29:29","guid":{"rendered":"https:\/\/xoros-home.de\/?post_type=product&#038;p=14033"},"modified":"2024-03-13T16:29:29","modified_gmt":"2024-03-13T15:29:29","slug":"escritorio-one-standing-desk-electrico-regulable-en-altura-yaasa","status":"publish","type":"product","link":"https:\/\/xoros-home.de\/es\/produkt\/desk-one-stehpult-elektrisch-hoehenverstellbar-yaasa\/","title":{"rendered":"Desk One - escritorio de pie regulable el\u00e9ctricamente en altura (Yaasa)"},"content":{"rendered":"<ul>\n<li class=\"fs-14 mb-10\">Altura regulable el\u00e9ctricamente entre 70 y 120 cm<\/li>\n<li class=\"fs-14 mb-10\">Discreto auricular oculto bajo el tablero de la mesa<\/li>\n<li class=\"fs-14 mb-10\">Capacidad de carga 40 kg, con sensor de colisi\u00f3n<\/li>\n<li class=\"fs-14 mb-10\">Fabricado en Europa<\/li>\n<li class=\"fs-14 mb-10\">Disponible en blanco o negro<\/li>\n<\/ul>","protected":false},"excerpt":{"rendered":"<p>El Desk One es el escritorio m\u00e1s compacto de la gama Yaasa y la soluci\u00f3n ideal para todos los entornos de trabajo con espacio limitado. Por ejemplo, el Desk One puede utilizarse como una miniestaci\u00f3n de trabajo ergon\u00f3mica en la oficina dom\u00e9stica. Tambi\u00e9n puede utilizarse como mesa auxiliar regulable en altura en la oficina o como escritorio de pie.<\/p>\n<ul>\n<li>Ajuste el\u00e9ctrico de la altura: independientemente del entorno, el ajuste manual de la altura del Desk One permite trabajar de forma ergon\u00f3mica en los espacios m\u00e1s reducidos.<\/li>\n<li>Dise\u00f1o innovador: el Desk One impresiona con sus caracter\u00edsticas esquinas redondeadas y un reposapi\u00e9s de fieltro<\/li>\n<li>Vers\u00e1til: El Desk One es extremadamente vers\u00e1til: ya sea como escritorio, mesa para port\u00e1til, escritorio de pie o mesa auxiliar, se adapta con flexibilidad a sus necesidades.<\/li>\n<\/ul>\n<p>El Desk One est\u00e1 disponible en dos colores diferentes, se fabrica en Europa y puede soportar hasta 40 kg. Descubra ahora el Desk One para obtener la m\u00e1xima funcionalidad en un espacio limitado.<\/p>","protected":false},"featured_media":14034,"template":"","meta":{"content-type":"","inline_featured_image":false},"product_brand":[],"product_cat":[190,40],"product_tag":[112,44,196,45,113],"class_list":{"0":"post-14033","1":"product","2":"type-product","3":"status-publish","4":"has-post-thumbnail","6":"product_cat-homeoffice-specials","7":"product_cat-schreibtische","8":"product_tag-einfache-selbstmontage","9":"product_tag-ergonomisch","10":"product_tag-hersteller-yaasa","11":"product_tag-platzsparend","12":"product_tag-schnelle-lieferung","14":"first","15":"instock","16":"taxable","17":"shipping-taxable","18":"purchasable","19":"product-type-simple"},"_links":{"self":[{"href":"https:\/\/xoros-home.de\/es\/wp-json\/wp\/v2\/product\/14033","targetHints":{"allow":["GET"]}}],"collection":[{"href":"https:\/\/xoros-home.de\/es\/wp-json\/wp\/v2\/product"}],"about":[{"href":"https:\/\/xoros-home.de\/es\/wp-json\/wp\/v2\/types\/product"}],"version-history":[{"count":0,"href":"https:\/\/xoros-home.de\/es\/wp-json\/wp\/v2\/product\/14033\/revisions"}],"wp:featuredmedia":[{"embeddable":true,"href":"https:\/\/xoros-home.de\/es\/wp-json\/wp\/v2\/media\/14034"}],"wp:attachment":[{"href":"https:\/\/xoros-home.de\/es\/wp-json\/wp\/v2\/media?parent=14033"}],"wp:term":[{"taxonomy":"product_brand","embeddable":true,"href":"https:\/\/xoros-home.de\/es\/wp-json\/wp\/v2\/product_brand?post=14033"},{"taxonomy":"product_cat","embeddable":true,"href":"https:\/\/xoros-home.de\/es\/wp-json\/wp\/v2\/product_cat?post=14033"},{"taxonomy":"product_tag","embeddable":true,"href":"https:\/\/xoros-home.de\/es\/wp-json\/wp\/v2\/product_tag?post=14033"}],"curies":[{"name":"wp","href":"https:\/\/api.w.org\/{rel}","templated":true}]}}