{"id":14083,"date":"2024-03-20T17:56:14","date_gmt":"2024-03-20T16:56:14","guid":{"rendered":"https:\/\/xoros-home.de\/?post_type=product&#038;p=14083"},"modified":"2025-02-20T17:27:33","modified_gmt":"2025-02-20T16:27:33","slug":"cube-l-sedus","status":"publish","type":"product","link":"https:\/\/xoros-home.de\/es\/produkt\/cube-l-sedus\/","title":{"rendered":"Cubo L (SEDUS)"},"content":{"rendered":"<p><strong>Lo m\u00e1s destacado:\u00a0<\/strong><\/p>\n<ul>\n<li>Del multipremiado fabricante premium SEDUS<\/li>\n<li>Fabricado en Alemania<\/li>\n<li>Seguridad certificada por T\u00dcV y GS<\/li>\n<\/ul>\n<p><strong>Detalles del producto:<\/strong><\/p>\n<ul>\n<li>Control inteligente de la ventilaci\u00f3n con varios sensores: detector de presencia, sensor de temperatura ambiente y sensor de CO<sub>2<\/sub>-Salario<\/li>\n<li>Paredes revestidas de tela de distintos colores y tejidos<\/li>\n<li>El suelo est\u00e1 equipado con losetas de moqueta de la marca de calidad Interface<\/li>\n<li>Hay diferentes variantes disponibles para el interior:\n<ul>\n<li>Vac\u00edo \/ sin interior<\/li>\n<li><strong><span style=\"color: #ff5450;\">Recomendaci\u00f3n:<\/span> <\/strong>Comedor (5-8 personas) con mesa integrada, dos sof\u00e1s y soporte para monitor opcional<\/li>\n<li>Sala de v\u00eddeo (3-4 personas) con mesa empotrada, un sof\u00e1 esquinero y preparaci\u00f3n para el montaje de un monitor en la pared opuesta<\/li>\n<li>Lluvia de ideas (4-6 personas) de pie o sentadas incluyendo mesa incorporada (asientos disponibles por separado)<\/li>\n<li>Brainstorming (4-6 personas) con mesa incorporada regulable el\u00e9ctricamente en altura (asientos disponibles por separado)<\/li>\n<\/ul>\n<\/li>\n<\/ul>\n<p><strong>Especificaciones t\u00e9cnicas:<\/strong><\/p>\n<ul>\n<li>Dimensiones exteriores: Anchura 2500 x Profundidad 2500 x Altura 2320 mm<\/li>\n<li>Dimensiones interiores: An. 2165 x Pr. 2380 x Al. 2200 mm (bajo la luz: Al. 2150 mm)<\/li>\n<li>Altura libre necesaria para la instalaci\u00f3n y la circulaci\u00f3n de aire: m\u00edn. 2500 mm<\/li>\n<li>El sistema de control totalmente autom\u00e1tico regula los ventiladores en funci\u00f3n de la temperatura ambiente y el contenido de CO\u00b2 del aire ambiente en el se:cubo.<\/li>\n<li>Elementos acristalados de vidrio de seguridad laminado VSG-SI de 10,76 mm con pel\u00edcula ac\u00fastica intermedia<\/li>\n<\/ul>\n<p>&nbsp;<\/p>\n<p><strong>V\u00eddeo sobre la gama de productos se:cube:<\/strong><\/p>\n<div style=\"width: 800px;\" class=\"wp-video\"><video class=\"wp-video-shortcode\" id=\"video-14083-1\" width=\"800\" height=\"450\" preload=\"metadata\" controls=\"controls\"><source type=\"video\/mp4\" src=\"https:\/\/xoros-home.de\/wp-content\/uploads\/2024\/03\/Video-SEDUS-se-cube-Akustik-Pod-Meetingbox-Telefonbox.mp4?_=1\" \/><a href=\"https:\/\/xoros-home.de\/wp-content\/uploads\/2024\/03\/Video-SEDUS-se-cube-Akustik-Pod-Meetingbox-Telefonbox.mp4\">https:\/\/xoros-home.de\/wp-content\/uploads\/2024\/03\/Video-SEDUS-se-cube-Akustik-Pod-Meetingbox-Telefonbox.mp4<\/a><\/video><\/div>\n<p>&nbsp;<\/p>\n<p><strong>Cortometraje \"Momentos de silencio:<\/strong><\/p>\n<p><a href=\"https:\/\/www.youtube.com\/watch?v=5XrxxYXviek\" target=\"_blank\" rel=\"noopener\">https:\/\/www.youtube.com\/watch?v=5XrxxYXviek<\/a><\/p>\n<p>&nbsp;<\/p>\n<p><strong>Modelo 3D:<\/strong><\/p>\n<p><iframe src=\"https:\/\/impress.pcon-solutions.com\/?l=de&amp;embed=https%3A%2F%2Fxoroshome-my.sharepoint.com%2F%3Au%3A%2Fg%2Fpersonal%2Ffrank_ehlers_xoros-home_de%2FEXyfuxqWkLhAjLWRJL_ouYIB20SDLkLvx453IsDnYPv-sA\" width=\"560\" height=\"655\" frameborder=\"1\" allowfullscreen=\"allowfullscreen\"><span data-mce-type=\"bookmark\" style=\"display: inline-block; width: 0px; overflow: hidden; line-height: 0;\" class=\"mce_SELRES_start\"><\/span><\/iframe><\/p>","protected":false},"excerpt":{"rendered":"<p>El se:cube L ofrece 6,25 metros cuadrados de espacio de reuni\u00f3n insonorizado, para un m\u00e1ximo de ocho personas, seg\u00fan la configuraci\u00f3n. Recomendamos la configuraci\u00f3n \"Diner\", con dos sof\u00e1s enfrentados y una mesa fija integrada. Esto permite celebrar reuniones con ocho personas con la misma eficacia que las reuniones h\u00edbridas, siempre que se pida tambi\u00e9n el soporte para monitor opcional situado en el extremo de la mesa.<\/p>\n<p>se:cube es la serie de cabinas telef\u00f3nicas y de reuniones de SEDUS, uno de los principales fabricantes alemanes de mobiliario de oficina. La forma clara y lineal de se:cube se suaviza con esquinas redondeadas, por lo que puede integrarse armoniosamente en una amplia variedad de entornos sin dominar la habitaci\u00f3n. Una caracter\u00edstica distintiva de se:cube es la tira de LED que lo rodea (disponible opcionalmente) y que se ilumina en cuanto se ocupa el cubo. se:cube est\u00e1 disponible en tres tama\u00f1os diferentes:<\/p>\n<ul>\n<li><a href=\"https:\/\/xoros-home.de\/es\/productos-de-oficina-en-casa\/cube-s-sedus\/\">se:cubo S<\/a> (para una persona)<\/li>\n<li><a href=\"https:\/\/xoros-home.de\/es\/productos-de-oficina-en-casa\/cube-m-sedus\/\">se:cubo M<\/a> (para un m\u00e1ximo de cuatro personas)<\/li>\n<li><a href=\"https:\/\/xoros-home.de\/es\/productos-de-oficina-en-casa\/cube-l-sedus\/\">se:cubo L<\/a> (para un m\u00e1ximo de ocho personas)<\/li>\n<\/ul>\n<p>&nbsp;<\/p>\n<p><img decoding=\"async\" class=\"alignnone wp-image-8678\" src=\"https:\/\/xoros-home.de\/wp-content\/uploads\/2022\/06\/Sedus-Logo200.png\" alt=\"\" width=\"129\" height=\"58\" \/><\/p>","protected":false},"featured_media":15809,"template":"","meta":{"content-type":"","inline_featured_image":false},"product_brand":[],"product_cat":[159],"product_tag":[132,107,108],"class_list":{"0":"post-14083","1":"product","2":"type-product","3":"status-publish","4":"has-post-thumbnail","6":"product_cat-meetingbox","7":"product_tag-effizienter-schallschutz","8":"product_tag-hersteller-sedus","9":"product_tag-made-in-germany","11":"first","12":"instock","13":"taxable","14":"shipping-taxable","15":"purchasable","16":"product-type-simple"},"_links":{"self":[{"href":"https:\/\/xoros-home.de\/es\/wp-json\/wp\/v2\/product\/14083","targetHints":{"allow":["GET"]}}],"collection":[{"href":"https:\/\/xoros-home.de\/es\/wp-json\/wp\/v2\/product"}],"about":[{"href":"https:\/\/xoros-home.de\/es\/wp-json\/wp\/v2\/types\/product"}],"version-history":[{"count":1,"href":"https:\/\/xoros-home.de\/es\/wp-json\/wp\/v2\/product\/14083\/revisions"}],"predecessor-version":[{"id":14109,"href":"https:\/\/xoros-home.de\/es\/wp-json\/wp\/v2\/product\/14083\/revisions\/14109"}],"wp:featuredmedia":[{"embeddable":true,"href":"https:\/\/xoros-home.de\/es\/wp-json\/wp\/v2\/media\/15809"}],"wp:attachment":[{"href":"https:\/\/xoros-home.de\/es\/wp-json\/wp\/v2\/media?parent=14083"}],"wp:term":[{"taxonomy":"product_brand","embeddable":true,"href":"https:\/\/xoros-home.de\/es\/wp-json\/wp\/v2\/product_brand?post=14083"},{"taxonomy":"product_cat","embeddable":true,"href":"https:\/\/xoros-home.de\/es\/wp-json\/wp\/v2\/product_cat?post=14083"},{"taxonomy":"product_tag","embeddable":true,"href":"https:\/\/xoros-home.de\/es\/wp-json\/wp\/v2\/product_tag?post=14083"}],"curies":[{"name":"wp","href":"https:\/\/api.w.org\/{rel}","templated":true}]}}