{"id":14517,"date":"2024-05-03T16:37:12","date_gmt":"2024-05-03T14:37:12","guid":{"rendered":"https:\/\/xoros-home.de\/?post_type=product&#038;p=14517"},"modified":"2025-02-04T16:26:53","modified_gmt":"2025-02-04T15:26:53","slug":"cabina-telefonica-hola-studiobricks","status":"publish","type":"product","link":"https:\/\/xoros-home.de\/es\/produkt\/telefonbox-hola-studiobricks\/","title":{"rendered":"Cabina telef\u00f3nica HOLA (Studiobricks)"},"content":{"rendered":"<p>Modelo 3D en distintas variantes:<\/p>\n<p><iframe src=\"https:\/\/impress.pcon-solutions.com\/?l=de&amp;embed=https%3A%2F%2Fxoroshome-my.sharepoint.com%2F%3Au%3A%2Fg%2Fpersonal%2Ffrank_ehlers_xoros-home_de%2FEdM--VNTvjZBhU65fbmI5gQBCLthd4ViVHwlDclPCGpXzQ\" width=\"450\" height=\"450\" frameborder=\"1\" allowfullscreen=\"allowfullscreen\"><span data-mce-type=\"bookmark\" style=\"display: inline-block; width: 0px; overflow: hidden; line-height: 0;\" class=\"mce_SELRES_start\"><\/span><\/iframe><\/p>","protected":false},"excerpt":{"rendered":"<p>Studiobricks es un fabricante espa\u00f1ol de cabinas insonorizadas que ha crecido con productos especializados para el sector de la m\u00fasica \/ estudio \/ grabaci\u00f3n de audio. La gama original de productos Studiobricks procede, por tanto, de un sector en el que la ac\u00fastica desempe\u00f1a el papel principal y en el que se plantean exigencias de aislamiento ac\u00fastico y calidad de sonido completamente diferentes a las de una oficina convencional. As\u00ed pues, no es de extra\u00f1ar que la gama de oficinas Studiobricks tambi\u00e9n ostente los mejores valores de aislamiento ac\u00fastico del mercado y satisfaga las m\u00e1s altas exigencias.<\/p>\n<p>HOLA es el modelo m\u00e1s peque\u00f1o de Studiobricks y est\u00e1 disponible como cabina telef\u00f3nica con un tama\u00f1o de 1,06 x 1,06 metros en tres versiones diferentes:<\/p>\n<ul>\n<li>HOLA Standard: con panel trasero cerrado<\/li>\n<li>HOLA View: con panel trasero acristalado<\/li>\n<li>Carretilla elevadora HOLA: montada sobre bastidor de acero \/ apta para carretillas elevadoras<\/li>\n<\/ul>\n<p>La cabina telef\u00f3nica HOLA se puede configurar individualmente; otros colores, otros materiales y muebles (taburete) est\u00e1n disponibles por un cargo adicional. \u00a1Estaremos encantados de asesorarle sobre las opciones relevantes para usted!<\/p>","protected":false},"featured_media":14527,"template":"","meta":{"content-type":"","inline_featured_image":false},"product_brand":[],"product_cat":[131],"product_tag":[132,198],"class_list":{"0":"post-14517","1":"product","2":"type-product","3":"status-publish","4":"has-post-thumbnail","6":"product_cat-telefonbox","7":"product_tag-effizienter-schallschutz","8":"product_tag-hersteller-studiobricks","10":"first","11":"instock","12":"taxable","13":"shipping-taxable","14":"purchasable","15":"product-type-simple"},"_links":{"self":[{"href":"https:\/\/xoros-home.de\/es\/wp-json\/wp\/v2\/product\/14517","targetHints":{"allow":["GET"]}}],"collection":[{"href":"https:\/\/xoros-home.de\/es\/wp-json\/wp\/v2\/product"}],"about":[{"href":"https:\/\/xoros-home.de\/es\/wp-json\/wp\/v2\/types\/product"}],"version-history":[{"count":1,"href":"https:\/\/xoros-home.de\/es\/wp-json\/wp\/v2\/product\/14517\/revisions"}],"predecessor-version":[{"id":14554,"href":"https:\/\/xoros-home.de\/es\/wp-json\/wp\/v2\/product\/14517\/revisions\/14554"}],"wp:featuredmedia":[{"embeddable":true,"href":"https:\/\/xoros-home.de\/es\/wp-json\/wp\/v2\/media\/14527"}],"wp:attachment":[{"href":"https:\/\/xoros-home.de\/es\/wp-json\/wp\/v2\/media?parent=14517"}],"wp:term":[{"taxonomy":"product_brand","embeddable":true,"href":"https:\/\/xoros-home.de\/es\/wp-json\/wp\/v2\/product_brand?post=14517"},{"taxonomy":"product_cat","embeddable":true,"href":"https:\/\/xoros-home.de\/es\/wp-json\/wp\/v2\/product_cat?post=14517"},{"taxonomy":"product_tag","embeddable":true,"href":"https:\/\/xoros-home.de\/es\/wp-json\/wp\/v2\/product_tag?post=14517"}],"curies":[{"name":"wp","href":"https:\/\/api.w.org\/{rel}","templated":true}]}}