{"id":14542,"date":"2024-05-08T11:23:44","date_gmt":"2024-05-08T09:23:44","guid":{"rendered":"https:\/\/xoros-home.de\/?post_type=product&#038;p=14542"},"modified":"2025-03-07T18:31:12","modified_gmt":"2025-03-07T17:31:12","slug":"cabina-insonorizada-focus-studiobricks","status":"publish","type":"product","link":"https:\/\/xoros-home.de\/es\/produkt\/schallschutzkabine-focus-studiobricks\/","title":{"rendered":"Cabina insonorizada FOCUS (Studiobricks)"},"content":{"rendered":"<p>Modelo 3D en distintas variantes:<\/p>\n<p>&nbsp;<\/p>\n<p><iframe src=\"https:\/\/impress.pcon-solutions.com\/?l=de&amp;embed=https%3A%2F%2Fxoroshome-my.sharepoint.com%2F%3Au%3A%2Fg%2Fpersonal%2Ffrank_ehlers_xoros-home_de%2FEZ8GG6PxWeJBlCdB7Dx4xoMBsc3L5HIFncQ76osvJNk_YA\" width=\"450\" height=\"450\" frameborder=\"1\" allowfullscreen=\"allowfullscreen\"><span data-mce-type=\"bookmark\" style=\"display: inline-block; width: 0px; overflow: hidden; line-height: 0;\" class=\"mce_SELRES_start\"><\/span><span data-mce-type=\"bookmark\" style=\"display: inline-block; width: 0px; overflow: hidden; line-height: 0;\" class=\"mce_SELRES_start\"><\/span><\/iframe><\/p>","protected":false},"excerpt":{"rendered":"<p>Studiobricks es un fabricante espa\u00f1ol de cabinas insonorizadas que ha crecido con productos especializados para el sector de la m\u00fasica \/ estudio \/ grabaci\u00f3n de audio. La gama original de productos Studiobricks procede, por tanto, de un sector en el que la ac\u00fastica desempe\u00f1a el papel principal y en el que se plantean exigencias de aislamiento ac\u00fastico y calidad del sonido completamente diferentes a las de una oficina convencional. As\u00ed pues, no es de extra\u00f1ar que la gama de oficinas Studiobricks tambi\u00e9n ostente los mejores valores de aislamiento ac\u00fastico del mercado y cumpla las normas m\u00e1s estrictas. En concreto, las cabinas Studiobricks suelen ofrecer un aislamiento ac\u00fastico de 45 dB.<\/p>\n<p>Uno de los distintivos de las cabinas telef\u00f3nicas y de reuni\u00f3n Studiobricks es el cartel opcional \"On Air\", que indica en el exterior cu\u00e1ndo una cabina est\u00e1 ocupada.<\/p>\n<p>La gama de modelos FOCUS de Studiobricks ofrece diversas opciones de equipamiento para el trabajo concentrado en solitario o para reuniones breves para dos personas en una superficie de 1,21 x 1,68 metros. Disponemos de las siguientes versiones:<\/p>\n<ul>\n<li>FOCUS Est\u00e1ndar: Puesto de trabajo individual con escritorio incorporado a una altura fija y espacio suficiente para una silla giratoria o dos taburetes; con panel trasero cerrado.<\/li>\n<li>FOCUS Ergon\u00f3mico: Puesto de trabajo individual con escritorio regulable en altura. Espacio suficiente para una silla giratoria o dos taburetes o reuniones con dos personas de pie; con panel trasero cerrado.<\/li>\n<li>FOCUS View: caracter\u00edsticas similares a la versi\u00f3n FOCUS Ergonomic, pero con panel trasero acristalado<\/li>\n<li>Carretilla elevadora FOCUS: montada sobre un bastidor de acero \/ apta para carretillas elevadoras<\/li>\n<li>FOCUS Media: con configuraci\u00f3n de grabaci\u00f3n - compuesto por BassTrap (PET), soporte de monitor, brazo de monitor, soporte de copia, soporte de pared, adaptador de m\u00e1stil y brazo de micr\u00f3fono<\/li>\n<li>Videollamada FOCUS: con soporte de monitor ajustable en altura y monitor con pantalla t\u00e1ctil<\/li>\n<\/ul>\n<p>La cabina insonorizada FOCUS puede configurarse individualmente. Otros colores, otros materiales, el distintivo \"On-Air\" y el mobiliario (sof\u00e1, taburete) est\u00e1n disponibles con recargo. Estaremos encantados de asesorarle sobre las opciones que m\u00e1s le interesen.<\/p>","protected":false},"featured_media":14555,"template":"","meta":{"content-type":"","inline_featured_image":false},"product_brand":[],"product_cat":[207],"product_tag":[132,198],"class_list":{"0":"post-14542","1":"product","2":"type-product","3":"status-publish","4":"has-post-thumbnail","6":"product_cat-office-arbeitsbox","7":"product_tag-effizienter-schallschutz","8":"product_tag-hersteller-studiobricks","10":"first","11":"instock","12":"taxable","13":"shipping-taxable","14":"purchasable","15":"product-type-simple"},"_links":{"self":[{"href":"https:\/\/xoros-home.de\/es\/wp-json\/wp\/v2\/product\/14542","targetHints":{"allow":["GET"]}}],"collection":[{"href":"https:\/\/xoros-home.de\/es\/wp-json\/wp\/v2\/product"}],"about":[{"href":"https:\/\/xoros-home.de\/es\/wp-json\/wp\/v2\/types\/product"}],"version-history":[{"count":1,"href":"https:\/\/xoros-home.de\/es\/wp-json\/wp\/v2\/product\/14542\/revisions"}],"predecessor-version":[{"id":14580,"href":"https:\/\/xoros-home.de\/es\/wp-json\/wp\/v2\/product\/14542\/revisions\/14580"}],"wp:featuredmedia":[{"embeddable":true,"href":"https:\/\/xoros-home.de\/es\/wp-json\/wp\/v2\/media\/14555"}],"wp:attachment":[{"href":"https:\/\/xoros-home.de\/es\/wp-json\/wp\/v2\/media?parent=14542"}],"wp:term":[{"taxonomy":"product_brand","embeddable":true,"href":"https:\/\/xoros-home.de\/es\/wp-json\/wp\/v2\/product_brand?post=14542"},{"taxonomy":"product_cat","embeddable":true,"href":"https:\/\/xoros-home.de\/es\/wp-json\/wp\/v2\/product_cat?post=14542"},{"taxonomy":"product_tag","embeddable":true,"href":"https:\/\/xoros-home.de\/es\/wp-json\/wp\/v2\/product_tag?post=14542"}],"curies":[{"name":"wp","href":"https:\/\/api.w.org\/{rel}","templated":true}]}}