{"id":14583,"date":"2024-05-21T18:55:54","date_gmt":"2024-05-21T16:55:54","guid":{"rendered":"https:\/\/xoros-home.de\/?post_type=product&#038;p=14583"},"modified":"2025-02-04T16:28:01","modified_gmt":"2025-02-04T15:28:01","slug":"cabina-insonorizada-meet-up-plus-studiobricks","status":"publish","type":"product","link":"https:\/\/xoros-home.de\/es\/produkt\/schallschutzkabine-meet-up-plus-studiobricks\/","title":{"rendered":"Cabina insonorizada MEET-UP Plus (Studiobricks)"},"content":{"rendered":"<p><strong>Modelo 3D:<\/strong><\/p>\n<p>(aqu\u00ed en la versi\u00f3n \"MEET-UP-Plus Sit\")<\/p>\n<p><iframe src=\"https:\/\/impress.pcon-solutions.com\/?l=de&amp;embed=https%3A%2F%2Fxoroshome-my.sharepoint.com%2F%3Au%3A%2Fg%2Fpersonal%2Ffrank_ehlers_xoros-home_de%2FEXsFZnqeWDpNts3gxI0KKMgB94uCPTC1dOlXKhi74CoY_w\" width=\"450\" height=\"450\" frameborder=\"1\" allowfullscreen=\"allowfullscreen\"><\/iframe><\/p>","protected":false},"excerpt":{"rendered":"<p>Studiobricks es un fabricante espa\u00f1ol de cabinas insonorizadas que ha crecido con productos especializados para el sector de la m\u00fasica \/ estudio \/ grabaci\u00f3n de audio. La gama original de productos Studiobricks procede, por tanto, de un sector en el que la ac\u00fastica desempe\u00f1a el papel principal y en el que se plantean exigencias de aislamiento ac\u00fastico y calidad del sonido completamente diferentes a las de una oficina convencional. As\u00ed pues, no es de extra\u00f1ar que la gama de oficinas Studiobricks tambi\u00e9n ostente los mejores valores de aislamiento ac\u00fastico del mercado y cumpla las normas m\u00e1s estrictas. En concreto, las cabinas Studiobricks suelen ofrecer un aislamiento ac\u00fastico de 45 dB.<\/p>\n<p>La gama de modelos MEET-UP-Plus de Studiobricks ofrece diversas opciones de equipamiento para el trabajo concentrado en parejas o para reuniones breves de hasta cuatro personas en una superficie de 1,21 x 1,98 metros. Disponemos de las siguientes versiones:<\/p>\n<ul>\n<li>MEET-UP-Plus Stand: Puesto de trabajo doble con mostrador a una altura fija para que dos personas trabajen codo con codo de pie.<\/li>\n<li>MEET-UP-Plus Ergon\u00f3mico: con escritorio regulable en altura y espacio para hasta cuatro taburetes o reuniones de pie.<\/li>\n<li>MEET-UP-Plus Sit: equipado con dos sof\u00e1s y mesa para reuniones sentadas de hasta 4 personas<\/li>\n<li>MEET-UP-Plus Video Call: con mostrador a altura fija, fijaci\u00f3n para monitor e incluye monitor con pantalla t\u00e1ctil y c\u00e1mara.<\/li>\n<\/ul>\n<p>La cabina insonorizada MEET-UP-Plus puede configurarse individualmente; otros colores, otros materiales, paredes traseras acristaladas, etc. est\u00e1n disponibles por un cargo adicional. Estaremos encantados de asesorarle sobre las opciones que m\u00e1s le interesen.<\/p>","protected":false},"featured_media":14591,"template":"","meta":{"content-type":"","inline_featured_image":false},"product_brand":[],"product_cat":[159],"product_tag":[132,198],"class_list":{"0":"post-14583","1":"product","2":"type-product","3":"status-publish","4":"has-post-thumbnail","6":"product_cat-meetingbox","7":"product_tag-effizienter-schallschutz","8":"product_tag-hersteller-studiobricks","10":"first","11":"instock","12":"taxable","13":"shipping-taxable","14":"purchasable","15":"product-type-simple"},"_links":{"self":[{"href":"https:\/\/xoros-home.de\/es\/wp-json\/wp\/v2\/product\/14583","targetHints":{"allow":["GET"]}}],"collection":[{"href":"https:\/\/xoros-home.de\/es\/wp-json\/wp\/v2\/product"}],"about":[{"href":"https:\/\/xoros-home.de\/es\/wp-json\/wp\/v2\/types\/product"}],"version-history":[{"count":1,"href":"https:\/\/xoros-home.de\/es\/wp-json\/wp\/v2\/product\/14583\/revisions"}],"predecessor-version":[{"id":14590,"href":"https:\/\/xoros-home.de\/es\/wp-json\/wp\/v2\/product\/14583\/revisions\/14590"}],"wp:featuredmedia":[{"embeddable":true,"href":"https:\/\/xoros-home.de\/es\/wp-json\/wp\/v2\/media\/14591"}],"wp:attachment":[{"href":"https:\/\/xoros-home.de\/es\/wp-json\/wp\/v2\/media?parent=14583"}],"wp:term":[{"taxonomy":"product_brand","embeddable":true,"href":"https:\/\/xoros-home.de\/es\/wp-json\/wp\/v2\/product_brand?post=14583"},{"taxonomy":"product_cat","embeddable":true,"href":"https:\/\/xoros-home.de\/es\/wp-json\/wp\/v2\/product_cat?post=14583"},{"taxonomy":"product_tag","embeddable":true,"href":"https:\/\/xoros-home.de\/es\/wp-json\/wp\/v2\/product_tag?post=14583"}],"curies":[{"name":"wp","href":"https:\/\/api.w.org\/{rel}","templated":true}]}}