{"id":14732,"date":"2024-09-09T16:29:17","date_gmt":"2024-09-09T14:29:17","guid":{"rendered":"https:\/\/xoros-home.de\/?post_type=product&#038;p=14732"},"modified":"2025-07-06T17:05:04","modified_gmt":"2025-07-06T15:05:04","slug":"workbox-jetson-m1-mute","status":"publish","type":"product","link":"https:\/\/xoros-home.de\/es\/produkt\/arbeitsbox-jetson-m1-mute\/","title":{"rendered":"Cabina de trabajo Jetson M1 (MUTE)"},"content":{"rendered":"<p>La estructura de la Jetson M1 es de aluminio extruido, por lo que es mucho m\u00e1s duradera y ligera que los modelos basados en paneles de madera. En combinaci\u00f3n con el sistema de conexi\u00f3n a la pared sin herramientas, la Jetson M1 es m\u00e1s r\u00e1pida y f\u00e1cil de montar y desmontar que cualquier otra cabina telef\u00f3nica o de reuni\u00f3n del mercado.<\/p>\n<p>Jetson M1 est\u00e1 disponible en blanco o negro, y las paredes exteriores pueden equiparse opcionalmente con estanter\u00edas o pizarras blancas.<\/p>\n<p>Ficha t\u00e9cnica: <a href=\"https:\/\/xoros-home.de\/wp-content\/uploads\/2024\/09\/Jetson_M1_Datenblatt_DE.pdf\">Descargar la ficha t\u00e9cnica de Jetson M1<\/a><\/p>\n<p><strong>Modelo 3D:<\/strong><\/p>\n<p><iframe src=\"https:\/\/impress.pcon-solutions.com\/?l=de&amp;embed=https%3A%2F%2Fxoroshome-my.sharepoint.com%2F%3Au%3A%2Fg%2Fpersonal%2Ffrank_ehlers_xoros-home_de%2FEfGq0WAJ1MFNp8UnUsLBCe4BSYhKyyVZy9g0Ea8Mui3EZQ\" width=\"450\" height=\"450\" frameborder=\"1\" allowfullscreen=\"allowfullscreen\"><\/iframe><br \/>\n<strong>Equipamiento:<\/strong><\/p>\n<ul>\n<li>Sistema de ventilaci\u00f3n<\/li>\n<li>Luz LED<\/li>\n<li>Detector de presencia para ventiladores y luz<\/li>\n<li>Regleta con 2 enchufes y 2 puertos USB<\/li>\n<li>Tablero de melamina<\/li>\n<li>Estante plano con barra de exposici\u00f3n e im\u00e1n, 2 ganchos<\/li>\n<li>Cable de alimentaci\u00f3n de 3 m<\/li>\n<\/ul>\n<p><strong>Dimensiones y peso:<\/strong><\/p>\n<ul>\n<li>Anchura (exterior \/ interior): 1575 mm \/ 1435 mm<\/li>\n<li>Profundidad (exterior \/ interior): 1000 mm \/ 860 mm + 800 mm con la puerta abierta<\/li>\n<li>Altura (exterior \/ interior): 2264 mm \/ 2102 mm<\/li>\n<li class=\"tech-specs__field\">Tablero (ancho x fondo x alto): 600 x 855 x 745<\/li>\n<li>Peso: 275 kg<\/li>\n<\/ul>\n<p><strong>Datos ac\u00fasticos y ventilaci\u00f3n:<\/strong><\/p>\n<ul>\n<li>Atenuaci\u00f3n de la voz: hasta 44,6 dB<\/li>\n<li>Caudal de aire nominal: 365 m3\/h<\/li>\n<li>Ruido de ventilaci\u00f3n exterior \/ interior: \u226436 dB \/ \u226438 dB<\/li>\n<\/ul>\n<p><strong>Toma de corriente m\u00faltiple:<\/strong><\/p>\n<ul>\n<li>Tensi\u00f3n de alimentaci\u00f3n: 220-240 \/ 100-120 VCA, 50-60 Hz<\/li>\n<li>Tomas: 2<\/li>\n<li>Cargador r\u00e1pido USB: TUF A+C 25 W, 5 V CC<\/li>\n<li>Sistema de montaje: Incl.<\/li>\n<li>Color: Negro<\/li>\n<\/ul>","protected":false},"excerpt":{"rendered":"<p>La Jetson M1 es una caja de trabajo compacta y elegante del especialista en ac\u00fastica \"Mute\". Materiales de alta calidad, componentes duraderos y un interior bien pensado se unen a unos precios favorables. Esto es posible gracias a una producci\u00f3n especialmente eficiente: la mayor\u00eda de los componentes se pueden utilizar en varios modelos de la familia Jetson y se pueden preproducir para ahorrar costes.<\/p>\n<p>La familia Jetson est\u00e1 formada por el gran <a href=\"https:\/\/xoros-home.de\/es\/producto\/meetingbox-jetson-l4-mute-2\/\">Palco de reuni\u00f3n de 4 plazas Jetson L4<\/a>el <a href=\"https:\/\/xoros-home.de\/es\/producto\/caja-de-reunion-de-2-plazas-jetson-l2-mute\/\">Palco de reuni\u00f3n de 2 plazas Jetson L2<\/a>el <a href=\"https:\/\/xoros-home.de\/es\/producto\/workbox-jetson-m1-mute\/\">Caja de trabajo M1<\/a> y el peque\u00f1o <a href=\"https:\/\/xoros-home.de\/es\/producto\/cabina-telefonica-jetson-s1-mute\/\">Cabina telef\u00f3nica Jetson S1<\/a>.<\/p>\n<p><img decoding=\"async\" class=\"alignnone wp-image-11202 size-thumbnail\" src=\"https:\/\/xoros-home.de\/wp-content\/uploads\/2023\/02\/logo-mute.svg\" alt=\"\" width=\"150\" height=\"30\" \/><\/p>","protected":false},"featured_media":14733,"template":"","meta":{"content-type":"","inline_featured_image":false},"product_brand":[],"product_cat":[207],"product_tag":[132,142],"class_list":{"0":"post-14732","1":"product","2":"type-product","3":"status-publish","4":"has-post-thumbnail","6":"product_cat-office-arbeitsbox","7":"product_tag-effizienter-schallschutz","8":"product_tag-hersteller-mute","10":"first","11":"instock","12":"taxable","13":"shipping-taxable","14":"purchasable","15":"product-type-simple"},"_links":{"self":[{"href":"https:\/\/xoros-home.de\/es\/wp-json\/wp\/v2\/product\/14732","targetHints":{"allow":["GET"]}}],"collection":[{"href":"https:\/\/xoros-home.de\/es\/wp-json\/wp\/v2\/product"}],"about":[{"href":"https:\/\/xoros-home.de\/es\/wp-json\/wp\/v2\/types\/product"}],"version-history":[{"count":1,"href":"https:\/\/xoros-home.de\/es\/wp-json\/wp\/v2\/product\/14732\/revisions"}],"predecessor-version":[{"id":14751,"href":"https:\/\/xoros-home.de\/es\/wp-json\/wp\/v2\/product\/14732\/revisions\/14751"}],"wp:featuredmedia":[{"embeddable":true,"href":"https:\/\/xoros-home.de\/es\/wp-json\/wp\/v2\/media\/14733"}],"wp:attachment":[{"href":"https:\/\/xoros-home.de\/es\/wp-json\/wp\/v2\/media?parent=14732"}],"wp:term":[{"taxonomy":"product_brand","embeddable":true,"href":"https:\/\/xoros-home.de\/es\/wp-json\/wp\/v2\/product_brand?post=14732"},{"taxonomy":"product_cat","embeddable":true,"href":"https:\/\/xoros-home.de\/es\/wp-json\/wp\/v2\/product_cat?post=14732"},{"taxonomy":"product_tag","embeddable":true,"href":"https:\/\/xoros-home.de\/es\/wp-json\/wp\/v2\/product_tag?post=14732"}],"curies":[{"name":"wp","href":"https:\/\/api.w.org\/{rel}","templated":true}]}}