{"id":14992,"date":"2024-10-22T17:19:37","date_gmt":"2024-10-22T15:19:37","guid":{"rendered":"https:\/\/xoros-home.de\/?post_type=product&#038;p=14992"},"modified":"2026-02-23T15:28:46","modified_gmt":"2026-02-23T14:28:46","slug":"cabina-telefonica-bosselino-uno-bosse","status":"publish","type":"product","link":"https:\/\/xoros-home.de\/es\/produkt\/telefonbox-bosselino-uno-bosse\/","title":{"rendered":"Cabina telef\u00f3nica Bosselino Uno (Bosse)"},"content":{"rendered":"<p><strong>Detalles del producto:<\/strong><\/p>\n<ul>\n<li>Instalaci\u00f3n el\u00e9ctrica mediante sistema Plug &amp; Play<\/li>\n<li>Ventilaci\u00f3n integrada e iluminaci\u00f3n LED<\/li>\n<li>1x USB-A +1x USB-C (65 W) para cargar port\u00e1tiles mediante USB-C<\/li>\n<li>Puerta de cristal de 8 mm ESG<\/li>\n<li>720 x 330 mesa grande a la altura de pie en melamina roble claro<\/li>\n<li>Estante para guardar el smartphone o la tableta en la pared lateral<\/li>\n<li>Robusta placa base con alfombra de fieltro ac\u00fasticamente eficaz<\/li>\n<li>Techo suspendido<\/li>\n<li>Nivelaci\u00f3n de altura para suelos irregulares de hasta 15 mm<\/li>\n<li>Combinaci\u00f3n de colores: paredes exteriores blancas, paredes interiores de fieltro PET \"caqui claro\", moqueta antracita<\/li>\n<\/ul>\n<p><strong>Especificaciones t\u00e9cnicas:<\/strong><\/p>\n<ul>\n<li class=\"ms-TooltipHost tooltipHost-606\" role=\"none\">Anchura exterior:<span class=\"secondary-text\"> 1002 mm<\/span><\/li>\n<li class=\"ms-TooltipHost tooltipHost-606\" role=\"none\">Profundo afuera:<span class=\"secondary-text\"> 994 mm<\/span><\/li>\n<li class=\"ms-TooltipHost tooltipHost-606\" role=\"none\">Altura, interior:<span class=\"secondary-text\"> 2018 mm<\/span><\/li>\n<li class=\"ms-TooltipHost tooltipHost-606\" role=\"none\">Altura, exterior:<span class=\"secondary-text\"> 2155 mm<\/span><\/li>\n<li class=\"ms-TooltipHost tooltipHost-606\" role=\"none\">m\u00edn. altura de la habitaci\u00f3n:<span class=\"secondary-text\"> 2320 mm<\/span><\/li>\n<li role=\"none\">Peso: 210 kg aprox.<\/li>\n<\/ul>\n<p>&nbsp;<\/p>\n<p><strong id=\"3D\">Modelo 3D:<\/strong><\/p>\n<p><iframe src=\"https:\/\/impress.pcon-solutions.com\/?l=de&amp;embed=https%3A%2F%2Fxoroshome-my.sharepoint.com%2F%3Au%3A%2Fg%2Fpersonal%2Ffrank_ehlers_xoros-home_de%2FEUCJcK7tn99Bt6bvoyd093UBiZjzHVsQvfIwrvdMb-Wg0g\" width=\"560\" height=\"655\" frameborder=\"0\" allowfullscreen=\"allowfullscreen\"><span data-mce-type=\"bookmark\" style=\"display: inline-block; width: 0px; overflow: hidden; line-height: 0;\" class=\"mce_SELRES_start\"><\/span><\/iframe><\/p>\n<p>&nbsp;<\/p>","protected":false},"excerpt":{"rendered":"<p><strong>Calidad que merece la pena<\/strong><\/p>\n<p>D\u00e9jese seducir por el \"Bosselino Uno\": \u00a1una joya de dise\u00f1o a un precio imbatible! Nuestro superventas se ha actualizado: La cabina telef\u00f3nica \"Bosselino Uno\" es la evoluci\u00f3n de nuestro cl\u00e1sico negro \"Bosselino\". Con su paleta de colores claros, irradia una elegancia atemporal, mientras que su caracter\u00edstico aspecto multiplex le confiere una identidad inconfundible. Esta nueva generaci\u00f3n combina una sutil sofisticaci\u00f3n con una pr\u00e1ctica funcionalidad.<\/p>\n<p>Gracias a numerosas mejoras y optimizaciones, podemos ofrecerle el \"Bosselino Uno\" a un precio que le entusiasmar\u00e1. Descubra la simbiosis perfecta entre dise\u00f1o y econom\u00eda: \u00a1el \"Bosselino Uno\" le espera para transformar su oficina!<\/p>\n<h3>desde 2.990,00<\/h3>\n<p>m\u00e1s gastos de env\u00edo, montaje e IVA.<\/p>\n<p><strong>Materiales duraderos y sostenibles | Made in Germany | multiplex de madera aut\u00e9ntica | incl. moqueta ac\u00fasticamente eficaz<\/strong><\/p>","protected":false},"featured_media":14995,"template":"","meta":{"content-type":"","inline_featured_image":false},"product_brand":[],"product_cat":[131],"product_tag":[132,135,108],"class_list":{"0":"post-14992","1":"product","2":"type-product","3":"status-publish","4":"has-post-thumbnail","6":"product_cat-telefonbox","7":"product_tag-effizienter-schallschutz","8":"product_tag-hersteller-bosse","9":"product_tag-made-in-germany","11":"first","12":"instock","13":"taxable","14":"shipping-taxable","15":"purchasable","16":"product-type-simple"},"_links":{"self":[{"href":"https:\/\/xoros-home.de\/es\/wp-json\/wp\/v2\/product\/14992","targetHints":{"allow":["GET"]}}],"collection":[{"href":"https:\/\/xoros-home.de\/es\/wp-json\/wp\/v2\/product"}],"about":[{"href":"https:\/\/xoros-home.de\/es\/wp-json\/wp\/v2\/types\/product"}],"version-history":[{"count":2,"href":"https:\/\/xoros-home.de\/es\/wp-json\/wp\/v2\/product\/14992\/revisions"}],"predecessor-version":[{"id":17176,"href":"https:\/\/xoros-home.de\/es\/wp-json\/wp\/v2\/product\/14992\/revisions\/17176"}],"wp:featuredmedia":[{"embeddable":true,"href":"https:\/\/xoros-home.de\/es\/wp-json\/wp\/v2\/media\/14995"}],"wp:attachment":[{"href":"https:\/\/xoros-home.de\/es\/wp-json\/wp\/v2\/media?parent=14992"}],"wp:term":[{"taxonomy":"product_brand","embeddable":true,"href":"https:\/\/xoros-home.de\/es\/wp-json\/wp\/v2\/product_brand?post=14992"},{"taxonomy":"product_cat","embeddable":true,"href":"https:\/\/xoros-home.de\/es\/wp-json\/wp\/v2\/product_cat?post=14992"},{"taxonomy":"product_tag","embeddable":true,"href":"https:\/\/xoros-home.de\/es\/wp-json\/wp\/v2\/product_tag?post=14992"}],"curies":[{"name":"wp","href":"https:\/\/api.w.org\/{rel}","templated":true}]}}