{"id":15456,"date":"2025-02-04T11:16:41","date_gmt":"2025-02-04T10:16:41","guid":{"rendered":"https:\/\/xoros-home.de\/?post_type=product&#038;p=15456"},"modified":"2025-02-06T15:02:11","modified_gmt":"2025-02-06T14:02:11","slug":"escritorio-electrico-regulable-en-altura-y-line-assmann-home","status":"publish","type":"product","link":"https:\/\/xoros-home.de\/es\/produkt\/elektrisch-hoehenverstellbarer-schreibtisch-y-line-assmann-home\/","title":{"rendered":"Escritorio de altura regulable el\u00e9ctricamente Y-Line (ASSMANN Home)"},"content":{"rendered":"<ul>\n<li><strong>Flexibilidad: <\/strong>Altura regulable el\u00e9ctricamente de 620 a 1270 mm para un trabajo ergon\u00f3mico<\/li>\n<li><strong>diferentes tama\u00f1os:<\/strong> diferentes opciones de tama\u00f1o disponibles: 120x70cm, 120x80cm, 140x70cm, 140x80cm, 160x70cm, 160x80cm o 180x80cm<\/li>\n<li><strong>Dise\u00f1o de libre elecci\u00f3n:<\/strong>\n<ul>\n<li>Tablero disponible en blanco se\u00f1al \/ roble natura \/ roble tabaco<\/li>\n<li>Marco de aluminio blanco se\u00f1al \/ negro \/ blanco<\/li>\n<\/ul>\n<\/li>\n<li><strong>Seguridad:<\/strong> Probado por T\u00dcV, sello GS y certificado para trabajo m\u00f3vil<\/li>\n<li><strong>Comodidad:<\/strong> Motorizaci\u00f3n silenciosa de 2 pliegues (&lt; 48 dB(A)), elemento de mando con pantalla LED y funci\u00f3n de memoria<\/li>\n<li><strong>Resiliencia:<\/strong> Capacidad de carga de hasta 80 kg<\/li>\n<li><strong>Funciones adicionales:<\/strong> Protecci\u00f3n anticolisi\u00f3n, funci\u00f3n de arranque y parada progresivos, bloqueo de seguridad para ni\u00f1os<\/li>\n<li><strong>Montaje:<\/strong> Si lo desea, podemos montarle las mesas in situ.<\/li>\n<li><strong>Accesorios:<\/strong> Pr\u00e1ctico pasacables bajo el tablero disponible opcionalmente<\/li>\n<\/ul>\n<p>&nbsp;<\/p>\n<div style=\"border: 1px solid #444444; border-radius: 10px; padding: 10px; max-width: 400px; margin: 20px auto; background-color: #eeeeee; font-size: 12px;\">\n<p><strong>Informaci\u00f3n del fabricante:<\/strong><\/p>\n<p>ASSMANN B\u00fcrom\u00f6bel GmbH &amp; Co. KG<\/p>\n<p>Heinrich Assmann-Stra\u00dfe 11<br \/>\n49324 Melle \/ Alemania<\/p>\n<p>Tel\u00e9fono: +49 (0) 5422 706-0<br \/>\nCorreo electr\u00f3nico: assmann@assmann.de<\/p>\n<\/div>\n<p>&nbsp;<\/p>","protected":false},"excerpt":{"rendered":"<p>El escritorio Y-Line de ASSMANN Home con regulaci\u00f3n el\u00e9ctrica de la altura es una soluci\u00f3n ideal para optimizar ergon\u00f3micamente su oficina o despacho en casa. El elegante elemento de control dispone de un indicador digital de altura y tres ranuras de memoria programables, mientras que los motores ocultos en las dos columnas elevadoras llevan el tablero del escritorio a la posici\u00f3n deseada de forma r\u00e1pida y silenciosa.<\/p>\n<p>Los escritorios Y-Line est\u00e1n siempre en stock y se le entregar\u00e1n en pocos d\u00edas. Combinan calidad, ergonom\u00eda y dise\u00f1o moderno para un entorno de trabajo c\u00f3modo.<\/p>","protected":false},"featured_media":15506,"template":"","meta":{"content-type":"","inline_featured_image":false},"product_brand":[],"product_cat":[189,190,40],"product_tag":[44,203,46,108,113],"class_list":{"0":"post-15456","1":"product","2":"type-product","3":"status-publish","4":"has-post-thumbnail","6":"product_cat-office-schreibtische","7":"product_cat-homeoffice-specials","8":"product_cat-schreibtische","9":"product_tag-ergonomisch","10":"product_tag-hersteller-assmann-home","11":"product_tag-hoehenverstellbar","12":"product_tag-made-in-germany","13":"product_tag-schnelle-lieferung","15":"first","16":"instock","17":"taxable","18":"shipping-taxable","19":"purchasable","20":"product-type-simple"},"_links":{"self":[{"href":"https:\/\/xoros-home.de\/es\/wp-json\/wp\/v2\/product\/15456","targetHints":{"allow":["GET"]}}],"collection":[{"href":"https:\/\/xoros-home.de\/es\/wp-json\/wp\/v2\/product"}],"about":[{"href":"https:\/\/xoros-home.de\/es\/wp-json\/wp\/v2\/types\/product"}],"version-history":[{"count":1,"href":"https:\/\/xoros-home.de\/es\/wp-json\/wp\/v2\/product\/15456\/revisions"}],"predecessor-version":[{"id":15460,"href":"https:\/\/xoros-home.de\/es\/wp-json\/wp\/v2\/product\/15456\/revisions\/15460"}],"wp:featuredmedia":[{"embeddable":true,"href":"https:\/\/xoros-home.de\/es\/wp-json\/wp\/v2\/media\/15506"}],"wp:attachment":[{"href":"https:\/\/xoros-home.de\/es\/wp-json\/wp\/v2\/media?parent=15456"}],"wp:term":[{"taxonomy":"product_brand","embeddable":true,"href":"https:\/\/xoros-home.de\/es\/wp-json\/wp\/v2\/product_brand?post=15456"},{"taxonomy":"product_cat","embeddable":true,"href":"https:\/\/xoros-home.de\/es\/wp-json\/wp\/v2\/product_cat?post=15456"},{"taxonomy":"product_tag","embeddable":true,"href":"https:\/\/xoros-home.de\/es\/wp-json\/wp\/v2\/product_tag?post=15456"}],"curies":[{"name":"wp","href":"https:\/\/api.w.org\/{rel}","templated":true}]}}