{"id":15517,"date":"2025-02-04T17:00:25","date_gmt":"2025-02-04T16:00:25","guid":{"rendered":"https:\/\/xoros-home.de\/?post_type=product&#038;p=15517"},"modified":"2025-02-06T15:03:17","modified_gmt":"2025-02-06T14:03:17","slug":"silla-giratoria-streamo-assmann-home","status":"publish","type":"product","link":"https:\/\/xoros-home.de\/es\/produkt\/drehstuhl-streamo-assmann-home\/","title":{"rendered":"Silla giratoria Streamo (ASSMANN Home)"},"content":{"rendered":"<ul>\n<li><strong>Dise\u00f1o de libre elecci\u00f3n:<\/strong>\n<ul>\n<li>con respaldo tapizado (negro o beige) o con respaldo de rejilla (negro)<\/li>\n<li>con o sin reposacabezas<\/li>\n<\/ul>\n<\/li>\n<li><strong>Seguridad:<\/strong> Probado por T\u00dcV, sello GS y ergonom\u00eda probada<\/li>\n<li><strong>Se adapta al usuario:\u00a0<\/strong>Gracias al mecanismo autolift, la silla se adapta al peso del usuario<\/li>\n<li><strong>Resiliencia:<\/strong> hasta 120 kg<\/li>\n<li><strong>Montaje:<\/strong> Las sillas se entregan ya montadas.<\/li>\n<li><strong>Accesorios:\u00a0<\/strong>Las ruedas montadas de serie son duras = aptas para suelos blandos. Pueden sustituirse f\u00e1cilmente por ruedas blandas (=aptas para suelos duros) utilizando los accesorios adecuados.<\/li>\n<\/ul>\n<p>&nbsp;<\/p>\n<div style=\"border: 1px solid #444444; border-radius: 10px; padding: 10px; max-width: 400px; margin: 20px auto; background-color: #eeeeee; font-size: 12px;\">\n<p><strong>Informaci\u00f3n del fabricante:<\/strong><\/p>\n<p>ASSMANN B\u00fcrom\u00f6bel GmbH &amp; Co. KG<\/p>\n<p>Heinrich Assmann-Stra\u00dfe 11<br \/>\n49324 Melle \/ Alemania<\/p>\n<p>Tel\u00e9fono: +49 (0) 5422 706-0<br \/>\nCorreo electr\u00f3nico: assmann@assmann.de<\/p>\n<\/div>\n<p>&nbsp;<\/p>","protected":false},"excerpt":{"rendered":"<p>La silla giratoria de oficina STREAMO de ASSMANN Home es un todoterreno para la oficina y el despacho en casa y cuenta con numerosas opciones de ajuste, incluidos reposabrazos regulables en cuatro dimensiones: altura, anchura, profundidad e inclinaci\u00f3n (giratorios). Un apoyo lumbar regulable en altura apoya la parte inferior de la espalda, y el asiento puede ajustarse no s\u00f3lo en altura sino tambi\u00e9n en profundidad para que tenga la distancia ideal al respaldo.<\/p>\n<p>Especialmente inteligente: el sill\u00f3n giratorio se adapta autom\u00e1ticamente a su peso (la llamada tecnolog\u00eda autolift).<\/p>\n<p>Las sillas giratorias Streamo est\u00e1n siempre en stock en varios dise\u00f1os y se le entregar\u00e1n en pocos d\u00edas. Combinan calidad, ergonom\u00eda y dise\u00f1o moderno para un entorno de trabajo c\u00f3modo.<\/p>","protected":false},"featured_media":15524,"template":"","meta":{"content-type":"","inline_featured_image":false},"product_brand":[],"product_cat":[192,190,41],"product_tag":[44,203,46,108,113],"class_list":{"0":"post-15517","1":"product","2":"type-product","3":"status-publish","4":"has-post-thumbnail","6":"product_cat-office-drehstuehle","7":"product_cat-homeoffice-specials","8":"product_cat-schreibtischstuehle","9":"product_tag-ergonomisch","10":"product_tag-hersteller-assmann-home","11":"product_tag-hoehenverstellbar","12":"product_tag-made-in-germany","13":"product_tag-schnelle-lieferung","15":"first","16":"instock","17":"taxable","18":"shipping-taxable","19":"purchasable","20":"product-type-simple"},"_links":{"self":[{"href":"https:\/\/xoros-home.de\/es\/wp-json\/wp\/v2\/product\/15517","targetHints":{"allow":["GET"]}}],"collection":[{"href":"https:\/\/xoros-home.de\/es\/wp-json\/wp\/v2\/product"}],"about":[{"href":"https:\/\/xoros-home.de\/es\/wp-json\/wp\/v2\/types\/product"}],"version-history":[{"count":0,"href":"https:\/\/xoros-home.de\/es\/wp-json\/wp\/v2\/product\/15517\/revisions"}],"wp:featuredmedia":[{"embeddable":true,"href":"https:\/\/xoros-home.de\/es\/wp-json\/wp\/v2\/media\/15524"}],"wp:attachment":[{"href":"https:\/\/xoros-home.de\/es\/wp-json\/wp\/v2\/media?parent=15517"}],"wp:term":[{"taxonomy":"product_brand","embeddable":true,"href":"https:\/\/xoros-home.de\/es\/wp-json\/wp\/v2\/product_brand?post=15517"},{"taxonomy":"product_cat","embeddable":true,"href":"https:\/\/xoros-home.de\/es\/wp-json\/wp\/v2\/product_cat?post=15517"},{"taxonomy":"product_tag","embeddable":true,"href":"https:\/\/xoros-home.de\/es\/wp-json\/wp\/v2\/product_tag?post=15517"}],"curies":[{"name":"wp","href":"https:\/\/api.w.org\/{rel}","templated":true}]}}