{"id":15545,"date":"2025-02-04T17:49:07","date_gmt":"2025-02-04T16:49:07","guid":{"rendered":"https:\/\/xoros-home.de\/?post_type=product&#038;p=15545"},"modified":"2025-02-06T15:03:11","modified_gmt":"2025-02-06T14:03:11","slug":"armario-con-puertas-correderas-allvia-assmann-home","status":"publish","type":"product","link":"https:\/\/xoros-home.de\/es\/produkt\/schiebetuerenschrank-allvia-assmann-home\/","title":{"rendered":"Armario de puertas correderas Allvia (ASSMANN Home)"},"content":{"rendered":"<p>El armario de puertas correderas \"Allvia\" es un cl\u00e1sico para guardar archivos y documentos, y resulta indispensable en cualquier oficina. El panel de la cubierta superior puede acabarse en una gran variedad de decoraciones, lo que hace posibles dise\u00f1os m\u00e1s hogare\u00f1os:<\/p>\n<ul>\n<li>Completamente en blanco (carcasa blanca, frontal blanco, placa de cubierta en blanco)<\/li>\n<li>en roble claro (carcasa blanca, frontal blanco, panel de cubierta en \"Roble Natura\")<\/li>\n<li>en roble oscuro (carcasa blanca, frente blanco, estante de cubierta en \"roble tabaco\")<\/li>\n<\/ul>\n<p>Los armarios de puertas correderas est\u00e1n siempre en stock y se le entregar\u00e1n en pocos d\u00edas. Combinan calidad, ergonom\u00eda y dise\u00f1o moderno para un entorno de trabajo c\u00f3modo.<\/p>\n<p>&nbsp;<\/p>\n<div style=\"border: 1px solid #444444; border-radius: 10px; padding: 10px; max-width: 400px; margin: 20px auto; background-color: #eeeeee; font-size: 12px;\">\n<p><strong>Informaci\u00f3n del fabricante:<\/strong><\/p>\n<p>ASSMANN B\u00fcrom\u00f6bel GmbH &amp; Co. KG<\/p>\n<p>Heinrich Assmann-Stra\u00dfe 11<br \/>\n49324 Melle \/ Alemania<\/p>\n<p>Tel\u00e9fono: +49 (0) 5422 706-0<br \/>\nCorreo electr\u00f3nico: assmann@assmann.de<\/p>\n<\/div>\n<p>&nbsp;<\/p>","protected":false},"excerpt":{"rendered":"<ul>\n<li><strong>Puertas correderas:<\/strong> Dos puertas correderas de deslizamiento suave facilitan el acceso a los documentos almacenados<\/li>\n<li><strong>Dos estantes:<\/strong> Cada uno de los dos compartimentos puede contener hasta 25 kg. La altura est\u00e1 dise\u00f1ada para archivadores de palanca cl\u00e1sicos.<\/li>\n<li><strong>Seguridad:<\/strong> Probado por T\u00dcV, sello GS y certificado para trabajo m\u00f3vil<\/li>\n<li><strong>Dimensiones<\/strong>100 cm de ancho, 72,5 cm de alto, 44 cm de fondo.<\/li>\n<\/ul>","protected":false},"featured_media":15555,"template":"","meta":{"content-type":"","inline_featured_image":false},"product_brand":[],"product_cat":[204,190,64],"product_tag":[203,108,113],"class_list":{"0":"post-15545","1":"product","2":"type-product","3":"status-publish","4":"has-post-thumbnail","6":"product_cat-office-aufbewahrung","7":"product_cat-homeoffice-specials","8":"product_cat-zubehoer","9":"product_tag-hersteller-assmann-home","10":"product_tag-made-in-germany","11":"product_tag-schnelle-lieferung","13":"first","14":"instock","15":"taxable","16":"shipping-taxable","17":"purchasable","18":"product-type-simple"},"_links":{"self":[{"href":"https:\/\/xoros-home.de\/es\/wp-json\/wp\/v2\/product\/15545","targetHints":{"allow":["GET"]}}],"collection":[{"href":"https:\/\/xoros-home.de\/es\/wp-json\/wp\/v2\/product"}],"about":[{"href":"https:\/\/xoros-home.de\/es\/wp-json\/wp\/v2\/types\/product"}],"version-history":[{"count":0,"href":"https:\/\/xoros-home.de\/es\/wp-json\/wp\/v2\/product\/15545\/revisions"}],"wp:featuredmedia":[{"embeddable":true,"href":"https:\/\/xoros-home.de\/es\/wp-json\/wp\/v2\/media\/15555"}],"wp:attachment":[{"href":"https:\/\/xoros-home.de\/es\/wp-json\/wp\/v2\/media?parent=15545"}],"wp:term":[{"taxonomy":"product_brand","embeddable":true,"href":"https:\/\/xoros-home.de\/es\/wp-json\/wp\/v2\/product_brand?post=15545"},{"taxonomy":"product_cat","embeddable":true,"href":"https:\/\/xoros-home.de\/es\/wp-json\/wp\/v2\/product_cat?post=15545"},{"taxonomy":"product_tag","embeddable":true,"href":"https:\/\/xoros-home.de\/es\/wp-json\/wp\/v2\/product_tag?post=15545"}],"curies":[{"name":"wp","href":"https:\/\/api.w.org\/{rel}","templated":true}]}}