{"id":15791,"date":"2025-02-20T12:07:05","date_gmt":"2025-02-20T11:07:05","guid":{"rendered":"https:\/\/xoros-home.de\/?post_type=product&#038;p=15791"},"modified":"2025-02-20T18:05:32","modified_gmt":"2025-02-20T17:05:32","slug":"silen-chatbox-solo-workbox-silen","status":"publish","type":"product","link":"https:\/\/xoros-home.de\/es\/produkt\/silen-chatbox-solo-arbeitsbox-silen\/","title":{"rendered":"Silen Chatbox Solo | Workbox (Silen)"},"content":{"rendered":"<p><strong>Dimensiones:<\/strong> 1,25 m x 0,98 m x 2,22 m (exterior)<\/p>\n<p><strong>Peso:<\/strong> 380 kg<\/p>\n<p><strong>Volumen de suministro est\u00e1ndar:<\/strong><\/p>\n<ul>\n<li>Paneles laterales negros o blancos (f\u00e1ciles de sustituir porque son magn\u00e9ticos)<\/li>\n<li>Luz LED con detector de presencia (temperatura de color 4.000K)<\/li>\n<li>Sistema de ventilaci\u00f3n de aire integrado<\/li>\n<li>Puerta que puede instalarse tanto a la izquierda como a la derecha.<\/li>\n<li>Interior de fieltro gris oscuro<\/li>\n<li>Toma de 230 V en el interior, incl. conexi\u00f3n USB A\/C<\/li>\n<\/ul>\n<p><strong>Disponible opcionalmente:<\/strong><\/p>\n<ul>\n<li>Varios colores para las paredes exteriores o laterales con aspecto de listones de madera<\/li>\n<li>Mesa de altura fija (montada a 0,74 m de altura) o mesa de altura regulable el\u00e9ctricamente (70-115 cm de altura)<\/li>\n<li>Sof\u00e1 en tres colores diferentes<\/li>\n<li>Conexi\u00f3n LAN<\/li>\n<li>Elemento de control de la iluminaci\u00f3n (brillo y temperatura de la luz) y la intensidad de la ventilaci\u00f3n<\/li>\n<\/ul>\n<p><strong>Modelo 3D:<\/strong><\/p>\n<p><iframe src=\"https:\/\/impress.pcon-solutions.com\/?l=de&amp;embed=https%3A%2F%2Fxoroshome-my.sharepoint.com%2F%3Au%3A%2Fg%2Fpersonal%2Ffrank_ehlers_xoros-home_de%2FEcT74rrve9ZLj355oDlk8PMBqyshD81xaBo9XEfJGJ6mng\" width=\"450\" height=\"450\" frameborder=\"1\" allowfullscreen=\"allowfullscreen\"><span data-mce-type=\"bookmark\" style=\"display: inline-block; width: 0px; overflow: hidden; line-height: 0;\" class=\"mce_SELRES_start\"><\/span><span data-mce-type=\"bookmark\" style=\"display: inline-block; width: 0px; overflow: hidden; line-height: 0;\" class=\"mce_SELRES_start\"><\/span><\/iframe><\/p>","protected":false},"excerpt":{"rendered":"<p>La Silen Chatbox Solo es una caja de trabajo compacta de alta calidad con muy buenos valores t\u00e9cnicos de aislamiento ac\u00fastico y ventilaci\u00f3n. Tambi\u00e9n cuenta con las ventajas t\u00edpicas de la serie de productos Chatbox: excelente relaci\u00f3n calidad-precio, modularidad y opciones de equipamiento bien pensadas:<\/p>\n<ul>\n<li>con sof\u00e1 y mesa a la altura del asiento<\/li>\n<li>con mesa de altura regulable el\u00e9ctricamente<\/li>\n<li>Paneles laterales con aspecto de listones de madera<\/li>\n<\/ul>\n<p>&nbsp;<\/p>","protected":false},"featured_media":15798,"template":"","meta":{"content-type":"","inline_featured_image":false},"product_brand":[],"product_cat":[207],"product_tag":[132,202],"class_list":{"0":"post-15791","1":"product","2":"type-product","3":"status-publish","4":"has-post-thumbnail","6":"product_cat-office-arbeitsbox","7":"product_tag-effizienter-schallschutz","8":"product_tag-hersteller-silen","10":"first","11":"instock","12":"taxable","13":"shipping-taxable","14":"purchasable","15":"product-type-simple"},"_links":{"self":[{"href":"https:\/\/xoros-home.de\/es\/wp-json\/wp\/v2\/product\/15791","targetHints":{"allow":["GET"]}}],"collection":[{"href":"https:\/\/xoros-home.de\/es\/wp-json\/wp\/v2\/product"}],"about":[{"href":"https:\/\/xoros-home.de\/es\/wp-json\/wp\/v2\/types\/product"}],"version-history":[{"count":1,"href":"https:\/\/xoros-home.de\/es\/wp-json\/wp\/v2\/product\/15791\/revisions"}],"predecessor-version":[{"id":15813,"href":"https:\/\/xoros-home.de\/es\/wp-json\/wp\/v2\/product\/15791\/revisions\/15813"}],"wp:featuredmedia":[{"embeddable":true,"href":"https:\/\/xoros-home.de\/es\/wp-json\/wp\/v2\/media\/15798"}],"wp:attachment":[{"href":"https:\/\/xoros-home.de\/es\/wp-json\/wp\/v2\/media?parent=15791"}],"wp:term":[{"taxonomy":"product_brand","embeddable":true,"href":"https:\/\/xoros-home.de\/es\/wp-json\/wp\/v2\/product_brand?post=15791"},{"taxonomy":"product_cat","embeddable":true,"href":"https:\/\/xoros-home.de\/es\/wp-json\/wp\/v2\/product_cat?post=15791"},{"taxonomy":"product_tag","embeddable":true,"href":"https:\/\/xoros-home.de\/es\/wp-json\/wp\/v2\/product_tag?post=15791"}],"curies":[{"name":"wp","href":"https:\/\/api.w.org\/{rel}","templated":true}]}}