{"id":15961,"date":"2025-03-10T13:12:48","date_gmt":"2025-03-10T12:12:48","guid":{"rendered":"https:\/\/xoros-home.de\/?post_type=product&#038;p=15961"},"modified":"2025-03-10T13:15:17","modified_gmt":"2025-03-10T12:15:17","slug":"workbox-space-m-mute","status":"publish","type":"product","link":"https:\/\/xoros-home.de\/es\/produkt\/arbeitsbox-space-m-mute\/","title":{"rendered":"Cabina de trabajo Space M (MUTE)"},"content":{"rendered":"<p>Ficha t\u00e9cnica: <a href=\"https:\/\/xoros-home.de\/wp-content\/uploads\/2025\/03\/Mute_Space_M_Daten.pdf\">Descargar la ficha t\u00e9cnica de Space M<\/a>.<\/p>\n<p>La caja de trabajo Space M de MUTE est\u00e1 disponible en dos versiones diferentes:<\/p>\n<table>\n<tbody>\n<tr>\n<th>Equipamiento<\/th>\n<th>Espacio M Individual<\/p>\n<p>(caja de trabajo para 1 persona)<\/th>\n<th>Espacio M Doble<\/p>\n<p>(caja de trabajo para 2 personas)<\/th>\n<\/tr>\n<tr>\n<td>Sistema de ventilaci\u00f3n<\/td>\n<td>contienen<\/td>\n<td>\u00a0contienen<\/td>\n<\/tr>\n<tr>\n<td>Luz LED<\/td>\n<td>contienen<\/td>\n<td>\u00a0contienen<\/td>\n<\/tr>\n<tr>\n<td>Detector de movimiento<\/td>\n<td>contienen<\/td>\n<td>\u00a0contienen<\/td>\n<\/tr>\n<tr>\n<td>1x toma de corriente<\/td>\n<td>contienen<\/td>\n<td>\u00a0contienen<\/td>\n<\/tr>\n<tr>\n<td>Cuadro<\/td>\n<td>Altura opcional de 76 cm (fija) o regulable el\u00e9ctricamente (63 cm - 125 cm) por un suplemento.<\/td>\n<td>Altura 110 cm, montaje fijo<\/td>\n<\/tr>\n<tr>\n<td>Gancho de pared (carga hasta 5 kg)<\/td>\n<td>2x incluido<\/td>\n<td>\u00a04x incluido<\/td>\n<\/tr>\n<tr>\n<td>Alfombra de grafito<\/td>\n<td>contienen<\/td>\n<td>\u00a0contienen<\/td>\n<\/tr>\n<tr>\n<td>Bisagra de puerta<\/td>\n<td>izquierda<\/td>\n<td>izquierda<\/td>\n<\/tr>\n<tr>\n<td>1 o 2 taburetes regulables en altura, tela \"Remix3\"<\/td>\n<td>\u2013<\/td>\n<td>contra recargo<\/td>\n<\/tr>\n<tr>\n<td>Luz flexible con conexi\u00f3n USB-A<\/td>\n<td>contra recargo<\/td>\n<td>\u2013<\/td>\n<\/tr>\n<tr>\n<td>Conexi\u00f3n LAN<\/td>\n<td>contra recargo<\/td>\n<td>contra recargo<\/td>\n<\/tr>\n<tr>\n<td>Brazo del monitor<\/td>\n<td>contra recargo<\/td>\n<td>\u2013<\/td>\n<\/tr>\n<tr>\n<td>2 puertos de carga USB en el tablero<\/td>\n<td>contra recargo<\/td>\n<td>contra recargo<\/td>\n<\/tr>\n<tr>\n<td>Cargador de inducci\u00f3n en el tablero<\/td>\n<td>contra recargo<\/td>\n<td>contra recargo<\/td>\n<\/tr>\n<tr>\n<td>Ruedas integradas para facilitar su traslado<\/td>\n<td>contra recargo<\/td>\n<td>contra recargo<\/td>\n<\/tr>\n<tr>\n<td>Panel de interruptores para luz e iluminaci\u00f3n<\/td>\n<td>contra recargo<\/td>\n<td>contra recargo<\/td>\n<\/tr>\n<\/tbody>\n<\/table>\n<p><strong>Dimensiones y peso:<\/strong><\/p>\n<ul>\n<li>Anchura (exterior \/ interior): 1600 mm \/ 1360 mm<\/li>\n<li>Profundidad (exterior \/ interior): 1200 mm (+ 900 mm con la puerta abierta) \/ 1080 mm<\/li>\n<li>Altura (exterior \/ interior): 2247 mm \/ 2080 mm (distancia al techo: 2000 mm para ventilaci\u00f3n)<\/li>\n<li class=\"tech-specs__field\">Peso: 540 kg<\/li>\n<\/ul>\n<p><strong>Datos ac\u00fasticos y ventilaci\u00f3n:<\/strong><\/p>\n<ul>\n<li>Atenuaci\u00f3n ac\u00fastica: entre 28 dB (tonos graves) y 45 dB (agudos) en funci\u00f3n de la frecuencia<\/li>\n<li>RT20 Potencia interna: entre 0,1s y 0,3s (dependiendo de la frecuencia) de acuerdo con PN-EN ISO 354:2005<\/li>\n<li>Caudal de aire del sistema: 108 m3\/h<\/li>\n<\/ul>\n<p><iframe src=\"https:\/\/impress.pcon-solutions.com\/?l=de&amp;embed=https%3A%2F%2Fxoroshome-my.sharepoint.com%2F%3Au%3A%2Fg%2Fpersonal%2Ffrank_ehlers_xoros-home_de%2FEYmJjPR-tyRNgS-Jawk-S_QBXE_KGPxfi-ru770sKDPqNw\" width=\"450\" height=\"450\" frameborder=\"1\" allowfullscreen=\"allowfullscreen\"><span data-mce-type=\"bookmark\" style=\"display: inline-block; width: 0px; overflow: hidden; line-height: 0;\" class=\"mce_SELRES_start\"><\/span><span data-mce-type=\"bookmark\" style=\"display: inline-block; width: 0px; overflow: hidden; line-height: 0;\" class=\"mce_SELRES_start\"><\/span><\/iframe><\/p>","protected":false},"excerpt":{"rendered":"<p>La caja de trabajo Space M de Mute tiene un aislamiento ac\u00fastico extremadamente alto, por lo que puede utilizarse incluso en estaciones de tren o aeropuertos. As\u00ed que puede estar tranquilo: aunque sus compa\u00f1eros de la oficina abierta hagan mucho ruido, el Space M es un lugar para concentrarse en el trabajo o para importantes conferencias telef\u00f3nicas o videoconferencias.<\/p>\n<p>Space M est\u00e1 disponible en diferentes versiones: para una persona o para dos personas sentadas una al lado de la otra en el mostrador alto. Como alternativa, Space M tambi\u00e9n puede pedirse sin amueblar.<\/p>","protected":false},"featured_media":15967,"template":"","meta":{"content-type":"","inline_featured_image":false},"product_brand":[],"product_cat":[207],"product_tag":[132,142],"class_list":{"0":"post-15961","1":"product","2":"type-product","3":"status-publish","4":"has-post-thumbnail","6":"product_cat-office-arbeitsbox","7":"product_tag-effizienter-schallschutz","8":"product_tag-hersteller-mute","10":"first","11":"instock","12":"taxable","13":"shipping-taxable","14":"purchasable","15":"product-type-simple"},"_links":{"self":[{"href":"https:\/\/xoros-home.de\/es\/wp-json\/wp\/v2\/product\/15961","targetHints":{"allow":["GET"]}}],"collection":[{"href":"https:\/\/xoros-home.de\/es\/wp-json\/wp\/v2\/product"}],"about":[{"href":"https:\/\/xoros-home.de\/es\/wp-json\/wp\/v2\/types\/product"}],"version-history":[{"count":0,"href":"https:\/\/xoros-home.de\/es\/wp-json\/wp\/v2\/product\/15961\/revisions"}],"wp:featuredmedia":[{"embeddable":true,"href":"https:\/\/xoros-home.de\/es\/wp-json\/wp\/v2\/media\/15967"}],"wp:attachment":[{"href":"https:\/\/xoros-home.de\/es\/wp-json\/wp\/v2\/media?parent=15961"}],"wp:term":[{"taxonomy":"product_brand","embeddable":true,"href":"https:\/\/xoros-home.de\/es\/wp-json\/wp\/v2\/product_brand?post=15961"},{"taxonomy":"product_cat","embeddable":true,"href":"https:\/\/xoros-home.de\/es\/wp-json\/wp\/v2\/product_cat?post=15961"},{"taxonomy":"product_tag","embeddable":true,"href":"https:\/\/xoros-home.de\/es\/wp-json\/wp\/v2\/product_tag?post=15961"}],"curies":[{"name":"wp","href":"https:\/\/api.w.org\/{rel}","templated":true}]}}