{"id":15972,"date":"2025-03-10T14:51:30","date_gmt":"2025-03-10T13:51:30","guid":{"rendered":"https:\/\/xoros-home.de\/?post_type=product&#038;p=15972"},"modified":"2025-03-10T14:51:30","modified_gmt":"2025-03-10T13:51:30","slug":"cabina-telefonica-silen-espacio-1-silen","status":"publish","type":"product","link":"https:\/\/xoros-home.de\/es\/produkt\/telefonbox-silen-space-1-silen\/","title":{"rendered":"Cabina telef\u00f3nica Silen Space 1 (Silen)"},"content":{"rendered":"<p><strong>Dimensiones:<\/strong> 1,10m x 1,10m x 2,29m (exterior)<\/p>\n<p><strong>Peso:<\/strong> 370 kg<\/p>\n<p><strong>Volumen de suministro est\u00e1ndar:<\/strong><\/p>\n<ul>\n<li>Paneles laterales en blanco, negro o gris plata<\/li>\n<li>Luz LED con detector de presencia<\/li>\n<li>Sistema de ventilaci\u00f3n de aire integrado<\/li>\n<li>Puerta con apertura a la derecha o a la izquierda opcional<\/li>\n<li>Paredes laterales interiores con fieltro ac\u00fastico en cuatro colores (gris claro, gris oscuro, negro o arena)<\/li>\n<li>Moqueta en tres colores (gris claro, gris oscuro o negro)<\/li>\n<li>Toma de 230 V en el interior, incl. conexi\u00f3n USB A\/C<\/li>\n<li>Rodillos integrados en el suelo para facilitar el desplazamiento durante el montaje o cuando sea necesario<\/li>\n<\/ul>\n<p><strong>Disponible opcionalmente:<\/strong><\/p>\n<ul>\n<li>Varios colores y materiales para las paredes exteriores (metal, tela, chapa de madera aut\u00e9ntica)<\/li>\n<li>Equipamiento interior:\n<ul>\n<li>Mesa de altura fija (montada a una altura de 1,05 m) - con funci\u00f3n de pizarra blanca<\/li>\n<li>Mesa de altura fija (montada a una altura de 1,05 m) - sin funci\u00f3n de pizarra blanca, pero con soporte para monitor<\/li>\n<li>Mesa de altura regulable el\u00e9ctricamente (70-115 cm de altura)<\/li>\n<li>Taburete o taburete de bar permanentemente integrado<\/li>\n<\/ul>\n<\/li>\n<li>Conexi\u00f3n LAN<\/li>\n<li>Elemento de control de la iluminaci\u00f3n (brillo y temperatura de la luz) y la intensidad de la ventilaci\u00f3n<\/li>\n<li>Muchas otras opciones y posibilidades de dise\u00f1o<\/li>\n<\/ul>\n<p><strong>Modelo 3D:<\/strong><\/p>\n<p><iframe src=\"https:\/\/impress.pcon-solutions.com\/?l=de&amp;embed=https%3A%2F%2Fxoroshome-my.sharepoint.com%2F%3Au%3A%2Fg%2Fpersonal%2Ffrank_ehlers_xoros-home_de%2FEb-DZuYWz7JOrDEvl_Zh16EBoDRf0UDVmr6y27am6-ZGYw\" width=\"450\" height=\"450\" frameborder=\"1\" allowfullscreen=\"allowfullscreen\"><span data-mce-type=\"bookmark\" style=\"display: inline-block; width: 0px; overflow: hidden; line-height: 0;\" class=\"mce_SELRES_start\"><\/span><span data-mce-type=\"bookmark\" style=\"display: inline-block; width: 0px; overflow: hidden; line-height: 0;\" class=\"mce_SELRES_start\"><\/span><span data-mce-type=\"bookmark\" style=\"display: inline-block; width: 0px; overflow: hidden; line-height: 0;\" class=\"mce_SELRES_start\"><\/span><span data-mce-type=\"bookmark\" style=\"display: inline-block; width: 0px; overflow: hidden; line-height: 0;\" class=\"mce_SELRES_start\"><\/span><\/iframe><\/p>","protected":false},"excerpt":{"rendered":"<p>El Silen Space 1 es un telebox de alta calidad con un excelente aislamiento ac\u00fastico (aislamiento ac\u00fastico de clase A). Esto se refleja en las paredes extra gruesas, que tienen un peso comparativamente alto de m\u00e1s de 370 kg debido a la cantidad de material utilizado.  Sin embargo, el Silen Space 1 puede desplazarse horizontalmente con facilidad gracias a sus ruedas integradas. Otros aspectos destacados son la calidad del aire certificada en el interior y las numerosas opciones de equipamiento:<\/p>\n<ul>\n<li>con mesa a altura fija (de pie) o con mesa regulable el\u00e9ctricamente en altura<\/li>\n<li>Dos versiones diferentes para taburetes (integrado y regulable en altura o taburete de bar de altura fija)<\/li>\n<li>Opcional con soporte para monitor<\/li>\n<li>Paneles laterales intercambiables de metal \/ tela \/ chapa de madera aut\u00e9ntica<\/li>\n<li>Varios tejidos y colores para interiores, exteriores, muebles y alfombras<\/li>\n<\/ul>\n<p>&nbsp;<\/p>","protected":false},"featured_media":15973,"template":"","meta":{"content-type":"","inline_featured_image":false},"product_brand":[],"product_cat":[131],"product_tag":[132,202],"class_list":{"0":"post-15972","1":"product","2":"type-product","3":"status-publish","4":"has-post-thumbnail","6":"product_cat-telefonbox","7":"product_tag-effizienter-schallschutz","8":"product_tag-hersteller-silen","10":"first","11":"instock","12":"taxable","13":"shipping-taxable","14":"purchasable","15":"product-type-simple"},"_links":{"self":[{"href":"https:\/\/xoros-home.de\/es\/wp-json\/wp\/v2\/product\/15972","targetHints":{"allow":["GET"]}}],"collection":[{"href":"https:\/\/xoros-home.de\/es\/wp-json\/wp\/v2\/product"}],"about":[{"href":"https:\/\/xoros-home.de\/es\/wp-json\/wp\/v2\/types\/product"}],"version-history":[{"count":0,"href":"https:\/\/xoros-home.de\/es\/wp-json\/wp\/v2\/product\/15972\/revisions"}],"wp:featuredmedia":[{"embeddable":true,"href":"https:\/\/xoros-home.de\/es\/wp-json\/wp\/v2\/media\/15973"}],"wp:attachment":[{"href":"https:\/\/xoros-home.de\/es\/wp-json\/wp\/v2\/media?parent=15972"}],"wp:term":[{"taxonomy":"product_brand","embeddable":true,"href":"https:\/\/xoros-home.de\/es\/wp-json\/wp\/v2\/product_brand?post=15972"},{"taxonomy":"product_cat","embeddable":true,"href":"https:\/\/xoros-home.de\/es\/wp-json\/wp\/v2\/product_cat?post=15972"},{"taxonomy":"product_tag","embeddable":true,"href":"https:\/\/xoros-home.de\/es\/wp-json\/wp\/v2\/product_tag?post=15972"}],"curies":[{"name":"wp","href":"https:\/\/api.w.org\/{rel}","templated":true}]}}