{"id":16034,"date":"2025-03-14T11:59:13","date_gmt":"2025-03-14T10:59:13","guid":{"rendered":"https:\/\/xoros-home.de\/?post_type=product&#038;p=16034"},"modified":"2025-05-28T17:49:20","modified_gmt":"2025-05-28T15:49:20","slug":"palco-de-reunion-de-2-plazas-bosselino-duo-bosse","status":"publish","type":"product","link":"https:\/\/xoros-home.de\/es\/produkt\/2er-meetingbox-bosselino-duo-bosse\/","title":{"rendered":"Caja de reuni\u00f3n Bosselino Duo de 2 piezas (Bosse)"},"content":{"rendered":"<p><strong>Detalles del producto:<\/strong><\/p>\n<ul>\n<li>Instalaci\u00f3n el\u00e9ctrica mediante sistema Plug &amp; Play<\/li>\n<li>Ventilaci\u00f3n integrada e iluminaci\u00f3n LED<\/li>\n<li>2x USB de carga A+C con 65 W de potencia<\/li>\n<li>Puertas de cristal de 8 mm ESG<\/li>\n<li>Mesa a la altura del asiento (decoraci\u00f3n de madera melaminada \"roble Lindberg\")<\/li>\n<li>Robusta placa base con alfombra de fieltro ac\u00fasticamente eficaz<\/li>\n<li>Nivelaci\u00f3n de altura para suelos irregulares de hasta 15 mm<\/li>\n<li>Combinaci\u00f3n de colores: paredes exteriores blancas, paredes interiores de fieltro PET \"caqui claro\", moqueta antracita<\/li>\n<\/ul>\n<p><strong>Especificaciones t\u00e9cnicas:<\/strong><\/p>\n<ul>\n<li>Anchura exterior:<span class=\"secondary-text\"> 1909 mm<\/span><\/li>\n<li>Profundo afuera:<span class=\"secondary-text\"> 994 mm<\/span><\/li>\n<li>Altura, interior:<span class=\"secondary-text\"> 2018 mm<\/span><\/li>\n<li>Altura, exterior:<span class=\"secondary-text\"> 2155 mm<\/span><\/li>\n<li>m\u00edn. altura de la habitaci\u00f3n:<span class=\"secondary-text\"> 2320 mm<\/span><\/li>\n<\/ul>\n<p><strong>Sostenibilidad:<\/strong><\/p>\n<ul>\n<li>Estructura de aluminio bajo en carbono: 66 % menos de emisiones de CO2<\/li>\n<li>Carcasa exterior de material reciclado, para una conservaci\u00f3n sostenible de los recursos.<\/li>\n<li>Paredes interiores fonoabsorbentes de PET reciclado 100 %: para una ac\u00fastica agradable de la sala<\/li>\n<li>Producci\u00f3n neutra para el clima - CO<sub>2<\/sub>-las emisiones se compensan totalmente<\/li>\n<\/ul>\n<p><strong id=\"3D\">Modelo 3D:<\/strong><\/p>\n<p><iframe src=\"https:\/\/impress.pcon-solutions.com\/?l=de&amp;embed=https%3A%2F%2Fxoroshome-my.sharepoint.com%2F%3Au%3A%2Fg%2Fpersonal%2Ffrank_ehlers_xoros-home_de%2FERt9cmfYHv9LkTfm-b1HRNgBYLHvOxmtTztquV1tuw1EmA\" width=\"560\" height=\"655\" frameborder=\"0\" allowfullscreen=\"allowfullscreen\"><span data-mce-type=\"bookmark\" style=\"display: inline-block; width: 0px; overflow: hidden; line-height: 0;\" class=\"mce_SELRES_start\"><\/span><span data-mce-type=\"bookmark\" style=\"display: inline-block; width: 0px; overflow: hidden; line-height: 0;\" class=\"mce_SELRES_start\"><\/span><span data-mce-type=\"bookmark\" style=\"display: inline-block; width: 0px; overflow: hidden; line-height: 0;\" class=\"mce_SELRES_start\"><\/span><\/iframe><\/p>\n<p>&nbsp;<\/p>\n<p>&nbsp;<\/p>\n<div style=\"border: 1px solid #444444; border-radius: 10px; padding: 10px; max-width: 400px; margin: 20px auto; background-color: #eeeeee; font-size: 12px;\">\n<p><strong>Informaci\u00f3n del fabricante:<\/strong><\/p>\n<p>BOSSE Design Gesellschaft f\u00fcr innovative Office interiors mbH &amp; Co. KG<br \/>\nStahler Ufer 7<br \/>\n37671 H\u00f6xter\/Stahle<\/p>\n<p>+49 5531 1297-0<br \/>\ninfo@bosse.de<\/p>\n<\/div>\n<p>&nbsp;<\/p>","protected":false},"excerpt":{"rendered":"<p><strong>La caja de reuniones compacta para dos - producci\u00f3n neutra para el clima<\/strong><\/p>\n<p>Bosselino Duo es la versi\u00f3n ampliada de la exitosa cabina telef\u00f3nica Bosselino Uno y ofrece una soluci\u00f3n inteligente, de alta calidad y asequible para reuniones confidenciales para dos personas.<\/p>\n<p><strong>Caracter\u00edsticas principales:<\/strong><\/p>\n<ul>\n<li>Dise\u00f1o luminoso y acogedor con llamativos paneles multiplex de madera aut\u00e9ntica para el suelo y el techo.<\/li>\n<li>Aproximadamente el doble de ancho que el Bosselino Uno y, por tanto, ideal para dos personas.<\/li>\n<li>Dos puertas de cristal que se abren hacia el centro, con cierres magn\u00e9ticos pr\u00e1cticamente invisibles en el cristal de seguridad sin marco.<\/li>\n<li>Gran mesa en el centro, ideal para port\u00e1tiles y apuntes.<\/li>\n<li>Con detector de movimiento, ventilaci\u00f3n autom\u00e1tica, downlights LED<\/li>\n<li>Electrificaci\u00f3n interior contempor\u00e1nea con 2x carga USB tipo A+C, que permite prescindir f\u00e1cilmente de la cl\u00e1sica toma Schuko.<\/li>\n<li>Equipamiento opcional:\n<ul>\n<li>Bancos de madera melaminada \"roble Lindberg\" con o sin tapicer\u00eda<\/li>\n<li>Confortables pufs (modelo \"Allora Pouf\" \/ fabricante Dauphin).<\/li>\n<\/ul>\n<\/li>\n<\/ul>\n<h3><\/h3>\n<h3>desde 5.899,00<\/h3>\n<p>m\u00e1s gastos de env\u00edo, montaje e IVA.<\/p>\n<p><strong>Materiales duraderos y sostenibles | Made in Germany | multiplex de madera aut\u00e9ntica | incl. moqueta ac\u00fasticamente eficaz<\/strong><\/p>","protected":false},"featured_media":16613,"template":"","meta":{"content-type":"","inline_featured_image":false},"product_brand":[],"product_cat":[159],"product_tag":[132,135,209,108],"class_list":{"0":"post-16034","1":"product","2":"type-product","3":"status-publish","4":"has-post-thumbnail","6":"product_cat-meetingbox","7":"product_tag-effizienter-schallschutz","8":"product_tag-hersteller-bosse","9":"product_tag-klimaneutral-produziert","10":"product_tag-made-in-germany","12":"first","13":"instock","14":"taxable","15":"shipping-taxable","16":"purchasable","17":"product-type-simple"},"_links":{"self":[{"href":"https:\/\/xoros-home.de\/es\/wp-json\/wp\/v2\/product\/16034","targetHints":{"allow":["GET"]}}],"collection":[{"href":"https:\/\/xoros-home.de\/es\/wp-json\/wp\/v2\/product"}],"about":[{"href":"https:\/\/xoros-home.de\/es\/wp-json\/wp\/v2\/types\/product"}],"version-history":[{"count":1,"href":"https:\/\/xoros-home.de\/es\/wp-json\/wp\/v2\/product\/16034\/revisions"}],"predecessor-version":[{"id":16037,"href":"https:\/\/xoros-home.de\/es\/wp-json\/wp\/v2\/product\/16034\/revisions\/16037"}],"wp:featuredmedia":[{"embeddable":true,"href":"https:\/\/xoros-home.de\/es\/wp-json\/wp\/v2\/media\/16613"}],"wp:attachment":[{"href":"https:\/\/xoros-home.de\/es\/wp-json\/wp\/v2\/media?parent=16034"}],"wp:term":[{"taxonomy":"product_brand","embeddable":true,"href":"https:\/\/xoros-home.de\/es\/wp-json\/wp\/v2\/product_brand?post=16034"},{"taxonomy":"product_cat","embeddable":true,"href":"https:\/\/xoros-home.de\/es\/wp-json\/wp\/v2\/product_cat?post=16034"},{"taxonomy":"product_tag","embeddable":true,"href":"https:\/\/xoros-home.de\/es\/wp-json\/wp\/v2\/product_tag?post=16034"}],"curies":[{"name":"wp","href":"https:\/\/api.w.org\/{rel}","templated":true}]}}