{"id":16323,"date":"2025-03-17T16:06:10","date_gmt":"2025-03-17T15:06:10","guid":{"rendered":"https:\/\/xoros-home.de\/?post_type=product&#038;p=16323"},"modified":"2025-03-17T16:06:11","modified_gmt":"2025-03-17T15:06:11","slug":"meetingbox-silen-space-2-silen","status":"publish","type":"product","link":"https:\/\/xoros-home.de\/es\/produkt\/meetingbox-silen-space-2-silen\/","title":{"rendered":"Meetingbox Silen Space 2 (Silen)"},"content":{"rendered":"<p><strong>Dimensiones:<\/strong> 2,40 m x 1,22 m x 2,29 m (exterior)<\/p>\n<p><strong>Peso:<\/strong> 670 kg<\/p>\n<p><strong>Volumen de suministro est\u00e1ndar:<\/strong><\/p>\n<ul>\n<li>Paneles laterales en blanco, negro o gris plata<\/li>\n<li>Luz LED con detector de presencia<\/li>\n<li>Sistema de ventilaci\u00f3n de aire integrado<\/li>\n<li>Puerta de apertura izquierda o derecha opcional<\/li>\n<li>Paredes laterales interiores con fieltro ac\u00fastico en cuatro colores (gris claro, gris oscuro, negro o arena)<\/li>\n<li>Moqueta en tres colores (gris claro, gris oscuro o negro)<\/li>\n<li>2 tomas de 230 V en el suelo<\/li>\n<li>Rodillos integrados en el suelo para facilitar el desplazamiento durante el montaje o cuando sea necesario<\/li>\n<\/ul>\n<p><strong>Disponible opcionalmente:<\/strong><\/p>\n<ul>\n<li>Varios colores y materiales para las paredes exteriores (metal, tela, chapa de madera aut\u00e9ntica)<\/li>\n<li>Equipamiento interior:\n<ul>\n<li>1x mesa de altura fija (montada a una altura de 0,73 m) con c\u00f3modo sof\u00e1 con respaldo bajo en varias telas\/colores<\/li>\n<li>2 mesas m\u00f3viles para ordenador port\u00e1til (altura 70 cm) con c\u00f3modo sof\u00e1 con respaldo alto en varias telas\/colores<\/li>\n<\/ul>\n<\/li>\n<li>Conexi\u00f3n LAN<\/li>\n<li>Elemento de control de la iluminaci\u00f3n (brillo y temperatura de la luz) y la intensidad de la ventilaci\u00f3n<\/li>\n<li>Soporte para monitor en la pared de cristal trasera<\/li>\n<li>Muchas otras opciones y posibilidades de dise\u00f1o<\/li>\n<\/ul>\n<p><strong>Modelo 3D:<\/strong><\/p>\n<p><iframe src=\"https:\/\/impress.pcon-solutions.com\/?l=de&amp;embed=https%3A%2F%2Fxoroshome-my.sharepoint.com%2F%3Au%3A%2Fg%2Fpersonal%2Ffrank_ehlers_xoros-home_de%2FEbxcPPr9qt9GviVsr8nK5DQBoSM69FJ1PaxuIahvFmezVA\" width=\"450\" height=\"450\" frameborder=\"1\" allowfullscreen=\"allowfullscreen\"><span data-mce-type=\"bookmark\" style=\"display: inline-block; width: 0px; overflow: hidden; line-height: 0;\" class=\"mce_SELRES_start\"><\/span><span data-mce-type=\"bookmark\" style=\"display: inline-block; width: 0px; overflow: hidden; line-height: 0;\" class=\"mce_SELRES_start\"><\/span><span data-mce-type=\"bookmark\" style=\"display: inline-block; width: 0px; overflow: hidden; line-height: 0;\" class=\"mce_SELRES_start\"><\/span><span data-mce-type=\"bookmark\" style=\"display: inline-block; width: 0px; overflow: hidden; line-height: 0;\" class=\"mce_SELRES_start\"><\/span><\/iframe><\/p>","protected":false},"excerpt":{"rendered":"<p>La Silen Space 2 es una caja de reuniones de alta calidad con un excelente aislamiento ac\u00fastico (aislamiento ac\u00fastico de clase A). Esto se refleja en las paredes extra gruesas, que tienen un peso comparativamente alto de 670 kg debido a la cantidad de material utilizado.  Sin embargo, el Silen Space 2 puede desplazarse horizontalmente con bastante facilidad gracias a sus ruedas integradas. Otros aspectos destacados son la calidad del aire certificada en el interior y las numerosas opciones de equipamiento:<\/p>\n<ul>\n<li>Dos interiores diferentes (combinaciones de sof\u00e1 y mesa) disponibles<\/li>\n<li>Paneles laterales intercambiables de metal \/ tela \/ chapa de madera aut\u00e9ntica<\/li>\n<li>Varios tejidos y colores para interiores, exteriores, muebles y alfombras<\/li>\n<\/ul>\n<p>En cuanto a las dimensiones, la Silen Space 2 -como su nombre indica- tiene capacidad para dos personas. Sin embargo, las dimensiones son tan generosas que, en teor\u00eda, podr\u00edan caber hasta cuatro personas en la Meeingbox con una separaci\u00f3n entre asientos ligeramente m\u00e1s estrecha (con una anchura de asiento de 58 cm por persona).<\/p>","protected":false},"featured_media":16325,"template":"","meta":{"content-type":"","inline_featured_image":false},"product_brand":[],"product_cat":[159],"product_tag":[132,202],"class_list":{"0":"post-16323","1":"product","2":"type-product","3":"status-publish","4":"has-post-thumbnail","6":"product_cat-meetingbox","7":"product_tag-effizienter-schallschutz","8":"product_tag-hersteller-silen","10":"first","11":"instock","12":"taxable","13":"shipping-taxable","14":"purchasable","15":"product-type-simple"},"_links":{"self":[{"href":"https:\/\/xoros-home.de\/es\/wp-json\/wp\/v2\/product\/16323","targetHints":{"allow":["GET"]}}],"collection":[{"href":"https:\/\/xoros-home.de\/es\/wp-json\/wp\/v2\/product"}],"about":[{"href":"https:\/\/xoros-home.de\/es\/wp-json\/wp\/v2\/types\/product"}],"version-history":[{"count":0,"href":"https:\/\/xoros-home.de\/es\/wp-json\/wp\/v2\/product\/16323\/revisions"}],"wp:featuredmedia":[{"embeddable":true,"href":"https:\/\/xoros-home.de\/es\/wp-json\/wp\/v2\/media\/16325"}],"wp:attachment":[{"href":"https:\/\/xoros-home.de\/es\/wp-json\/wp\/v2\/media?parent=16323"}],"wp:term":[{"taxonomy":"product_brand","embeddable":true,"href":"https:\/\/xoros-home.de\/es\/wp-json\/wp\/v2\/product_brand?post=16323"},{"taxonomy":"product_cat","embeddable":true,"href":"https:\/\/xoros-home.de\/es\/wp-json\/wp\/v2\/product_cat?post=16323"},{"taxonomy":"product_tag","embeddable":true,"href":"https:\/\/xoros-home.de\/es\/wp-json\/wp\/v2\/product_tag?post=16323"}],"curies":[{"name":"wp","href":"https:\/\/api.w.org\/{rel}","templated":true}]}}