{"id":16336,"date":"2025-03-18T12:37:54","date_gmt":"2025-03-18T11:37:54","guid":{"rendered":"https:\/\/xoros-home.de\/?post_type=product&#038;p=16336"},"modified":"2025-03-18T12:37:54","modified_gmt":"2025-03-18T11:37:54","slug":"meetingbox-silen-space-4-silen","status":"publish","type":"product","link":"https:\/\/xoros-home.de\/es\/produkt\/meetingbox-silen-space-4-silen\/","title":{"rendered":"Caja de reuniones Silen Space 4 (Silen)"},"content":{"rendered":"<p><strong>Dimensiones:<\/strong> 2,40 m x 2,42 m x 2,29 m (exterior)<\/p>\n<p><strong>Peso:<\/strong> 1.200 kg<\/p>\n<p><strong>Volumen de suministro est\u00e1ndar:<\/strong><\/p>\n<ul>\n<li>Paneles laterales en blanco, negro o gris plata<\/li>\n<li>Luz LED con detector de presencia<\/li>\n<li>Sistema de ventilaci\u00f3n de aire integrado<\/li>\n<li>Puerta de apertura izquierda o derecha opcional<\/li>\n<li>Paredes laterales interiores con fieltro ac\u00fastico en cuatro colores (gris claro, gris oscuro, negro o arena)<\/li>\n<li>Moqueta en tres colores (gris claro, gris oscuro o negro)<\/li>\n<li>4 tomas de corriente de 230 V en el suelo<\/li>\n<li>Rodillos integrados en el suelo para facilitar el desplazamiento durante el montaje o cuando sea necesario<\/li>\n<\/ul>\n<p><strong>Disponible opcionalmente:<\/strong><\/p>\n<ul>\n<li>Varios colores y materiales para las paredes exteriores (metal, tela, chapa de madera aut\u00e9ntica)<\/li>\n<li>Equipamiento interior:\n<ul>\n<li>1x mesa de altura fija (montada a 0,73 m de altura) con c\u00f3modo sof\u00e1 con respaldo bajo en varias telas\/colores<\/li>\n<li>4 mesas m\u00f3viles para ordenador port\u00e1til (altura 70 cm) con c\u00f3modo sof\u00e1 con respaldo alto en varias telas\/colores<\/li>\n<\/ul>\n<\/li>\n<li>Conexi\u00f3n LAN<\/li>\n<li>Elemento de control de la iluminaci\u00f3n (brillo y temperatura de la luz) y la intensidad de la ventilaci\u00f3n<\/li>\n<li>Soporte para monitor en la pared de cristal trasera<\/li>\n<li>Muchas otras opciones y posibilidades de dise\u00f1o<\/li>\n<\/ul>\n<p><strong>Modular:<\/strong><\/p>\n<ul>\n<li>Un Silen Space 4 puede dividirse en dos m\u00f3dulos Silen Space 2 - todo lo que se necesita es un \"kit de separaci\u00f3n\" que contiene los frentes de cristal adicionales - vea tambi\u00e9n el siguiente v\u00eddeo:<\/li>\n<\/ul>\n<div style=\"width: 800px;\" class=\"wp-video\"><video class=\"wp-video-shortcode\" id=\"video-16336-1\" width=\"800\" height=\"450\" preload=\"metadata\" controls=\"controls\"><source type=\"video\/mp4\" src=\"https:\/\/xoros-home.de\/wp-content\/uploads\/2025\/03\/Silen-Space-Modularitaet-und-Verschiebbarkeit-Meetingbox.mp4?_=1\" \/><a href=\"https:\/\/xoros-home.de\/wp-content\/uploads\/2025\/03\/Silen-Space-Modularitaet-und-Verschiebbarkeit-Meetingbox.mp4\">https:\/\/xoros-home.de\/wp-content\/uploads\/2025\/03\/Silen-Space-Modularitaet-und-Verschiebbarkeit-Meetingbox.mp4<\/a><\/video><\/div>\n<p><strong><br \/>\nModelo 3D:<\/strong><\/p>\n<p><iframe src=\"https:\/\/impress.pcon-solutions.com\/?l=de&amp;embed=https%3A%2F%2Fxoroshome-my.sharepoint.com%2F%3Au%3A%2Fg%2Fpersonal%2Ffrank_ehlers_xoros-home_de%2FEdsHvsC7-DBJgRCQOpw8kmwBpy47XWDIMOjnSLxw-5SRUg\" width=\"450\" height=\"450\" frameborder=\"1\" allowfullscreen=\"allowfullscreen\"><span data-mce-type=\"bookmark\" style=\"display: inline-block; width: 0px; overflow: hidden; line-height: 0;\" class=\"mce_SELRES_start\"><\/span><span data-mce-type=\"bookmark\" style=\"display: inline-block; width: 0px; overflow: hidden; line-height: 0;\" class=\"mce_SELRES_start\"><\/span><span data-mce-type=\"bookmark\" style=\"display: inline-block; width: 0px; overflow: hidden; line-height: 0;\" class=\"mce_SELRES_start\"><\/span><span data-mce-type=\"bookmark\" style=\"display: inline-block; width: 0px; overflow: hidden; line-height: 0;\" class=\"mce_SELRES_start\"><\/span><span data-mce-type=\"bookmark\" style=\"display: inline-block; width: 0px; overflow: hidden; line-height: 0;\" class=\"mce_SELRES_start\"><\/span><\/iframe><\/p>","protected":false},"excerpt":{"rendered":"<p>La Silen Space 4 es una caja de reuniones de alta calidad con un excelente aislamiento ac\u00fastico (aislamiento ac\u00fastico de clase A). Esto se refleja en las paredes extra gruesas, que tienen un peso comparativamente alto de 1.200 kg debido a la cantidad de material utilizado.  Sin embargo, el Silen Space 4 puede desplazarse horizontalmente con facilidad gracias a las ruedas integradas en el suelo, e incluso puede dividirse en dos m\u00f3dulos Silen Space 2 de la mitad de tama\u00f1o si es necesario. Otros aspectos destacados son la calidad del aire certificada en el interior y las numerosas opciones de equipamiento:<\/p>\n<ul>\n<li>Dos interiores diferentes (combinaciones de sof\u00e1 y mesa) disponibles<\/li>\n<li>Paneles laterales intercambiables de metal \/ tela \/ chapa de madera aut\u00e9ntica<\/li>\n<li>Varios tejidos y colores para interiores, exteriores, muebles y alfombras<\/li>\n<\/ul>\n<p>Al contrario de lo que sugiere su nombre, el Silen Space 4 tiene unas dimensiones tan generosas que puede alojar de seis a ocho personas.<\/p>","protected":false},"featured_media":16338,"template":"","meta":{"content-type":"","inline_featured_image":false},"product_brand":[],"product_cat":[159],"product_tag":[132,202],"class_list":{"0":"post-16336","1":"product","2":"type-product","3":"status-publish","4":"has-post-thumbnail","6":"product_cat-meetingbox","7":"product_tag-effizienter-schallschutz","8":"product_tag-hersteller-silen","10":"first","11":"instock","12":"taxable","13":"shipping-taxable","14":"purchasable","15":"product-type-simple"},"_links":{"self":[{"href":"https:\/\/xoros-home.de\/es\/wp-json\/wp\/v2\/product\/16336","targetHints":{"allow":["GET"]}}],"collection":[{"href":"https:\/\/xoros-home.de\/es\/wp-json\/wp\/v2\/product"}],"about":[{"href":"https:\/\/xoros-home.de\/es\/wp-json\/wp\/v2\/types\/product"}],"version-history":[{"count":0,"href":"https:\/\/xoros-home.de\/es\/wp-json\/wp\/v2\/product\/16336\/revisions"}],"wp:featuredmedia":[{"embeddable":true,"href":"https:\/\/xoros-home.de\/es\/wp-json\/wp\/v2\/media\/16338"}],"wp:attachment":[{"href":"https:\/\/xoros-home.de\/es\/wp-json\/wp\/v2\/media?parent=16336"}],"wp:term":[{"taxonomy":"product_brand","embeddable":true,"href":"https:\/\/xoros-home.de\/es\/wp-json\/wp\/v2\/product_brand?post=16336"},{"taxonomy":"product_cat","embeddable":true,"href":"https:\/\/xoros-home.de\/es\/wp-json\/wp\/v2\/product_cat?post=16336"},{"taxonomy":"product_tag","embeddable":true,"href":"https:\/\/xoros-home.de\/es\/wp-json\/wp\/v2\/product_tag?post=16336"}],"curies":[{"name":"wp","href":"https:\/\/api.w.org\/{rel}","templated":true}]}}