{"id":16516,"date":"2024-03-26T12:50:24","date_gmt":"2024-03-26T11:50:24","guid":{"rendered":"https:\/\/xoros-home.de\/?post_type=product&#038;p=16516"},"modified":"2025-04-27T09:31:45","modified_gmt":"2025-04-27T07:31:45","slug":"silla-giratoria-sequel-dauphin","status":"publish","type":"product","link":"https:\/\/xoros-home.de\/es\/produkt\/drehstuhl-sequel-dauphin\/","title":{"rendered":"Silla giratoria Sequel (Dauphin)"},"content":{"rendered":"<p>Versiones configurables de la silla giratoria Sequel:<\/p>\n<ul>\n<li>Respaldo de malla o respaldo tapizado<\/li>\n<li>Ruedas duras o blandas (seleccionables en funci\u00f3n del revestimiento del suelo)<\/li>\n<li>Color del tejido (tipo de tejido \"Polo\") para el asiento o el respaldo (si est\u00e1 tapizado, de lo contrario material de malla en negro)<\/li>\n<\/ul>\n<p>&nbsp;<\/p>\n<p>&nbsp;<\/p>\n<p><strong>Modelo 3D:<\/strong><\/p>\n<p><iframe src=\"https:\/\/impress.pcon-solutions.com\/?l=de&amp;embed=https%3A%2F%2Fxoroshome-my.sharepoint.com%2F%3Au%3A%2Fg%2Fpersonal%2Ffrank_ehlers_xoros-home_de%2FEVbcHPUmztxOpN0qb7NjhVYBxta924gd2jXTwxd35klvng\" width=\"450\" height=\"450\" frameborder=\"1\" allowfullscreen=\"allowfullscreen\"><\/iframe><\/p>\n<p>&nbsp;<\/p>\n<div style=\"border: 1px solid #444444; border-radius: 10px; padding: 10px; max-width: 400px; margin: 20px auto; background-color: #eeeeee; font-size: 12px;\">\n<p><strong>Informaci\u00f3n del fabricante:<\/strong><\/p>\n<p>Dauphin HumanDesign\u00ae Group GmbH &amp; Co. KG<br \/>\nEspanstrasse 36<br \/>\nD-91238 Offenhausen<\/p>\n<p>Tel\u00e9fono +49 9158 17-700<br \/>\nInternet www.dauphin-group.com<br \/>\nCorreo electr\u00f3nico info@dauphin-group.com<\/p>\n<\/div>\n<p>&nbsp;<\/p>","protected":false},"excerpt":{"rendered":"<p>La silla giratoria Sequel es una compa\u00f1era robusta y ergon\u00f3mica para el d\u00eda a d\u00eda en la oficina. Una capacidad de carga de hasta 150 kg y una garant\u00eda del fabricante de 10 a\u00f1os hablan por s\u00ed solas.<\/p>\n<p>Equipada con numerosas caracter\u00edsticas ergon\u00f3micas y opciones de ajuste, como un apoyo lumbar regulable en altura, ajuste de la profundidad del asiento o reposabrazos regulables en altura y anchura, presenta una silueta extremadamente fina tanto con respaldo de malla (modelo \"Sequel Mesh\") como con respaldo tapizado (modelo \"Sequel Operator\").<\/p>","protected":false},"featured_media":16593,"template":"","meta":{"content-type":"","inline_featured_image":false},"product_brand":[],"product_cat":[192,41],"product_tag":[58],"class_list":{"0":"post-16516","1":"product","2":"type-product","3":"status-publish","4":"has-post-thumbnail","6":"product_cat-office-drehstuehle","7":"product_cat-schreibtischstuehle","8":"product_tag-hersteller-dauphin","10":"first","11":"instock","12":"taxable","13":"shipping-taxable","14":"purchasable","15":"product-type-simple"},"_links":{"self":[{"href":"https:\/\/xoros-home.de\/es\/wp-json\/wp\/v2\/product\/16516","targetHints":{"allow":["GET"]}}],"collection":[{"href":"https:\/\/xoros-home.de\/es\/wp-json\/wp\/v2\/product"}],"about":[{"href":"https:\/\/xoros-home.de\/es\/wp-json\/wp\/v2\/types\/product"}],"version-history":[{"count":1,"href":"https:\/\/xoros-home.de\/es\/wp-json\/wp\/v2\/product\/16516\/revisions"}],"predecessor-version":[{"id":16524,"href":"https:\/\/xoros-home.de\/es\/wp-json\/wp\/v2\/product\/16516\/revisions\/16524"}],"wp:featuredmedia":[{"embeddable":true,"href":"https:\/\/xoros-home.de\/es\/wp-json\/wp\/v2\/media\/16593"}],"wp:attachment":[{"href":"https:\/\/xoros-home.de\/es\/wp-json\/wp\/v2\/media?parent=16516"}],"wp:term":[{"taxonomy":"product_brand","embeddable":true,"href":"https:\/\/xoros-home.de\/es\/wp-json\/wp\/v2\/product_brand?post=16516"},{"taxonomy":"product_cat","embeddable":true,"href":"https:\/\/xoros-home.de\/es\/wp-json\/wp\/v2\/product_cat?post=16516"},{"taxonomy":"product_tag","embeddable":true,"href":"https:\/\/xoros-home.de\/es\/wp-json\/wp\/v2\/product_tag?post=16516"}],"curies":[{"name":"wp","href":"https:\/\/api.w.org\/{rel}","templated":true}]}}