{"id":16567,"date":"2025-04-16T15:19:34","date_gmt":"2025-04-16T13:19:34","guid":{"rendered":"https:\/\/xoros-home.de\/?post_type=product&#038;p=16567"},"modified":"2025-04-16T16:44:16","modified_gmt":"2025-04-16T14:44:16","slug":"meetbox-meet-up-xxl-studiobricks","status":"publish","type":"product","link":"https:\/\/xoros-home.de\/es\/produkt\/meetingbox-meet-up-xxl-studiobricks\/","title":{"rendered":"Caja de reuniones MEET-UP XXL (Studiobricks)"},"content":{"rendered":"<p><strong>Modelo 3D:<\/strong><\/p>\n<p>(aqu\u00ed en la variante \"Videollamada MEET-UP-XXL\")<\/p>\n<p><iframe src=\"https:\/\/impress.pcon-solutions.com\/?l=de&amp;embed=https%3A%2F%2Fxoroshome-my.sharepoint.com%2F%3Au%3A%2Fg%2Fpersonal%2Ffrank_ehlers_xoros-home_de%2FEfXQOrD15qdDu3T-lVGmvj8Bkhme5ijbyiz10RH6XcF6VA\" width=\"450\" height=\"450\" frameborder=\"1\" allowfullscreen=\"allowfullscreen\"><span data-mce-type=\"bookmark\" style=\"display: inline-block; width: 0px; overflow: hidden; line-height: 0;\" class=\"mce_SELRES_start\"><\/span><span data-mce-type=\"bookmark\" style=\"display: inline-block; width: 0px; overflow: hidden; line-height: 0;\" class=\"mce_SELRES_start\"><\/span><\/iframe><\/p>","protected":false},"excerpt":{"rendered":"<p>Studiobricks es un fabricante espa\u00f1ol de cabinas insonorizadas que ha crecido con productos especializados para el sector de la m\u00fasica \/ estudio \/ grabaci\u00f3n de audio. La gama original de productos Studiobricks procede, por tanto, de un sector en el que la ac\u00fastica desempe\u00f1a el papel principal y en el que se plantean exigencias de aislamiento ac\u00fastico y calidad de sonido completamente diferentes a las de una oficina convencional. As\u00ed pues, no es de extra\u00f1ar que la gama de oficinas Studiobricks tambi\u00e9n ostente los mejores valores de aislamiento ac\u00fastico del mercado y satisfaga las m\u00e1s altas exigencias.<\/p>\n<p>La serie de modelos MEET-UP-XXL de Studiobricks ofrece diversas opciones de equipamiento para reuniones de hasta seis personas en un espacio de 2,28 x 1,98 metros. Disponemos de las siguientes versiones:<\/p>\n<ul>\n<li>MEET-UP-XXL Est\u00e1ndar: caja de reuni\u00f3n vac\u00eda (el mobiliario debe pedirse por separado)<\/li>\n<li>MEET-UP-XXL Sit: Caja de reuniones con dos bancos tapizados en toda su profundidad y mesa de reuniones a juego<\/li>\n<li>MEET-UP-XXL Ergon\u00f3mica: caja de reuniones con mesa grande de altura regulable el\u00e9ctricamente<\/li>\n<li>Videollamada MEET-UP-XXL: Equipada con mesa y bancos como en la versi\u00f3n \"Sit\", pero adem\u00e1s con un monitor de pantalla t\u00e1ctil a juego con c\u00e1mara integrada.<\/li>\n<\/ul>\n<p>La caja de reuniones MEET-UP-XXL puede configurarse individualmente; otros colores, otros materiales, paneles traseros acristalados, etc. est\u00e1n disponibles por un cargo adicional. Estaremos encantados de asesorarle sobre las opciones que m\u00e1s le interesen.<\/p>","protected":false},"featured_media":16574,"template":"","meta":{"content-type":"","inline_featured_image":false},"product_brand":[],"product_cat":[159],"product_tag":[132,198],"class_list":{"0":"post-16567","1":"product","2":"type-product","3":"status-publish","4":"has-post-thumbnail","6":"product_cat-meetingbox","7":"product_tag-effizienter-schallschutz","8":"product_tag-hersteller-studiobricks","10":"first","11":"instock","12":"taxable","13":"shipping-taxable","14":"purchasable","15":"product-type-simple"},"_links":{"self":[{"href":"https:\/\/xoros-home.de\/es\/wp-json\/wp\/v2\/product\/16567","targetHints":{"allow":["GET"]}}],"collection":[{"href":"https:\/\/xoros-home.de\/es\/wp-json\/wp\/v2\/product"}],"about":[{"href":"https:\/\/xoros-home.de\/es\/wp-json\/wp\/v2\/types\/product"}],"version-history":[{"count":0,"href":"https:\/\/xoros-home.de\/es\/wp-json\/wp\/v2\/product\/16567\/revisions"}],"wp:featuredmedia":[{"embeddable":true,"href":"https:\/\/xoros-home.de\/es\/wp-json\/wp\/v2\/media\/16574"}],"wp:attachment":[{"href":"https:\/\/xoros-home.de\/es\/wp-json\/wp\/v2\/media?parent=16567"}],"wp:term":[{"taxonomy":"product_brand","embeddable":true,"href":"https:\/\/xoros-home.de\/es\/wp-json\/wp\/v2\/product_brand?post=16567"},{"taxonomy":"product_cat","embeddable":true,"href":"https:\/\/xoros-home.de\/es\/wp-json\/wp\/v2\/product_cat?post=16567"},{"taxonomy":"product_tag","embeddable":true,"href":"https:\/\/xoros-home.de\/es\/wp-json\/wp\/v2\/product_tag?post=16567"}],"curies":[{"name":"wp","href":"https:\/\/api.w.org\/{rel}","templated":true}]}}