{"id":16587,"date":"2025-04-24T16:46:42","date_gmt":"2025-04-24T14:46:42","guid":{"rendered":"https:\/\/xoros-home.de\/?post_type=product&#038;p=16587"},"modified":"2025-04-24T16:46:42","modified_gmt":"2025-04-24T14:46:42","slug":"mampara-viteco-assmann-home","status":"publish","type":"product","link":"https:\/\/xoros-home.de\/es\/produkt\/schreibtischtrennwand-viteco-assmann-home\/","title":{"rendered":"Mampara escritorio VITECO (ASSMANN Home)"},"content":{"rendered":"<p>El separador de mesas \"VITECO\" es una soluci\u00f3n pr\u00e1ctica y econ\u00f3mica para separar visualmente las mesas entre s\u00ed o separarlas del espacio abierto. La mampara no s\u00f3lo sirve para proteger la intimidad, sino que tambi\u00e9n absorbe el ruido. Est\u00e1 hecho de fieltro PET con al menos 75% de contenido reciclado.<\/p>\n<p>Con la mampara de escritorio \"VITECO\", puede elegir entre diferentes versiones:<\/p>\n<ul>\n<li>fieltro PET gris claro - color \"Harbor\" o fieltro PET gris oscuro - color \"Sesame<\/li>\n<li>Ancho opcional en 140 cm o 160 cm (cada uno de 56 cm de alto)<\/li>\n<li>Pr\u00e1ctica pinza de mesa en tres colores (negro, blanco y aluminio)<\/li>\n<\/ul>\n<p>&nbsp;<\/p>\n<p><iframe src=\"https:\/\/impress.pcon-solutions.com\/?l=de&amp;embed=https%3A%2F%2Fxoroshome-my.sharepoint.com%2F%3Au%3A%2Fg%2Fpersonal%2Ffrank_ehlers_xoros-home_de%2FEdP7uPTdtyBPpfbGG4UE9TcBs0ERl9ctZcyBEZ2NI1o9Ag\" width=\"450\" height=\"450\" frameborder=\"1\" allowfullscreen=\"allowfullscreen\"><span data-mce-type=\"bookmark\" style=\"display: inline-block; width: 0px; overflow: hidden; line-height: 0;\" class=\"mce_SELRES_start\"><\/span><\/iframe>,<\/p>\n<div style=\"border: 1px solid #444444; border-radius: 10px; padding: 10px; max-width: 400px; margin: 20px auto; background-color: #eeeeee; font-size: 12px;\">\n<p><strong>Informaci\u00f3n del fabricante:<\/strong><\/p>\n<p>ASSMANN B\u00fcrom\u00f6bel GmbH &amp; Co. KG<\/p>\n<p>Heinrich Assmann-Stra\u00dfe 11<br \/>\n49324 Melle \/ Alemania<\/p>\n<p>Tel\u00e9fono: +49 (0) 5422 706-0<br \/>\nCorreo electr\u00f3nico: assmann@assmann.de<\/p>\n<\/div>\n<p>&nbsp;<\/p>","protected":false},"excerpt":{"rendered":"<ul>\n<li><strong>Tabique de escritorio:<\/strong> Pantalla de privacidad y aislamiento ac\u00fastico en uno: m\u00e1s tranquilidad e intimidad en el lugar de trabajo<\/li>\n<li><strong>Compatible con:<\/strong> <a href=\"https:\/\/xoros-home.de\/es\/productos-de-oficina-en-casa\/escritorio-electrico-regulable-en-altura-y-line-assmann-home\/\">Escritorio de altura regulable el\u00e9ctricamente Y-Line (ASSMANN Home)<\/a><\/li>\n<li><strong>Dimensiones<\/strong>140 cm de ancho o 160 cm de ancho, 56 cm de alto, 1,2 cm de grosor.<\/li>\n<\/ul>","protected":false},"featured_media":16590,"template":"","meta":{"content-type":"","inline_featured_image":false},"product_brand":[],"product_cat":[189,64],"product_tag":[203,108,113],"class_list":{"0":"post-16587","1":"product","2":"type-product","3":"status-publish","4":"has-post-thumbnail","6":"product_cat-office-schreibtische","7":"product_cat-zubehoer","8":"product_tag-hersteller-assmann-home","9":"product_tag-made-in-germany","10":"product_tag-schnelle-lieferung","12":"first","13":"instock","14":"taxable","15":"shipping-taxable","16":"purchasable","17":"product-type-simple"},"_links":{"self":[{"href":"https:\/\/xoros-home.de\/es\/wp-json\/wp\/v2\/product\/16587","targetHints":{"allow":["GET"]}}],"collection":[{"href":"https:\/\/xoros-home.de\/es\/wp-json\/wp\/v2\/product"}],"about":[{"href":"https:\/\/xoros-home.de\/es\/wp-json\/wp\/v2\/types\/product"}],"version-history":[{"count":0,"href":"https:\/\/xoros-home.de\/es\/wp-json\/wp\/v2\/product\/16587\/revisions"}],"wp:featuredmedia":[{"embeddable":true,"href":"https:\/\/xoros-home.de\/es\/wp-json\/wp\/v2\/media\/16590"}],"wp:attachment":[{"href":"https:\/\/xoros-home.de\/es\/wp-json\/wp\/v2\/media?parent=16587"}],"wp:term":[{"taxonomy":"product_brand","embeddable":true,"href":"https:\/\/xoros-home.de\/es\/wp-json\/wp\/v2\/product_brand?post=16587"},{"taxonomy":"product_cat","embeddable":true,"href":"https:\/\/xoros-home.de\/es\/wp-json\/wp\/v2\/product_cat?post=16587"},{"taxonomy":"product_tag","embeddable":true,"href":"https:\/\/xoros-home.de\/es\/wp-json\/wp\/v2\/product_tag?post=16587"}],"curies":[{"name":"wp","href":"https:\/\/api.w.org\/{rel}","templated":true}]}}