{"id":5045,"date":"2022-01-24T18:09:56","date_gmt":"2022-01-24T17:09:56","guid":{"rendered":"https:\/\/xoros-home.de\/?post_type=product&#038;p=5045"},"modified":"2023-11-06T16:26:13","modified_gmt":"2023-11-06T15:26:13","slug":"ply-vertiko-mueller-small-living","status":"publish","type":"product","link":"https:\/\/xoros-home.de\/es\/produkt\/ply-vertiko-mueller-small-living\/","title":{"rendered":"Armario de pared Ply Vertiko (M\u00fcller Small Living)"},"content":{"rendered":"","protected":false},"excerpt":{"rendered":"<p>El secreter de pared \"Ply\" de la serie Vertiko de M\u00fcller Small Living es una soluci\u00f3n inteligente para oficinas dom\u00e9sticas con espacio limitado. El secreter consta de tres estantes y una amplia encimera plegable. Montado en la pared, el secreter puede ajustarse individualmente a la altura adecuada.<\/p>\n<p><strong>Dimensiones: <\/strong>Altura 740 mm, anchura 740 mm, profundidad 350 mm<\/p>\n<p><strong>Material: <\/strong>Madera contrachapada de abedul de 18 mm, recubierta con un revestimiento CPL de gran durabilidad<\/p>\n<p><strong>Colores:<\/strong> antracita, blanco<\/p>\n<p>&nbsp;<\/p>\n<p>&nbsp;<\/p>","protected":false},"featured_media":5048,"template":"","meta":{"content-type":"","inline_featured_image":false},"product_brand":[],"product_cat":[40,39],"product_tag":[49,51,45],"class_list":{"0":"post-5045","1":"product","2":"type-product","3":"status-publish","4":"has-post-thumbnail","6":"product_cat-schreibtische","7":"product_cat-moebel","8":"product_tag-hersteller-mueller-small-living","9":"product_tag-klappbar","10":"product_tag-platzsparend","12":"first","13":"instock","14":"taxable","15":"shipping-taxable","16":"purchasable","17":"product-type-simple"},"_links":{"self":[{"href":"https:\/\/xoros-home.de\/es\/wp-json\/wp\/v2\/product\/5045","targetHints":{"allow":["GET"]}}],"collection":[{"href":"https:\/\/xoros-home.de\/es\/wp-json\/wp\/v2\/product"}],"about":[{"href":"https:\/\/xoros-home.de\/es\/wp-json\/wp\/v2\/types\/product"}],"version-history":[{"count":1,"href":"https:\/\/xoros-home.de\/es\/wp-json\/wp\/v2\/product\/5045\/revisions"}],"predecessor-version":[{"id":5123,"href":"https:\/\/xoros-home.de\/es\/wp-json\/wp\/v2\/product\/5045\/revisions\/5123"}],"wp:featuredmedia":[{"embeddable":true,"href":"https:\/\/xoros-home.de\/es\/wp-json\/wp\/v2\/media\/5048"}],"wp:attachment":[{"href":"https:\/\/xoros-home.de\/es\/wp-json\/wp\/v2\/media?parent=5045"}],"wp:term":[{"taxonomy":"product_brand","embeddable":true,"href":"https:\/\/xoros-home.de\/es\/wp-json\/wp\/v2\/product_brand?post=5045"},{"taxonomy":"product_cat","embeddable":true,"href":"https:\/\/xoros-home.de\/es\/wp-json\/wp\/v2\/product_cat?post=5045"},{"taxonomy":"product_tag","embeddable":true,"href":"https:\/\/xoros-home.de\/es\/wp-json\/wp\/v2\/product_tag?post=5045"}],"curies":[{"name":"wp","href":"https:\/\/api.w.org\/{rel}","templated":true}]}}