{"id":5126,"date":"2022-01-26T16:14:35","date_gmt":"2022-01-26T15:14:35","guid":{"rendered":"https:\/\/xoros-home.de\/?post_type=product&#038;p=5126"},"modified":"2024-02-23T12:17:26","modified_gmt":"2024-02-23T11:17:26","slug":"capisco-puls-8010-hag","status":"publish","type":"product","link":"https:\/\/xoros-home.de\/es\/produkt\/capisco-puls-8010-hag\/","title":{"rendered":"Capisco Puls 8010 (H\u00c5G)"},"content":{"rendered":"","protected":false},"excerpt":{"rendered":"<p>La gama Capisco es el buque insignia de la marca H\u00c5G. Si hubiera que elegir el representante m\u00e1s ejemplar de la categor\u00eda de muebles ergon\u00f3micos para sentarse, la elecci\u00f3n recaer\u00eda probablemente en el Capisco. El dise\u00f1o elegante y el dise\u00f1o ergon\u00f3mico armonizan aqu\u00ed con rara perfecci\u00f3n.<\/p>\n<p>El respaldo y el asiento del Capisco Puls 8010 son de pl\u00e1stico duro. Un coj\u00edn de asiento fijo est\u00e1 incrustado en el asiento.<\/p>","protected":false},"featured_media":5131,"template":"","meta":{"content-type":"","inline_featured_image":false},"product_brand":[],"product_cat":[191,39,41],"product_tag":[44,53],"class_list":{"0":"post-5126","1":"product","2":"type-product","3":"status-publish","4":"has-post-thumbnail","6":"product_cat-homeoffice-design-premium","7":"product_cat-moebel","8":"product_cat-schreibtischstuehle","9":"product_tag-ergonomisch","10":"product_tag-hersteller-hag","12":"first","13":"instock","14":"taxable","15":"shipping-taxable","16":"purchasable","17":"product-type-simple"},"_links":{"self":[{"href":"https:\/\/xoros-home.de\/es\/wp-json\/wp\/v2\/product\/5126","targetHints":{"allow":["GET"]}}],"collection":[{"href":"https:\/\/xoros-home.de\/es\/wp-json\/wp\/v2\/product"}],"about":[{"href":"https:\/\/xoros-home.de\/es\/wp-json\/wp\/v2\/types\/product"}],"version-history":[{"count":0,"href":"https:\/\/xoros-home.de\/es\/wp-json\/wp\/v2\/product\/5126\/revisions"}],"wp:featuredmedia":[{"embeddable":true,"href":"https:\/\/xoros-home.de\/es\/wp-json\/wp\/v2\/media\/5131"}],"wp:attachment":[{"href":"https:\/\/xoros-home.de\/es\/wp-json\/wp\/v2\/media?parent=5126"}],"wp:term":[{"taxonomy":"product_brand","embeddable":true,"href":"https:\/\/xoros-home.de\/es\/wp-json\/wp\/v2\/product_brand?post=5126"},{"taxonomy":"product_cat","embeddable":true,"href":"https:\/\/xoros-home.de\/es\/wp-json\/wp\/v2\/product_cat?post=5126"},{"taxonomy":"product_tag","embeddable":true,"href":"https:\/\/xoros-home.de\/es\/wp-json\/wp\/v2\/product_tag?post=5126"}],"curies":[{"name":"wp","href":"https:\/\/api.w.org\/{rel}","templated":true}]}}