{"id":8307,"date":"2022-06-02T14:05:51","date_gmt":"2022-06-02T12:05:51","guid":{"rendered":"https:\/\/xoros-home.de\/?post_type=product&#038;p=8307"},"modified":"2025-09-09T15:58:49","modified_gmt":"2025-09-09T13:58:49","slug":"taburete-de-pie-a-swift-trendoffice","status":"publish","type":"product","link":"https:\/\/xoros-home.de\/es\/produkt\/stehsitz-hocker-to-swift-trendoffice\/","title":{"rendered":"Asiento\/taburete de pie to-swift (Trendoffice)"},"content":{"rendered":"<p>&nbsp;<\/p>\n<p>&nbsp;<\/p>","protected":false},"excerpt":{"rendered":"<p>Para un trabajo \u00e1gil con un factor de diversi\u00f3n: regulable en altura individualmente y con funci\u00f3n de balanceo, el taburete de bipedestaci\u00f3n \"to-swift\" de Trendoffice es un compa\u00f1ero flexible.<\/p>\n<p>El \"to-swift\" est\u00e1 disponible en seis combinaciones de colores diferentes. La funda de asiento de \"tejido tonal\" est\u00e1 fabricada con botellas de PET recicladas 99% y ha obtenido el certificado Oeko-Tex y la etiqueta ecol\u00f3gica de la UE gracias a su huella ecol\u00f3gica positiva.<\/p>","protected":false},"featured_media":8327,"template":"","meta":{"content-type":"","inline_featured_image":false},"product_brand":[],"product_cat":[190,39,41],"product_tag":[44,106,46,45,113],"class_list":{"0":"post-8307","1":"product","2":"type-product","3":"status-publish","4":"has-post-thumbnail","6":"product_cat-homeoffice-specials","7":"product_cat-moebel","8":"product_cat-schreibtischstuehle","9":"product_tag-ergonomisch","10":"product_tag-hersteller-trendoffice","11":"product_tag-hoehenverstellbar","12":"product_tag-platzsparend","13":"product_tag-schnelle-lieferung","15":"first","16":"instock","17":"taxable","18":"shipping-taxable","19":"purchasable","20":"product-type-variable"},"_links":{"self":[{"href":"https:\/\/xoros-home.de\/es\/wp-json\/wp\/v2\/product\/8307","targetHints":{"allow":["GET"]}}],"collection":[{"href":"https:\/\/xoros-home.de\/es\/wp-json\/wp\/v2\/product"}],"about":[{"href":"https:\/\/xoros-home.de\/es\/wp-json\/wp\/v2\/types\/product"}],"version-history":[{"count":2,"href":"https:\/\/xoros-home.de\/es\/wp-json\/wp\/v2\/product\/8307\/revisions"}],"predecessor-version":[{"id":17089,"href":"https:\/\/xoros-home.de\/es\/wp-json\/wp\/v2\/product\/8307\/revisions\/17089"}],"wp:featuredmedia":[{"embeddable":true,"href":"https:\/\/xoros-home.de\/es\/wp-json\/wp\/v2\/media\/8327"}],"wp:attachment":[{"href":"https:\/\/xoros-home.de\/es\/wp-json\/wp\/v2\/media?parent=8307"}],"wp:term":[{"taxonomy":"product_brand","embeddable":true,"href":"https:\/\/xoros-home.de\/es\/wp-json\/wp\/v2\/product_brand?post=8307"},{"taxonomy":"product_cat","embeddable":true,"href":"https:\/\/xoros-home.de\/es\/wp-json\/wp\/v2\/product_cat?post=8307"},{"taxonomy":"product_tag","embeddable":true,"href":"https:\/\/xoros-home.de\/es\/wp-json\/wp\/v2\/product_tag?post=8307"}],"curies":[{"name":"wp","href":"https:\/\/api.w.org\/{rel}","templated":true}]}}