{"id":8382,"date":"2022-06-13T18:07:22","date_gmt":"2022-06-13T16:07:22","guid":{"rendered":"https:\/\/xoros-home.de\/?post_type=product&#038;p=8382"},"modified":"2024-02-23T10:54:38","modified_gmt":"2024-02-23T09:54:38","slug":"sedesk-inicio-sedus","status":"publish","type":"product","link":"https:\/\/xoros-home.de\/es\/produkt\/sedesk-home-sedus\/","title":{"rendered":"se:escritorio casa (SEDUS)"},"content":{"rendered":"<ul>\n<li>Modelo: Escritorio 1200x700mm<\/li>\n<li>Superficie de melamina resistente<\/li>\n<li>Trabajo sentado o de pie gracias a la regulaci\u00f3n de la altura<\/li>\n<li>Regulaci\u00f3n electromotriz de la altura de 650 mm a 1280 mm<\/li>\n<li>Pantalla de privacidad de fieltro PET sostenible, con estante integrado<\/li>\n<li>Elemento de mando intuitivo, situado en el borde de la mesa<\/li>\n<li>Patines niveladores para nivelar el suelo<\/li>\n<li>Las esquinas redondeadas hacen que el dise\u00f1o sea ligero y moderno<\/li>\n<li>La generosa superficie de la mesa ofrece mucho espacio<\/li>\n<\/ul>\n<p>&nbsp;<\/p>\n<p><img decoding=\"async\" class=\"alignnone size-full wp-image-8678\" src=\"https:\/\/xoros-home.de\/wp-content\/uploads\/2022\/06\/Sedus-Logo200.png\" alt=\"\" width=\"200\" height=\"90\" \/><\/p>","protected":false},"excerpt":{"rendered":"<p>se:desk home es un escritorio moderno y sencillo con regulaci\u00f3n el\u00e9ctrica de la altura. Gracias a sus dimensiones de 120\u00d770 cm, aptas para la oficina en casa, este escritorio compacto tambi\u00e9n encaja en hogares con poco espacio. La balda integrada en el marco de fieltro PET ofrece espacio para bol\u00edgrafos, notas o un calendario. El escritorio de altura regulable el\u00e9ctricamente se adapta a la altura de trabajo del usuario y, por tanto, ofrece el mejor confort ergon\u00f3mico, ya sea sentado o de pie. Gracias a sus dimensiones compactas, el escritorio cabe en cualquier habitaci\u00f3n y tambi\u00e9n ofrece espacio suficiente para equipos t\u00e9cnicos de mayor tama\u00f1o. La estanter\u00eda integrada como segundo nivel es ideal para colocar una pantalla adicional, por ejemplo.<\/p>","protected":false},"featured_media":8392,"template":"","meta":{"content-type":"","inline_featured_image":false},"product_brand":[],"product_cat":[191,39,40],"product_tag":[44,107,46,108,113],"class_list":{"0":"post-8382","1":"product","2":"type-product","3":"status-publish","4":"has-post-thumbnail","6":"product_cat-homeoffice-design-premium","7":"product_cat-moebel","8":"product_cat-schreibtische","9":"product_tag-ergonomisch","10":"product_tag-hersteller-sedus","11":"product_tag-hoehenverstellbar","12":"product_tag-made-in-germany","13":"product_tag-schnelle-lieferung","15":"first","16":"instock","17":"taxable","18":"shipping-taxable","19":"purchasable","20":"product-type-simple"},"_links":{"self":[{"href":"https:\/\/xoros-home.de\/es\/wp-json\/wp\/v2\/product\/8382","targetHints":{"allow":["GET"]}}],"collection":[{"href":"https:\/\/xoros-home.de\/es\/wp-json\/wp\/v2\/product"}],"about":[{"href":"https:\/\/xoros-home.de\/es\/wp-json\/wp\/v2\/types\/product"}],"version-history":[{"count":0,"href":"https:\/\/xoros-home.de\/es\/wp-json\/wp\/v2\/product\/8382\/revisions"}],"wp:featuredmedia":[{"embeddable":true,"href":"https:\/\/xoros-home.de\/es\/wp-json\/wp\/v2\/media\/8392"}],"wp:attachment":[{"href":"https:\/\/xoros-home.de\/es\/wp-json\/wp\/v2\/media?parent=8382"}],"wp:term":[{"taxonomy":"product_brand","embeddable":true,"href":"https:\/\/xoros-home.de\/es\/wp-json\/wp\/v2\/product_brand?post=8382"},{"taxonomy":"product_cat","embeddable":true,"href":"https:\/\/xoros-home.de\/es\/wp-json\/wp\/v2\/product_cat?post=8382"},{"taxonomy":"product_tag","embeddable":true,"href":"https:\/\/xoros-home.de\/es\/wp-json\/wp\/v2\/product_tag?post=8382"}],"curies":[{"name":"wp","href":"https:\/\/api.w.org\/{rel}","templated":true}]}}