{"id":8410,"date":"2022-06-13T18:32:38","date_gmt":"2022-06-13T16:32:38","guid":{"rendered":"https:\/\/xoros-home.de\/?post_type=product&#038;p=8410"},"modified":"2024-02-23T12:16:14","modified_gmt":"2024-02-23T11:16:14","slug":"silla-giratoria-semotion-net-sedus","status":"publish","type":"product","link":"https:\/\/xoros-home.de\/es\/produkt\/drehstuhl-semotion-net-sedus\/","title":{"rendered":"Silla giratoria se:motion net (SEDUS)"},"content":{"rendered":"<ul>\n<li>El modelo con tapicer\u00eda negra y membrana en diferentes colores es atemporal y chic<\/li>\n<li>Concepto \u00fanico de movimiento cinem\u00e1tico que no requiere ajuste de la presi\u00f3n del respaldo<\/li>\n<li>Ajuste de altura continuo y reposabrazos ajustables en altura opcionales<\/li>\n<li>C\u00f3modo coj\u00edn de asiento y membrana de punto aireada en el respaldo para una experiencia de asiento acogedora<\/li>\n<li>Amplio \u00e1ngulo de apertura hacia atr\u00e1s<\/li>\n<li>\u00a0Ruedas universales para todos los revestimientos de suelo<\/li>\n<\/ul>\n<p>&nbsp;<\/p>\n<p><img decoding=\"async\" class=\"alignnone size-full wp-image-8678\" src=\"https:\/\/xoros-home.de\/wp-content\/uploads\/2022\/06\/Sedus-Logo200.png\" alt=\"\" width=\"200\" height=\"90\" \/><\/p>","protected":false},"excerpt":{"rendered":"<p>La silla giratoria se:motion net impresiona por su lenguaje de dise\u00f1o y su membrana de punto permeable al aire. Tiene exactamente la ligereza necesaria para trabajar de forma espont\u00e1nea y flexible. El exclusivo concepto de movimiento cinem\u00e1tico garantiza una comodidad de asiento probada sin necesidad de ajustes. se:motion net es adecuada para puestos de trabajo de oficina cl\u00e1sicos, zonas de co-working y oficinas dom\u00e9sticas.<\/p>","protected":false},"featured_media":8411,"template":"","meta":{"content-type":"","inline_featured_image":false},"product_brand":[],"product_cat":[192,39,41],"product_tag":[112,44,107,108,113],"class_list":{"0":"post-8410","1":"product","2":"type-product","3":"status-publish","4":"has-post-thumbnail","6":"product_cat-office-drehstuehle","7":"product_cat-moebel","8":"product_cat-schreibtischstuehle","9":"product_tag-einfache-selbstmontage","10":"product_tag-ergonomisch","11":"product_tag-hersteller-sedus","12":"product_tag-made-in-germany","13":"product_tag-schnelle-lieferung","15":"first","16":"instock","17":"taxable","18":"shipping-taxable","19":"purchasable","20":"product-type-simple"},"_links":{"self":[{"href":"https:\/\/xoros-home.de\/es\/wp-json\/wp\/v2\/product\/8410","targetHints":{"allow":["GET"]}}],"collection":[{"href":"https:\/\/xoros-home.de\/es\/wp-json\/wp\/v2\/product"}],"about":[{"href":"https:\/\/xoros-home.de\/es\/wp-json\/wp\/v2\/types\/product"}],"version-history":[{"count":0,"href":"https:\/\/xoros-home.de\/es\/wp-json\/wp\/v2\/product\/8410\/revisions"}],"wp:featuredmedia":[{"embeddable":true,"href":"https:\/\/xoros-home.de\/es\/wp-json\/wp\/v2\/media\/8411"}],"wp:attachment":[{"href":"https:\/\/xoros-home.de\/es\/wp-json\/wp\/v2\/media?parent=8410"}],"wp:term":[{"taxonomy":"product_brand","embeddable":true,"href":"https:\/\/xoros-home.de\/es\/wp-json\/wp\/v2\/product_brand?post=8410"},{"taxonomy":"product_cat","embeddable":true,"href":"https:\/\/xoros-home.de\/es\/wp-json\/wp\/v2\/product_cat?post=8410"},{"taxonomy":"product_tag","embeddable":true,"href":"https:\/\/xoros-home.de\/es\/wp-json\/wp\/v2\/product_tag?post=8410"}],"curies":[{"name":"wp","href":"https:\/\/api.w.org\/{rel}","templated":true}]}}