{"id":8453,"date":"2022-06-16T16:49:40","date_gmt":"2022-06-16T14:49:40","guid":{"rendered":"https:\/\/xoros-home.de\/?post_type=product&#038;p=8453"},"modified":"2024-02-23T12:15:50","modified_gmt":"2024-02-23T11:15:50","slug":"capisco-puls-8020-negro-gris-oscuro-hag","status":"publish","type":"product","link":"https:\/\/xoros-home.de\/es\/produkt\/capisco-puls-8020-schwarz-dunkelgrau-hag\/","title":{"rendered":"Capisco Puls 8020 negro-gris oscuro (H\u00c5G)"},"content":{"rendered":"<p>H\u00c5G CAPISCO PULS 8020 - ACOLCHADO EXTRA PARA MAYOR COMODIDAD<\/p>\n<ul>\n<li>PL\u00c1STICO Negro PL100<\/li>\n<li>MARCO Negro MC011<\/li>\n<li>RESORTE DE GAS Resorte de gas 200 mm LI002<\/li>\n<li>CRUZ DE PIE Aluminio G3 FB034<\/li>\n<li>ROLLER Ruedas blandas para suelos duros CA006<\/li>\n<li>ESPUMA - Est\u00e1ndar FC001<\/li>\n<li>SELECCI\u00d3N DE TEJIDOS Capture gris oscuro (Gabriel) CPT4601<\/li>\n<\/ul>\n<p>&nbsp;<\/p>\n<p><strong>Informaci\u00f3n sobre la selecci\u00f3n de tejidos:<\/strong><\/p>\n<p>Capture es un tejido de lana ligeramente afieltrado y multicolor que combina comodidad, elasticidad y durabilidad. Los colores claros y oscuros se funden para crear un fino estampado m\u00e9lange en sutiles matices que confieren al dise\u00f1o un aspecto sofisticado y profundidad.<\/p>","protected":false},"excerpt":{"rendered":"<p>La gama Capisco es el buque insignia de la marca H\u00c5G. El modelo CAPISCO PULS 8020 es una silla de pl\u00e1stico con asiento y respaldo de silla de montar. Adem\u00e1s <strong>Alfombrilla de asiento<\/strong> garantiza una mayor comodidad. El asiento del sill\u00edn es regulable en altura, desde posiciones de trabajo bajas a elevadas y semiparadas. Esto le permite moverse libremente y seguir sentado de forma c\u00f3moda y equilibrada. La profundidad del asiento y la altura del respaldo son regulables. El \u00e1ngulo de inclinaci\u00f3n puede ajustarse y bloquearse.<\/p>\n<p>La configuraci\u00f3n que se ofrece aqu\u00ed combina un<strong> negro<\/strong> Respaldo de pl\u00e1stico, <strong>Marco negro<\/strong> y base de estrella negra con <strong>cubierta gris oscuro<\/strong> de lana de Nueva Zelanda 85 % y poliamida 15 %.<\/p>","protected":false},"featured_media":8456,"template":"","meta":{"content-type":"","inline_featured_image":false},"product_brand":[],"product_cat":[191,39,41],"product_tag":[112,44,53],"class_list":{"0":"post-8453","1":"product","2":"type-product","3":"status-publish","4":"has-post-thumbnail","6":"product_cat-homeoffice-design-premium","7":"product_cat-moebel","8":"product_cat-schreibtischstuehle","9":"product_tag-einfache-selbstmontage","10":"product_tag-ergonomisch","11":"product_tag-hersteller-hag","13":"first","14":"instock","15":"taxable","16":"shipping-taxable","17":"purchasable","18":"product-type-simple"},"_links":{"self":[{"href":"https:\/\/xoros-home.de\/es\/wp-json\/wp\/v2\/product\/8453","targetHints":{"allow":["GET"]}}],"collection":[{"href":"https:\/\/xoros-home.de\/es\/wp-json\/wp\/v2\/product"}],"about":[{"href":"https:\/\/xoros-home.de\/es\/wp-json\/wp\/v2\/types\/product"}],"version-history":[{"count":1,"href":"https:\/\/xoros-home.de\/es\/wp-json\/wp\/v2\/product\/8453\/revisions"}],"predecessor-version":[{"id":8728,"href":"https:\/\/xoros-home.de\/es\/wp-json\/wp\/v2\/product\/8453\/revisions\/8728"}],"wp:featuredmedia":[{"embeddable":true,"href":"https:\/\/xoros-home.de\/es\/wp-json\/wp\/v2\/media\/8456"}],"wp:attachment":[{"href":"https:\/\/xoros-home.de\/es\/wp-json\/wp\/v2\/media?parent=8453"}],"wp:term":[{"taxonomy":"product_brand","embeddable":true,"href":"https:\/\/xoros-home.de\/es\/wp-json\/wp\/v2\/product_brand?post=8453"},{"taxonomy":"product_cat","embeddable":true,"href":"https:\/\/xoros-home.de\/es\/wp-json\/wp\/v2\/product_cat?post=8453"},{"taxonomy":"product_tag","embeddable":true,"href":"https:\/\/xoros-home.de\/es\/wp-json\/wp\/v2\/product_tag?post=8453"}],"curies":[{"name":"wp","href":"https:\/\/api.w.org\/{rel}","templated":true}]}}