{"id":8475,"date":"2022-06-17T15:19:25","date_gmt":"2022-06-17T13:19:25","guid":{"rendered":"https:\/\/xoros-home.de\/?post_type=product&#038;p=8475"},"modified":"2024-02-23T10:53:19","modified_gmt":"2024-02-23T09:53:19","slug":"eliot-negro-con-tablero-de-diseno-eliot-blanco","status":"publish","type":"product","link":"https:\/\/xoros-home.de\/es\/produkt\/eliot-black-mit-tischplatte-design-white-eliot\/","title":{"rendered":"Eliot Negro - con tablero de dise\u00f1o Blanco (ELIOT)"},"content":{"rendered":"<p>El \"Eliot Original\" viene con un marco negro y un tablero blanco. El tablero Eliot tiene la <strong>Grosor 19 mm\u00a0<\/strong>y es un aglomerado. El\u00a0<strong>La superficie es mate<\/strong>\u00a0con un\u00a0<strong>Revestimiento de melamina.<\/strong><br \/>\nLa circunferencia<strong>\u00a0La ventaja del ABS en los multicines\u00a0<\/strong>protege la placa, forma<strong>\u00a0Sin junta de suciedad\u00a0<\/strong>y crea un aspecto hogare\u00f1o y vivo.<\/p>\n<p>Este modelo se suministra sin organizaci\u00f3n de cables.<\/p>\n<p><strong>Nota: <\/strong>Todas las mesas Eliot son <strong>para el autoensamblaje<\/strong> entregado. Aqu\u00ed encontrar\u00e1 un v\u00eddeo con instrucciones de montaje: <a href=\"https:\/\/www.youtube.com\/watch?v=gvgcowEKFAw\" target=\"_blank\" rel=\"noopener\">https:\/\/www.youtube.com\/watch?v=gvgcowEKFAw<\/a>.<\/p>","protected":false},"excerpt":{"rendered":"<p>\u00a1Eliot es \u00fanico! Impresiona por su dise\u00f1o ic\u00f3nico, su tecnolog\u00eda inteligente y su personalidad inteligente.<\/p>\n<p>El escritorio Eliot de altura regulable est\u00e1 disponible en<strong> 2 tama\u00f1os <\/strong>disponibles: 120\u00d770 y 140x70 cm. La columna redonda de 3 segmentos contiene <strong>dos<\/strong>\u00a0<b>Moto potente<\/b><strong>ren<\/strong>lo que significa que la altura de la mesa de\u00a0<b>m\u00edn. 65 cm<\/b>\u00a0<b>y m\u00e1x. 130 cm<\/b>\u00a0se puede variar. Todo es infinitamente variable, suave, r\u00e1pido y silencioso y con un seguro\u00a0<strong>Protecci\u00f3n contra colisiones<\/strong>.<\/p>\n<p>El Smartcontroller tambi\u00e9n est\u00e1 incluido: la pantalla le muestra la altura de la mesa, memoriza sus alturas de pie y sentado y le ayuda a estar m\u00e1s de pie si lo desea. El ajuste de altura puede bloquearse mediante la funci\u00f3n de bloqueo de seguridad.<\/p>\n<p>&nbsp;<\/p>","protected":false},"featured_media":8479,"template":"","meta":{"content-type":"","inline_featured_image":false},"product_brand":[],"product_cat":[190,39,40],"product_tag":[112,44,111,46,113],"class_list":{"0":"post-8475","1":"product","2":"type-product","3":"status-publish","4":"has-post-thumbnail","6":"product_cat-homeoffice-specials","7":"product_cat-moebel","8":"product_cat-schreibtische","9":"product_tag-einfache-selbstmontage","10":"product_tag-ergonomisch","11":"product_tag-hersteller-eliot","12":"product_tag-hoehenverstellbar","13":"product_tag-schnelle-lieferung","15":"first","16":"instock","17":"taxable","18":"shipping-taxable","19":"purchasable","20":"product-type-simple"},"_links":{"self":[{"href":"https:\/\/xoros-home.de\/es\/wp-json\/wp\/v2\/product\/8475","targetHints":{"allow":["GET"]}}],"collection":[{"href":"https:\/\/xoros-home.de\/es\/wp-json\/wp\/v2\/product"}],"about":[{"href":"https:\/\/xoros-home.de\/es\/wp-json\/wp\/v2\/types\/product"}],"version-history":[{"count":1,"href":"https:\/\/xoros-home.de\/es\/wp-json\/wp\/v2\/product\/8475\/revisions"}],"predecessor-version":[{"id":8483,"href":"https:\/\/xoros-home.de\/es\/wp-json\/wp\/v2\/product\/8475\/revisions\/8483"}],"wp:featuredmedia":[{"embeddable":true,"href":"https:\/\/xoros-home.de\/es\/wp-json\/wp\/v2\/media\/8479"}],"wp:attachment":[{"href":"https:\/\/xoros-home.de\/es\/wp-json\/wp\/v2\/media?parent=8475"}],"wp:term":[{"taxonomy":"product_brand","embeddable":true,"href":"https:\/\/xoros-home.de\/es\/wp-json\/wp\/v2\/product_brand?post=8475"},{"taxonomy":"product_cat","embeddable":true,"href":"https:\/\/xoros-home.de\/es\/wp-json\/wp\/v2\/product_cat?post=8475"},{"taxonomy":"product_tag","embeddable":true,"href":"https:\/\/xoros-home.de\/es\/wp-json\/wp\/v2\/product_tag?post=8475"}],"curies":[{"name":"wp","href":"https:\/\/api.w.org\/{rel}","templated":true}]}}