{"id":8484,"date":"2022-06-17T15:45:53","date_gmt":"2022-06-17T13:45:53","guid":{"rendered":"https:\/\/xoros-home.de\/?post_type=product&#038;p=8484"},"modified":"2024-02-23T11:48:59","modified_gmt":"2024-02-23T10:48:59","slug":"silla-de-oficina-de-malla-de-hecho-en-negro-dauphin","status":"publish","type":"product","link":"https:\/\/xoros-home.de\/es\/produkt\/buerostuhl-indeed-mesh-in-schwarz-dauphin\/","title":{"rendered":"Silla de oficina Indeed Mesh en negro (Dauphin)"},"content":{"rendered":"<p><strong>Caracter\u00edsticas del producto:<\/strong><\/p>\n<p>Tecnolog\u00eda: Syncro-Evolution<\/p>\n<p>Inclinaci\u00f3n del asiento: inclinaci\u00f3n del asiento preseleccionable<\/p>\n<p>Profundidad del asiento: ajuste de la profundidad del asiento (8 cm) mediante asiento deslizante<\/p>\n<p>Color del modelo\/piezas de pl\u00e1stico: negro grafito (RAL 9011)<\/p>\n<p>Reposabrazos: 2F, almohadillas blandas de PU, soportes de pl\u00e1stico negro<\/p>\n<p>Base: Tipo H, pl\u00e1stico negro grafito (RAL 9011)<\/p>\n<p>Altura del asiento\/muelle de gas: ~40-52 cm; negro<\/p>\n<p>Ruedas: Ruedas blandas (\u00d8 60 mm) para suelos duros, negras<\/p>\n<p>Asiento: 077.033 (P) Polo negro<\/p>\n<p>Dorso: 180.033 Drive negro<\/p>\n<p>Forma de env\u00edo: parcialmente desmontado en caja de cart\u00f3n<\/p>\n<p>F\u00e1cil automontaje para todos: el dise\u00f1o de la silla se ha reducido al m\u00ednimo posible de componentes individuales y permite un montaje sin herramientas en 2 minutos.<\/p>\n<div style=\"width: 548px;\" class=\"wp-video\"><video class=\"wp-video-shortcode\" id=\"video-8484-1\" width=\"548\" height=\"778\" poster=\"https:\/\/xoros-home.de\/wp-content\/uploads\/2022\/06\/Vorschaubild-Aufbauvideo-Indeed.jpg\" preload=\"metadata\" controls=\"controls\"><source type=\"video\/mp4\" src=\"https:\/\/xoros-home.de\/wp-content\/uploads\/2022\/06\/Indeed.-Die-Aufbauanleitung.mp4?_=1\" \/><a href=\"https:\/\/xoros-home.de\/wp-content\/uploads\/2022\/06\/Indeed.-Die-Aufbauanleitung.mp4\">https:\/\/xoros-home.de\/wp-content\/uploads\/2022\/06\/Indeed.-Die-Aufbauanleitung.mp4<\/a><\/video><\/div>\n<p>&nbsp;<\/p>","protected":false},"excerpt":{"rendered":"<p>Efectivamente silla giratoria de rejilla con respaldo de rejilla regulable en altura (Easy-Touch-System) del fabricante alem\u00e1n de primera calidad \"Dauphin\".<\/p>","protected":false},"featured_media":13016,"template":"","meta":{"content-type":"","inline_featured_image":false},"product_brand":[],"product_cat":[192,190,39,41],"product_tag":[112,44,58,46,113],"class_list":{"0":"post-8484","1":"product","2":"type-product","3":"status-publish","4":"has-post-thumbnail","6":"product_cat-office-drehstuehle","7":"product_cat-homeoffice-specials","8":"product_cat-moebel","9":"product_cat-schreibtischstuehle","10":"product_tag-einfache-selbstmontage","11":"product_tag-ergonomisch","12":"product_tag-hersteller-dauphin","13":"product_tag-hoehenverstellbar","14":"product_tag-schnelle-lieferung","16":"first","17":"instock","18":"taxable","19":"shipping-taxable","20":"purchasable","21":"product-type-simple"},"_links":{"self":[{"href":"https:\/\/xoros-home.de\/es\/wp-json\/wp\/v2\/product\/8484","targetHints":{"allow":["GET"]}}],"collection":[{"href":"https:\/\/xoros-home.de\/es\/wp-json\/wp\/v2\/product"}],"about":[{"href":"https:\/\/xoros-home.de\/es\/wp-json\/wp\/v2\/types\/product"}],"version-history":[{"count":1,"href":"https:\/\/xoros-home.de\/es\/wp-json\/wp\/v2\/product\/8484\/revisions"}],"predecessor-version":[{"id":8488,"href":"https:\/\/xoros-home.de\/es\/wp-json\/wp\/v2\/product\/8484\/revisions\/8488"}],"wp:featuredmedia":[{"embeddable":true,"href":"https:\/\/xoros-home.de\/es\/wp-json\/wp\/v2\/media\/13016"}],"wp:attachment":[{"href":"https:\/\/xoros-home.de\/es\/wp-json\/wp\/v2\/media?parent=8484"}],"wp:term":[{"taxonomy":"product_brand","embeddable":true,"href":"https:\/\/xoros-home.de\/es\/wp-json\/wp\/v2\/product_brand?post=8484"},{"taxonomy":"product_cat","embeddable":true,"href":"https:\/\/xoros-home.de\/es\/wp-json\/wp\/v2\/product_cat?post=8484"},{"taxonomy":"product_tag","embeddable":true,"href":"https:\/\/xoros-home.de\/es\/wp-json\/wp\/v2\/product_tag?post=8484"}],"curies":[{"name":"wp","href":"https:\/\/api.w.org\/{rel}","templated":true}]}}