{"id":8489,"date":"2022-06-17T17:25:40","date_gmt":"2022-06-17T15:25:40","guid":{"rendered":"https:\/\/xoros-home.de\/?post_type=product&#038;p=8489"},"modified":"2024-02-23T11:48:15","modified_gmt":"2024-02-23T10:48:15","slug":"silla-giratoria-sejoy-sedus","status":"publish","type":"product","link":"https:\/\/xoros-home.de\/es\/produkt\/drehstuhl-sejoy-sedus\/","title":{"rendered":"Silla giratoria se:joy (SEDUS)"},"content":{"rendered":"<ul>\n<li>Modelo: Silla giratoria con ruedas<\/li>\n<li>Regulaci\u00f3n de la altura del asiento mediante resorte de gas con suspensi\u00f3n mec\u00e1nica en profundidad (390 - 510 mm)<\/li>\n<li>Mecanismo de balanceo: de 4\u00b0 a 7\u00b0 (bloqueable)<\/li>\n<li>Innovadora funda de punto de dos zonas<\/li>\n<li>Reposabrazos ergon\u00f3micos<\/li>\n<li>Ruedas universales para todos los revestimientos de suelo<\/li>\n<li>Peso del usuario recomendado hasta un m\u00e1ximo de 130 kg<\/li>\n<\/ul>\n<p>&nbsp;<\/p>\n<p><img decoding=\"async\" class=\"alignnone size-full wp-image-8678\" src=\"https:\/\/xoros-home.de\/wp-content\/uploads\/2022\/06\/Sedus-Logo200.png\" alt=\"\" width=\"200\" height=\"90\" \/><\/p>","protected":false},"excerpt":{"rendered":"<p>se:joy es una silla de oficina con un fuerte car\u00e1cter para el despacho en casa. Las l\u00edneas armoniosas y un lenguaje de dise\u00f1o que toma prestado de la naturaleza llaman inmediatamente la atenci\u00f3n. La exclusiva funda de punto est\u00e1 dividida en dos zonas: La funda del respaldo se amolda activamente a la espalda. El asiento, por su parte, tiene una estructura de soporte que evita que se hunda, incluso con un uso prolongado.<\/p>","protected":false},"featured_media":8493,"template":"","meta":{"content-type":"","inline_featured_image":false},"product_brand":[],"product_cat":[41,39,192],"product_tag":[112,44,107,108,113],"class_list":{"0":"post-8489","1":"product","2":"type-product","3":"status-publish","4":"has-post-thumbnail","6":"product_cat-schreibtischstuehle","7":"product_cat-moebel","8":"product_cat-office-drehstuehle","9":"product_tag-einfache-selbstmontage","10":"product_tag-ergonomisch","11":"product_tag-hersteller-sedus","12":"product_tag-made-in-germany","13":"product_tag-schnelle-lieferung","15":"first","16":"instock","17":"taxable","18":"shipping-taxable","19":"purchasable","20":"product-type-simple"},"_links":{"self":[{"href":"https:\/\/xoros-home.de\/es\/wp-json\/wp\/v2\/product\/8489","targetHints":{"allow":["GET"]}}],"collection":[{"href":"https:\/\/xoros-home.de\/es\/wp-json\/wp\/v2\/product"}],"about":[{"href":"https:\/\/xoros-home.de\/es\/wp-json\/wp\/v2\/types\/product"}],"version-history":[{"count":0,"href":"https:\/\/xoros-home.de\/es\/wp-json\/wp\/v2\/product\/8489\/revisions"}],"wp:featuredmedia":[{"embeddable":true,"href":"https:\/\/xoros-home.de\/es\/wp-json\/wp\/v2\/media\/8493"}],"wp:attachment":[{"href":"https:\/\/xoros-home.de\/es\/wp-json\/wp\/v2\/media?parent=8489"}],"wp:term":[{"taxonomy":"product_brand","embeddable":true,"href":"https:\/\/xoros-home.de\/es\/wp-json\/wp\/v2\/product_brand?post=8489"},{"taxonomy":"product_cat","embeddable":true,"href":"https:\/\/xoros-home.de\/es\/wp-json\/wp\/v2\/product_cat?post=8489"},{"taxonomy":"product_tag","embeddable":true,"href":"https:\/\/xoros-home.de\/es\/wp-json\/wp\/v2\/product_tag?post=8489"}],"curies":[{"name":"wp","href":"https:\/\/api.w.org\/{rel}","templated":true}]}}